{"id":260,"date":"2019-06-24T08:30:41","date_gmt":"2019-06-24T08:30:41","guid":{"rendered":"http:\/\/pending.chiwava.com\/?post_type=product&#038;p=260"},"modified":"2023-10-08T05:55:43","modified_gmt":"2023-10-08T05:55:43","slug":"ctm00143-ac-48pcs","status":"publish","type":"product","link":"https:\/\/www.chiwava.com\/fr\/produit\/ctm00143-ac-48pcs\/","title":{"rendered":"Chiwava Lot de 45 balles en plastique pour chat de 4,1 cm avec cloche"},"content":{"rendered":"<p>Les balles en plastique Chiwava avec Jingle sont plus qu&#039;un simple jouet en plastique. Des balles en plastique solide avec une surface lisse, un roulement facile et rapide, ne vous ennuieront pas lorsque vous jouerez avec votre chat, chaque balle a une petite clochette \u00e0 l&#039;int\u00e9rieur qui rend ce jouet plus attrayant. 45 boules en plastique de couleurs vives avec un motif en treillis et une cloche \u00e0 l&#039;int\u00e9rieur rendront votre petit ami toujours occup\u00e9. Les balles en plastique Chiwava sont id\u00e9ales pour le jeu interactif ou ind\u00e9pendant, elles sont l\u00e9g\u00e8res, il est donc facile de les rouler et de les chasser. Ce jouet sera utile pour les chats actifs qui aiment courir et jouer toute la journ\u00e9e. Excellente offre quoi de mieux si votre petit gars aime cacher ses jouets partout. Vous pouvez le donner pour jouer un par un, ou tous ensemble pour vous amuser davantage. Le poids l\u00e9ger et la surface lisse font de ce jouet un roulement rapide et facile, sp\u00e9cialement con\u00e7u pour les chats \u00e0 haute \u00e9nergie.<\/p>","protected":false},"excerpt":{"rendered":"<p><a href=\"https:\/\/www.chiwava.com\/fr\/boutique-de-marque\/\"><img loading=\"lazy\" decoding=\"async\" class=\"alignnone size-medium wp-image-94\" src=\"https:\/\/www.chiwava.com\/wp-content\/uploads\/2019\/06\/Amazon-300x73.png\" alt=\"\" width=\"300\" height=\"73\" srcset=\"https:\/\/www.chiwava.com\/wp-content\/uploads\/2019\/06\/Amazon-300x73.png 300w, https:\/\/www.chiwava.com\/wp-content\/uploads\/2019\/06\/Amazon.png 364w\" sizes=\"auto, (max-width: 300px) 100vw, 300px\" \/><\/a><br \/>\nChiwava Lot de 45 balles pour chat de 4,1 cm avec cloche en plastique treillis Jingle Balls Chaton Chase Pounce Hochet Jouet Couleur assortie<\/p>\n<hr \/>\n<ul class=\"a-unordered-list a-vertical a-spacing-none\">\n<li><span class=\"a-list-item\">Les chats adorent chasser et bondir sur ces balles qui tintent.<\/span><\/li>\n<li><span class=\"a-list-item\">Les jouets pour chat Lattice Ball sont faits de plastique dur color\u00e9, avec une clochette attrayante \u00e0 l&#039;int\u00e9rieur.<\/span><\/li>\n<li><span class=\"a-list-item\">Id\u00e9al pour secouer, hochet et rouler, apportez plus de plaisir au divertissement de votre animal de compagnie.<\/span><\/li>\n<li><span class=\"a-list-item\">Contenu : 45 pi\u00e8ces par grande bo\u00eete (comme le montre l&#039;image). Couleur al\u00e9atoire. Poids : 280g.<\/span><\/li>\n<\/ul>\n<p> \u2026 <span class=\"more-button\"><a href=\"https:\/\/www.chiwava.com\/fr\/produit\/ctm00143-ac-48pcs\/\" class=\"more-link\">Continuer<span class=\"screen-reader-text\">Chiwava Lot de 45 balles en plastique pour chat de 4,1 cm avec cloche<\/span><\/a><\/span><\/p>","protected":false},"featured_media":75988,"template":"","meta":[],"product_brand":[],"product_cat":[17,15],"product_tag":[33,34],"class_list":{"0":"post-260","1":"product","2":"type-product","3":"status-publish","4":"has-post-thumbnail","6":"product_cat-cat_toys","7":"product_cat-pet_toys","8":"product_tag-cat-toy-balls","9":"product_tag-cat-toys-for-adult","11":"first","12":"instock","13":"shipping-taxable","14":"product-type-simple"},"_links":{"self":[{"href":"https:\/\/www.chiwava.com\/fr\/wp-json\/wp\/v2\/product\/260","targetHints":{"allow":["GET"]}}],"collection":[{"href":"https:\/\/www.chiwava.com\/fr\/wp-json\/wp\/v2\/product"}],"about":[{"href":"https:\/\/www.chiwava.com\/fr\/wp-json\/wp\/v2\/types\/product"}],"wp:featuredmedia":[{"embeddable":true,"href":"https:\/\/www.chiwava.com\/fr\/wp-json\/wp\/v2\/media\/75988"}],"wp:attachment":[{"href":"https:\/\/www.chiwava.com\/fr\/wp-json\/wp\/v2\/media?parent=260"}],"wp:term":[{"taxonomy":"product_brand","embeddable":true,"href":"https:\/\/www.chiwava.com\/fr\/wp-json\/wp\/v2\/product_brand?post=260"},{"taxonomy":"product_cat","embeddable":true,"href":"https:\/\/www.chiwava.com\/fr\/wp-json\/wp\/v2\/product_cat?post=260"},{"taxonomy":"product_tag","embeddable":true,"href":"https:\/\/www.chiwava.com\/fr\/wp-json\/wp\/v2\/product_tag?post=260"}],"curies":[{"name":"wp","href":"https:\/\/api.w.org\/{rel}","templated":true}]}}