{"id":255,"date":"2019-06-24T08:28:06","date_gmt":"2019-06-24T08:28:06","guid":{"rendered":"http:\/\/pending.chiwava.com\/?post_type=product&#038;p=255"},"modified":"2023-10-08T05:56:10","modified_gmt":"2023-10-08T05:56:10","slug":"ctm00140-ac-48pcs","status":"publish","type":"product","link":"https:\/\/www.chiwava.com\/fr\/produit\/ctm00140-ac-48pcs\/","title":{"rendered":"Chiwava Lot de 48 balles en plastique bruyantes pour chat avec cloche"},"content":{"rendered":"<p>Chiwava 48 boules en plastique de couleurs vives avec des trous ou des cloches \u00e0 l&#039;int\u00e9rieur rendront votre petit gars toujours occup\u00e9. 8 mod\u00e8les diff\u00e9rents ne vous laisseront pas ennuy\u00e9. Le poids l\u00e9ger et la surface lisse rendent ce jouet rapide et facile \u00e0 rouler, sp\u00e9cialement con\u00e7u pour les chats \u00e0 haute \u00e9nergie. Un m\u00e9lange de balles de taille moyenne et de petite taille peut \u00eatre utilis\u00e9 pour les chats adultes et les chatons. Les balles sont fabriqu\u00e9es \u00e0 partir de plastique solide, ce qui les rend plus durables, un roulement facile et rapide rendra votre chat plus excit\u00e9 et int\u00e9ress\u00e9.<\/p>","protected":false},"excerpt":{"rendered":"<p><a href=\"https:\/\/www.chiwava.com\/fr\/boutique-de-marque\/\"><img loading=\"lazy\" decoding=\"async\" class=\"alignnone size-medium wp-image-94\" src=\"https:\/\/www.chiwava.com\/wp-content\/uploads\/2019\/06\/Amazon-300x73.png\" alt=\"\" width=\"300\" height=\"73\" srcset=\"https:\/\/www.chiwava.com\/wp-content\/uploads\/2019\/06\/Amazon-300x73.png 300w, https:\/\/www.chiwava.com\/wp-content\/uploads\/2019\/06\/Amazon.png 364w\" sizes=\"auto, (max-width: 300px) 100vw, 300px\" \/><\/a><a href=\"\/fr\/boutique-de-marque\/\"><img loading=\"lazy\" decoding=\"async\" class=\"alignnone size-medium wp-image-94\" src=\"http:\/\/pending.chiwava.com\/wp-content\/uploads\/2019\/06\/Amazon-300x73.png\" alt=\"\" width=\"300\" height=\"73\" srcset=\"https:\/\/www.chiwava.com\/wp-content\/uploads\/2019\/06\/Amazon-300x73.png 300w, https:\/\/www.chiwava.com\/wp-content\/uploads\/2019\/06\/Amazon.png 364w\" sizes=\"auto, (max-width: 300px) 100vw, 300px\" \/><\/a><br \/>\nChiwava Lot de 48 balles en plastique bruyantes pour chat avec cloche pour chaton Chase Toy 8 types de couleurs assorties<\/p>\n<hr \/>\n<ul class=\"a-unordered-list a-vertical a-spacing-none\">\n<li><span class=\"a-list-item\">Les balles SOLIDES et LISSES sont fabriqu\u00e9es \u00e0 partir de plastique solide, ce qui les rend plus durables, la surface lisse a de petits trous. Un roulement tr\u00e8s facile et rapide rendra votre chat plus excit\u00e9 et int\u00e9ress\u00e9.<\/span><\/li>\n<li><span class=\"a-list-item\">COLOR\u00c9 et JINGLY Des couleurs vives m\u00e9lang\u00e9es et 8 motifs diff\u00e9rents dans une bo\u00eete ne vous ennuieront pas lorsque vous jouerez avec votre chat, chaque balle a une petite clochette \u00e0 l&#039;int\u00e9rieur qui rend ce jouet plus attrayant qu&#039;une simple balle en plastique.<\/span><\/li>\n<li><span class=\"a-list-item\">Plus qu&#039;assez de 45 balles en plastique Chiwava dans une seule bo\u00eete, quoi de mieux si votre petit gars aime cacher ses jouets partout. Vous pouvez le donner pour jouer un par un, ou tous ensemble pour vous amuser davantage.<\/span><\/li>\n<li><span class=\"a-list-item\">ROLLING and CHASING Les balles en plastique Chiwava sont id\u00e9ales pour le jeu interactif ou ind\u00e9pendant, elles sont l\u00e9g\u00e8res, il est donc facile de les rouler et de les chasser. Ce jouet sera utile pour les chats actifs qui aiment courir et jouer toute la journ\u00e9e.<\/span><\/li>\n<li><span class=\"a-list-item\">L&#039;ensemble de balles en plastique CAT and KITTEN Chiwava a des tailles mixtes et est l\u00e9ger, il peut donc \u00eatre utilis\u00e9 pour les chats et chatons adultes.<\/span><\/li>\n<\/ul>\n<p> \u2026 <span class=\"more-button\"><a href=\"https:\/\/www.chiwava.com\/fr\/produit\/ctm00140-ac-48pcs\/\" class=\"more-link\">Continuer<span class=\"screen-reader-text\">Chiwava Lot de 48 balles en plastique bruyantes pour chat avec cloche<\/span><\/a><\/span><\/p>","protected":false},"featured_media":75804,"template":"","meta":[],"product_brand":[],"product_cat":[17,15],"product_tag":[33,34],"class_list":{"0":"post-255","1":"product","2":"type-product","3":"status-publish","4":"has-post-thumbnail","6":"product_cat-cat_toys","7":"product_cat-pet_toys","8":"product_tag-cat-toy-balls","9":"product_tag-cat-toys-for-adult","11":"first","12":"instock","13":"shipping-taxable","14":"product-type-simple"},"_links":{"self":[{"href":"https:\/\/www.chiwava.com\/fr\/wp-json\/wp\/v2\/product\/255","targetHints":{"allow":["GET"]}}],"collection":[{"href":"https:\/\/www.chiwava.com\/fr\/wp-json\/wp\/v2\/product"}],"about":[{"href":"https:\/\/www.chiwava.com\/fr\/wp-json\/wp\/v2\/types\/product"}],"wp:featuredmedia":[{"embeddable":true,"href":"https:\/\/www.chiwava.com\/fr\/wp-json\/wp\/v2\/media\/75804"}],"wp:attachment":[{"href":"https:\/\/www.chiwava.com\/fr\/wp-json\/wp\/v2\/media?parent=255"}],"wp:term":[{"taxonomy":"product_brand","embeddable":true,"href":"https:\/\/www.chiwava.com\/fr\/wp-json\/wp\/v2\/product_brand?post=255"},{"taxonomy":"product_cat","embeddable":true,"href":"https:\/\/www.chiwava.com\/fr\/wp-json\/wp\/v2\/product_cat?post=255"},{"taxonomy":"product_tag","embeddable":true,"href":"https:\/\/www.chiwava.com\/fr\/wp-json\/wp\/v2\/product_tag?post=255"}],"curies":[{"name":"wp","href":"https:\/\/api.w.org\/{rel}","templated":true}]}}