{"id":2341,"date":"2020-08-20T06:02:23","date_gmt":"2020-08-20T06:02:23","guid":{"rendered":"https:\/\/www.chiwava.com\/?post_type=product&#038;p=2341"},"modified":"2025-11-11T08:51:25","modified_gmt":"2025-11-11T08:51:25","slug":"ctm12004-17pcs","status":"publish","type":"product","link":"https:\/\/www.chiwava.com\/fr\/produit\/ctm12004-17pcs\/","title":{"rendered":"Chiwava Lot de 17 jouets pour chat de No\u00ebl"},"content":{"rendered":"<p>Ensemble de jouets pour chat de No\u00ebl Chiwava de 17 jouets diff\u00e9rents. Il y a des souris, des plumes, des jouets en peluche, une cloche, un hochet et des boules froiss\u00e9es dans un sac de No\u00ebl et une bo\u00eete de No\u00ebl adapt\u00e9s aux cadeaux. Contient une vari\u00e9t\u00e9 de sons, de mat\u00e9riaux et de fonctionnalit\u00e9s que les chats aiment. Sp\u00e9cialement con\u00e7u pour les activit\u00e9s, les jouets interactifs et de No\u00ebl. Stimulez les instincts ludiques naturels de votre chat, offrez-lui des heures de plaisir et d&#039;exercice. Parfait pour les cadeaux de No\u00ebl de votre ami \u00e0 quatre pattes.<\/p>","protected":false},"excerpt":{"rendered":"<p><a href=\"https:\/\/www.chiwava.com\/fr\/boutique-de-marque\/\"><img loading=\"lazy\" decoding=\"async\" class=\"alignnone size-medium wp-image-94\" src=\"https:\/\/www.chiwava.com\/wp-content\/uploads\/2019\/06\/Amazon-300x73.png\" alt=\"\" width=\"300\" height=\"73\" srcset=\"https:\/\/www.chiwava.com\/wp-content\/uploads\/2019\/06\/Amazon-300x73.png 300w, https:\/\/www.chiwava.com\/wp-content\/uploads\/2019\/06\/Amazon.png 364w\" sizes=\"auto, (max-width: 300px) 100vw, 300px\" \/><\/a><\/p>\n<p>CHIWAVA 17 Pack Christmas Cat Toy Bag Set Assorted Toys Variety Pack Kitten Interactive Play<\/p>\n<hr \/>\n<p>\u2764 Chiwava Cat Christmas Box Bag Set included 17 Various Toys of ball, mice and plush toy.<\/p>\n<p>\u2764<span class=\"a-list-item\">These interactive cat toys are made from Plush, Plastic, EVA and PP Cotton which are pet-safe and non-toxic materials.<\/span><\/p>\n<p>\u2764 Variety Toy peut faire un son de cloche, de hochet, de froissement. il offre des heures d&#039;exercice et d&#039;auto-amusement \u00e0 votre chat.<\/p>\n<p>\u2764 Chats n\u00e9s actifs et ludiques, ces jouets amusants encourageront l&#039;instinct naturel d&#039;un chat \u00e0 traquer, chasser, bondir et chauve-souris.<\/p>\n<p>\u2764 <span class=\"a-list-item\">Christmas box packaging, perfect presents for your cat at Christmas or Holiday. Two types of product random delivery.<\/span> \u2026 <span class=\"more-button\"><a href=\"https:\/\/www.chiwava.com\/fr\/produit\/ctm12004-17pcs\/\" class=\"more-link\">Continuer<span class=\"screen-reader-text\">Chiwava Lot de 17 jouets pour chat de No\u00ebl<\/span><\/a><\/span><\/p>","protected":false},"featured_media":78235,"template":"","meta":[],"product_brand":[],"product_cat":[17,15],"product_tag":[80,79,78],"class_list":{"0":"post-2341","1":"product","2":"type-product","3":"status-publish","4":"has-post-thumbnail","6":"product_cat-cat_toys","7":"product_cat-pet_toys","8":"product_tag-cat-christmas-gifts","9":"product_tag-cat-toy-stockings-christmas","10":"product_tag-christmas-cat-toys","12":"first","13":"instock","14":"shipping-taxable","15":"purchasable","16":"product-type-simple"},"_links":{"self":[{"href":"https:\/\/www.chiwava.com\/fr\/wp-json\/wp\/v2\/product\/2341","targetHints":{"allow":["GET"]}}],"collection":[{"href":"https:\/\/www.chiwava.com\/fr\/wp-json\/wp\/v2\/product"}],"about":[{"href":"https:\/\/www.chiwava.com\/fr\/wp-json\/wp\/v2\/types\/product"}],"wp:featuredmedia":[{"embeddable":true,"href":"https:\/\/www.chiwava.com\/fr\/wp-json\/wp\/v2\/media\/78235"}],"wp:attachment":[{"href":"https:\/\/www.chiwava.com\/fr\/wp-json\/wp\/v2\/media?parent=2341"}],"wp:term":[{"taxonomy":"product_brand","embeddable":true,"href":"https:\/\/www.chiwava.com\/fr\/wp-json\/wp\/v2\/product_brand?post=2341"},{"taxonomy":"product_cat","embeddable":true,"href":"https:\/\/www.chiwava.com\/fr\/wp-json\/wp\/v2\/product_cat?post=2341"},{"taxonomy":"product_tag","embeddable":true,"href":"https:\/\/www.chiwava.com\/fr\/wp-json\/wp\/v2\/product_tag?post=2341"}],"curies":[{"name":"wp","href":"https:\/\/api.w.org\/{rel}","templated":true}]}}