{"id":206,"date":"2019-06-24T08:20:01","date_gmt":"2019-06-24T08:20:01","guid":{"rendered":"http:\/\/pending.chiwava.com\/?post_type=product&#038;p=206"},"modified":"2026-03-27T03:09:21","modified_gmt":"2026-03-27T03:09:21","slug":"dtl19032","status":"publish","type":"product","link":"https:\/\/www.chiwava.com\/fr\/produit\/dtl19032\/","title":{"rendered":"Chiwava Lot de 3 petits jouets pour chiens de No\u00ebl"},"content":{"rendered":"<p>Chiwava sp\u00e9cial JOYEUX NO\u00cbL SET. Nos jouets sont fabriqu\u00e9s \u00e0 partir de latex naturel, NON TOXIQUE. Le rev\u00eatement du jouet est agr\u00e9able au toucher et doux, facile \u00e0 nettoyer. Les jouets sont livr\u00e9s dans un ensemble de trois pi\u00e8ces de No\u00ebl amusantes et color\u00e9es (bonhomme de neige, p\u00e8re No\u00ebl et cerf). Les jouets ont une forme longue et un ventre rond, car le mat\u00e9riau en caoutchouc peut s&#039;\u00e9tirer et tirer sans le casser, ont un petit couineur qui \u00e9met un son attrayant lorsque vous le pressez. Ce jouet est bon pour jouer \u00e0 la maison et a un poids l\u00e9ger pour que vous puissiez facilement le transporter \u00e0 l&#039;ext\u00e9rieur.<\/p>","protected":false},"excerpt":{"rendered":"<p><a href=\"https:\/\/www.chiwava.com\/fr\/boutique-de-marque\/\"><img loading=\"lazy\" decoding=\"async\" class=\"alignnone size-medium wp-image-94\" src=\"https:\/\/www.chiwava.com\/wp-content\/uploads\/2019\/06\/Amazon-300x73.png\" alt=\"\" width=\"300\" height=\"73\" srcset=\"https:\/\/www.chiwava.com\/wp-content\/uploads\/2019\/06\/Amazon-300x73.png 300w, https:\/\/www.chiwava.com\/wp-content\/uploads\/2019\/06\/Amazon.png 364w\" sizes=\"auto, (max-width: 300px) 100vw, 300px\" \/><\/a><br \/>\nChiwava Lot de 3 petits jouets pour chiens de No\u00ebl pour chiens interactifs Latex Squeaky Santa Toy<\/p>\n<hr \/>\n<p>\u2764 Fabriqu\u00e9 avec du caoutchouc latex non toxique, crit\u00e8re de d\u00e9tection EU CE EN71 (Jouets)<\/p>\n<p>\u2764 Doux, Squeeze Squeak, B\u00e2ton debout, Pas de rembourrage<\/p>\n<p>\u2764 Son de mastication interactif pour chiens et jeu de r\u00e9cup\u00e9ration \u00e0 l&#039;int\u00e9rieur en plein air<\/p>\n<p>\u2764 Trois jouets diff\u00e9rents avec le P\u00e8re No\u00ebl, le bonhomme de neige et le cerf avec des visages mignons et un ventre amusant. Contenu : 3 pi\u00e8ces par sac en filet ; Poids 1PC: 39g<\/p>\n<p>\u2764 Id\u00e9al comme cadeau de vacances, convient aux petits chiens - Moins de 11 kg (24,25 lb)\u2026 <span class=\"more-button\"><a href=\"https:\/\/www.chiwava.com\/fr\/produit\/dtl19032\/\" class=\"more-link\">Continuer<span class=\"screen-reader-text\">Chiwava Lot de 3 petits jouets pour chiens de No\u00ebl<\/span><\/a><\/span><\/p>","protected":false},"featured_media":76258,"template":"","meta":[],"product_brand":[],"product_cat":[16,286,15],"product_tag":[30,21,18,20],"class_list":{"0":"post-206","1":"product","2":"type-product","3":"status-publish","4":"has-post-thumbnail","6":"product_cat-dog_toys","7":"product_cat-latex-dog-toys","8":"product_cat-pet_toys","9":"product_tag-christmas-dog-toys","10":"product_tag-latex-dog-toys","11":"product_tag-small-dog-toys","12":"product_tag-squeaky-dog-toys","14":"first","15":"instock","16":"shipping-taxable","17":"product-type-simple"},"_links":{"self":[{"href":"https:\/\/www.chiwava.com\/fr\/wp-json\/wp\/v2\/product\/206","targetHints":{"allow":["GET"]}}],"collection":[{"href":"https:\/\/www.chiwava.com\/fr\/wp-json\/wp\/v2\/product"}],"about":[{"href":"https:\/\/www.chiwava.com\/fr\/wp-json\/wp\/v2\/types\/product"}],"wp:featuredmedia":[{"embeddable":true,"href":"https:\/\/www.chiwava.com\/fr\/wp-json\/wp\/v2\/media\/76258"}],"wp:attachment":[{"href":"https:\/\/www.chiwava.com\/fr\/wp-json\/wp\/v2\/media?parent=206"}],"wp:term":[{"taxonomy":"product_brand","embeddable":true,"href":"https:\/\/www.chiwava.com\/fr\/wp-json\/wp\/v2\/product_brand?post=206"},{"taxonomy":"product_cat","embeddable":true,"href":"https:\/\/www.chiwava.com\/fr\/wp-json\/wp\/v2\/product_cat?post=206"},{"taxonomy":"product_tag","embeddable":true,"href":"https:\/\/www.chiwava.com\/fr\/wp-json\/wp\/v2\/product_tag?post=206"}],"curies":[{"name":"wp","href":"https:\/\/api.w.org\/{rel}","templated":true}]}}