{"id":1714,"date":"2020-07-02T07:36:03","date_gmt":"2020-07-02T07:36:03","guid":{"rendered":"https:\/\/www.chiwava.com\/?post_type=product&#038;p=1714"},"modified":"2023-10-08T05:45:58","modified_gmt":"2023-10-08T05:45:58","slug":"ctb12001-12pcs","status":"publish","type":"product","link":"https:\/\/www.chiwava.com\/fr\/produit\/ctb12001-12pcs\/","title":{"rendered":"Chiwava Lot de 12 balles en mousse souple pour chat de 4,1 cm"},"content":{"rendered":"<p>Chiwava caoutchouc mousse sport chat jouet balle toucher doux et sp\u00e9cialement con\u00e7u pour l&#039;activit\u00e9, le jeu interactif et silencieux. Votre chat peut facilement rouler et chasser la balle la nuit sans faire de bruit et ne vous emp\u00eachera pas de dormir toute la nuit. Les balles sont l\u00e9g\u00e8res et rebondissantes, faciles \u00e0 transporter, \u00e0 chasser et \u00e0 chasser, peuvent rebondir et lancer dans les airs lorsqu&#039;elles sont frapp\u00e9es ou frapp\u00e9es. stimulez les instincts ludiques naturels de votre chat, offrez-lui des heures de plaisir et d&#039;exercice.<\/p>","protected":false},"excerpt":{"rendered":"<p><a href=\"https:\/\/www.chiwava.com\/fr\/boutique-de-marque\/\"><img loading=\"lazy\" decoding=\"async\" class=\"alignnone size-medium wp-image-94\" src=\"https:\/\/www.chiwava.com\/wp-content\/uploads\/2019\/06\/Amazon-300x73.png\" alt=\"\" width=\"300\" height=\"73\" srcset=\"https:\/\/www.chiwava.com\/wp-content\/uploads\/2019\/06\/Amazon-300x73.png 300w, https:\/\/www.chiwava.com\/wp-content\/uploads\/2019\/06\/Amazon.png 364w\" sizes=\"auto, (max-width: 300px) 100vw, 300px\" \/><\/a><\/p>\n<p>Chiwava Lot de 12 1,6 pouces en mousse souple pour chat jouet balle \u00e9ponge balles de sport chaton jouet interactif couleur assortie<\/p>\n<hr \/>\n<p>\u2764 Fabriqu\u00e9 en mousse souple non toxique, crit\u00e8re de d\u00e9tection EU CE EN71 (Jouets).<\/p>\n<p>\u2764 Doux et l\u00e9ger, facile \u00e0 transporter ou \u00e0 lancer dans les airs.<\/p>\n<p>\u2764 La boule de chat silencieuse et sans bruit ne peut pas perturber votre sommeil.<\/p>\n<p>\u2764 12 balles par paquet, y compris le basket-ball, le football, le tennis et le golf.<\/p>\n<p>\u2764 id\u00e9al pour les jouets interactifs, d&#039;exercice, de frappe, d&#039;entra\u00eenement et d&#039;activit\u00e9, offre du plaisir et du divertissement aux chats. \u2026 <span class=\"more-button\"><a href=\"https:\/\/www.chiwava.com\/fr\/produit\/ctb12001-12pcs\/\" class=\"more-link\">Continuer<span class=\"screen-reader-text\">Chiwava Lot de 12 balles en mousse souple pour chat de 4,1 cm<\/span><\/a><\/span><\/p>","protected":false},"featured_media":75850,"template":"","meta":[],"product_brand":[],"product_cat":[17,15],"product_tag":[63,42,32],"class_list":{"0":"post-1714","1":"product","2":"type-product","3":"status-publish","4":"has-post-thumbnail","6":"product_cat-cat_toys","7":"product_cat-pet_toys","8":"product_tag-cat-toys-ball","9":"product_tag-cat-toys-bulk","10":"product_tag-soft-cat-toys","12":"first","13":"instock","14":"shipping-taxable","15":"product-type-simple"},"_links":{"self":[{"href":"https:\/\/www.chiwava.com\/fr\/wp-json\/wp\/v2\/product\/1714","targetHints":{"allow":["GET"]}}],"collection":[{"href":"https:\/\/www.chiwava.com\/fr\/wp-json\/wp\/v2\/product"}],"about":[{"href":"https:\/\/www.chiwava.com\/fr\/wp-json\/wp\/v2\/types\/product"}],"wp:featuredmedia":[{"embeddable":true,"href":"https:\/\/www.chiwava.com\/fr\/wp-json\/wp\/v2\/media\/75850"}],"wp:attachment":[{"href":"https:\/\/www.chiwava.com\/fr\/wp-json\/wp\/v2\/media?parent=1714"}],"wp:term":[{"taxonomy":"product_brand","embeddable":true,"href":"https:\/\/www.chiwava.com\/fr\/wp-json\/wp\/v2\/product_brand?post=1714"},{"taxonomy":"product_cat","embeddable":true,"href":"https:\/\/www.chiwava.com\/fr\/wp-json\/wp\/v2\/product_cat?post=1714"},{"taxonomy":"product_tag","embeddable":true,"href":"https:\/\/www.chiwava.com\/fr\/wp-json\/wp\/v2\/product_tag?post=1714"}],"curies":[{"name":"wp","href":"https:\/\/api.w.org\/{rel}","templated":true}]}}