{"id":1704,"date":"2020-06-24T08:34:11","date_gmt":"2020-06-24T08:34:11","guid":{"rendered":"https:\/\/www.chiwava.com\/?post_type=product&#038;p=1704"},"modified":"2023-10-08T05:46:33","modified_gmt":"2023-10-08T05:46:33","slug":"ctm12003-2pcs","status":"publish","type":"product","link":"https:\/\/www.chiwava.com\/fr\/produit\/ctm12003-2pcs\/","title":{"rendered":"Chiwava Lot de 2 jouets pour chat en peluche avec herbe \u00e0 chat et cloche"},"content":{"rendered":"<p>C&#039;est l&#039;apparence con\u00e7ue par Lili, un jouet en peluche pour chat fabriqu\u00e9 par Chiwava. Nous avons fait un grand corps de 5,9 pouces (15 cm) pour les souris, bourr\u00e9 le corps avec une peluche douce et fait un sac sur l&#039;abdomen pour retirer l&#039;herbe \u00e0 chat librement. Il s&#039;agit d&#039;une souris jouet d&#039;int\u00e9rieur pour chat qui peut interagir ou accompagner le chat pour dormir.<\/p>","protected":false},"excerpt":{"rendered":"<p><a href=\"https:\/\/www.chiwava.com\/fr\/boutique-de-marque\/\"><img loading=\"lazy\" decoding=\"async\" class=\"alignnone size-medium wp-image-94\" src=\"https:\/\/www.chiwava.com\/wp-content\/uploads\/2019\/06\/Amazon-300x73.png\" alt=\"\" width=\"300\" height=\"73\" srcset=\"https:\/\/www.chiwava.com\/wp-content\/uploads\/2019\/06\/Amazon-300x73.png 300w, https:\/\/www.chiwava.com\/wp-content\/uploads\/2019\/06\/Amazon.png 364w\" sizes=\"auto, (max-width: 300px) 100vw, 300px\" \/><\/a><\/p>\n<p>Chiwava Lot de 2 jouets pour chat en peluche avec herbe \u00e0 chat de 5,9 pouces Souris avec cloche Petite souris jouet d&#039;activit\u00e9<\/p>\n<hr \/>\n<p>\u2764 Fabriqu\u00e9 avec du coton rembourr\u00e9 \u00e0 l&#039;int\u00e9rieur, peluche douce \u00e0 fourrure \u00e0 l&#039;ext\u00e9rieur.<br \/>\n\u2764 Contient des souris Catnip naturelles 100%, crit\u00e8re de d\u00e9tection EU CE EN71 (Jouets).<br \/>\n\u2764 Catnips et Bell Design, peuvent \u00eatre retir\u00e9s ou mis en place. Faites appel aux instincts naturels de votre chat et \u00e0 une excitation suppl\u00e9mentaire.<br \/>\n\u2764 Les oreilles et les pieds du jouet ont des papiers mylar \u00e0 l&#039;int\u00e9rieur qui peuvent \u00e9mettre un bruit de bruissement, parfaitement dimensionn\u00e9s pour battre et transporter. Jeu d&#039;entra\u00eenement d&#039;exercice amusant.<br \/>\n\u2764 Contenu : lot de 2\/sac, id\u00e9al pour les m\u00e9nages interactifs en int\u00e9rieur et les jouets d&#039;activit\u00e9. \u2026 <span class=\"more-button\"><a href=\"https:\/\/www.chiwava.com\/fr\/produit\/ctm12003-2pcs\/\" class=\"more-link\">Continuer<span class=\"screen-reader-text\">Chiwava Lot de 2 jouets pour chat en peluche avec herbe \u00e0 chat et cloche<\/span><\/a><\/span><\/p>","protected":false},"featured_media":75931,"template":"","meta":[],"product_brand":[],"product_cat":[17,15],"product_tag":[25,45,53,60],"class_list":{"0":"post-1704","1":"product","2":"type-product","3":"status-publish","4":"has-post-thumbnail","6":"product_cat-cat_toys","7":"product_cat-pet_toys","8":"product_tag-cat-toys-mice","9":"product_tag-catnip-cat-toys-mice","10":"product_tag-plush-cat-toys","11":"product_tag-remove-term-cat-toy-with-bell-cat-toy-with-bell","13":"first","14":"instock","15":"shipping-taxable","16":"product-type-simple"},"_links":{"self":[{"href":"https:\/\/www.chiwava.com\/fr\/wp-json\/wp\/v2\/product\/1704","targetHints":{"allow":["GET"]}}],"collection":[{"href":"https:\/\/www.chiwava.com\/fr\/wp-json\/wp\/v2\/product"}],"about":[{"href":"https:\/\/www.chiwava.com\/fr\/wp-json\/wp\/v2\/types\/product"}],"wp:featuredmedia":[{"embeddable":true,"href":"https:\/\/www.chiwava.com\/fr\/wp-json\/wp\/v2\/media\/75931"}],"wp:attachment":[{"href":"https:\/\/www.chiwava.com\/fr\/wp-json\/wp\/v2\/media?parent=1704"}],"wp:term":[{"taxonomy":"product_brand","embeddable":true,"href":"https:\/\/www.chiwava.com\/fr\/wp-json\/wp\/v2\/product_brand?post=1704"},{"taxonomy":"product_cat","embeddable":true,"href":"https:\/\/www.chiwava.com\/fr\/wp-json\/wp\/v2\/product_cat?post=1704"},{"taxonomy":"product_tag","embeddable":true,"href":"https:\/\/www.chiwava.com\/fr\/wp-json\/wp\/v2\/product_tag?post=1704"}],"curies":[{"name":"wp","href":"https:\/\/api.w.org\/{rel}","templated":true}]}}