{"id":1703,"date":"2020-06-24T08:32:04","date_gmt":"2020-06-24T08:32:04","guid":{"rendered":"https:\/\/www.chiwava.com\/?post_type=product&#038;p=1703"},"modified":"2025-10-10T06:46:15","modified_gmt":"2025-10-10T06:46:15","slug":"dtl19041-2pcs","status":"publish","type":"product","link":"https:\/\/www.chiwava.com\/fr\/produit\/dtl19041-2pcs\/","title":{"rendered":"Chiwava Lot de 2 jouets amusants en latex couineur Canard jaune"},"content":{"rendered":"<p>Le jouet pour chien canard jaune a \u00e9t\u00e9 con\u00e7u par LILI et fabriqu\u00e9 par CHIWAVA. Fabriqu\u00e9 \u00e0 partir de latex naturel non toxique. Rempli de peluche, le rev\u00eatement Toy est agr\u00e9able au toucher et doux, facile \u00e0 nettoyer. Avoir un petit couineur qui fait un son attrayant lorsque vous le pressez. Id\u00e9al pour divertir vos animaux de compagnie. Ils se concentreront longtemps sur ces jouets et resteront occup\u00e9s, afin que vous puissiez d\u00e9tourner leur attention de vos meubles et chaussures.<\/p>","protected":false},"excerpt":{"rendered":"<p><a href=\"https:\/\/www.chiwava.com\/fr\/boutique-de-marque\/\"><img loading=\"lazy\" decoding=\"async\" class=\"alignnone size-medium wp-image-94\" src=\"https:\/\/www.chiwava.com\/wp-content\/uploads\/2019\/06\/Amazon-300x73.png\" alt=\"\" width=\"300\" height=\"73\" srcset=\"https:\/\/www.chiwava.com\/wp-content\/uploads\/2019\/06\/Amazon-300x73.png 300w, https:\/\/www.chiwava.com\/wp-content\/uploads\/2019\/06\/Amazon.png 364w\" sizes=\"auto, (max-width: 300px) 100vw, 300px\" \/><\/a><\/p>\n<p>Chiwava Lot de 2 jouets pour chien en latex Squeak de 7,9 pouces Canard jaune Jeu interactif pour petits chiens de taille moyenne<\/p>\n<hr \/>\n<p>\u2764 Fabriqu\u00e9 avec du caoutchouc latex non toxique, crit\u00e8re de d\u00e9tection EU CE EN71 (Jouets).<br \/>\n\u2764 Faites un son grin\u00e7ant lorsqu&#039;il est press\u00e9, design dr\u00f4le de canard, rempli de peluche.<br \/>\n\u2764 Parfait pour s&#039;entra\u00eener, cr\u00e9er des liens, att\u00e9nuer le stress.<br \/>\n\u2764 Jouet d&#039;int\u00e9rieur interactif et ext\u00e9rieur. Contenu : lot de 2\/bo\u00eete.<br \/>\n\u2764 Convient aux chiens de petite et moyenne taille - 4 \uff5e 30 kg (9 \uff5e 66 lb). \u2026 <span class=\"more-button\"><a href=\"https:\/\/www.chiwava.com\/fr\/produit\/dtl19041-2pcs\/\" class=\"more-link\">Continuer<span class=\"screen-reader-text\">Chiwava Lot de 2 jouets amusants en latex couineur Canard jaune<\/span><\/a><\/span><\/p>","protected":false},"featured_media":75555,"template":"","meta":[],"product_brand":[],"product_cat":[16,286,15],"product_tag":[38,21,51],"class_list":{"0":"post-1703","1":"product","2":"type-product","3":"status-publish","4":"has-post-thumbnail","6":"product_cat-dog_toys","7":"product_cat-latex-dog-toys","8":"product_cat-pet_toys","9":"product_tag-duck-dog-toys","10":"product_tag-latex-dog-toys","11":"product_tag-squeaky-dog-toy","13":"first","14":"instock","15":"shipping-taxable","16":"product-type-simple"},"_links":{"self":[{"href":"https:\/\/www.chiwava.com\/fr\/wp-json\/wp\/v2\/product\/1703","targetHints":{"allow":["GET"]}}],"collection":[{"href":"https:\/\/www.chiwava.com\/fr\/wp-json\/wp\/v2\/product"}],"about":[{"href":"https:\/\/www.chiwava.com\/fr\/wp-json\/wp\/v2\/types\/product"}],"wp:featuredmedia":[{"embeddable":true,"href":"https:\/\/www.chiwava.com\/fr\/wp-json\/wp\/v2\/media\/75555"}],"wp:attachment":[{"href":"https:\/\/www.chiwava.com\/fr\/wp-json\/wp\/v2\/media?parent=1703"}],"wp:term":[{"taxonomy":"product_brand","embeddable":true,"href":"https:\/\/www.chiwava.com\/fr\/wp-json\/wp\/v2\/product_brand?post=1703"},{"taxonomy":"product_cat","embeddable":true,"href":"https:\/\/www.chiwava.com\/fr\/wp-json\/wp\/v2\/product_cat?post=1703"},{"taxonomy":"product_tag","embeddable":true,"href":"https:\/\/www.chiwava.com\/fr\/wp-json\/wp\/v2\/product_tag?post=1703"}],"curies":[{"name":"wp","href":"https:\/\/api.w.org\/{rel}","templated":true}]}}