{"id":164,"date":"2019-06-24T08:14:20","date_gmt":"2019-06-24T08:14:20","guid":{"rendered":"http:\/\/pending.chiwava.com\/?post_type=product&#038;p=164"},"modified":"2025-10-10T06:46:20","modified_gmt":"2025-10-10T06:46:20","slug":"dtl17031-3pcs","status":"publish","type":"product","link":"https:\/\/www.chiwava.com\/fr\/produit\/dtl17031-3pcs\/","title":{"rendered":"Chiwava Lot de 3 jouets pour chien en latex grin\u00e7ant de 22,9 cm"},"content":{"rendered":"<p>Les jouets Chiwava sont fabriqu\u00e9s \u00e0 partir de latex, NON TOXIQUE. Le rev\u00eatement des jouets est agr\u00e9able au toucher et doux, facile \u00e0 nettoyer. Les jouets sont livr\u00e9s dans un ensemble de 3 couleurs vives (rose, orange et vert) avec des visages d&#039;animaux amusants et mignons (cochon, poulet et grenouille). Les jouets ont une forme longue et, en raison du mat\u00e9riau en caoutchouc, peuvent s&#039;\u00e9tirer et tirer sans le casser, ont un petit couineur qui \u00e9met un son \u00e9lev\u00e9 lorsque vous le pressez.<\/p>","protected":false},"excerpt":{"rendered":"<p><a href=\"https:\/\/www.chiwava.com\/fr\/boutique-de-marque\/\"><img loading=\"lazy\" decoding=\"async\" class=\"alignnone size-medium wp-image-94\" src=\"https:\/\/www.chiwava.com\/wp-content\/uploads\/2019\/06\/Amazon-300x73.png\" alt=\"\" width=\"300\" height=\"73\" srcset=\"https:\/\/www.chiwava.com\/wp-content\/uploads\/2019\/06\/Amazon-300x73.png 300w, https:\/\/www.chiwava.com\/wp-content\/uploads\/2019\/06\/Amazon.png 364w\" sizes=\"auto, (max-width: 300px) 100vw, 300px\" \/><\/a><br \/>\nChiwava Lot de 3 jouets pour chiens en latex grin\u00e7ant de 9 pouces B\u00e2ton debout Animal Chiot Aller chercher un jeu interactif pour petits chiens moyens<\/p>\n<hr \/>\n<p>\u2764 Fabriqu\u00e9 avec du caoutchouc latex non toxique, crit\u00e8re de d\u00e9tection US FDA CFR 21 (articles en caoutchouc) \/ EU CE EN71 (jouets)<\/p>\n<p>\u2764 Doux, Squeeze Squeak, Pas de farce<\/p>\n<p>\u2764 Son de mastication interactif pour chiens et jeu de r\u00e9cup\u00e9ration \u00e0 l&#039;int\u00e9rieur en plein air<\/p>\n<p>\u2764 Lot de 3 \u2013 Grenouille dr\u00f4le de canard \u00e0 long corps.<\/p>\n<p>\u2764 Convient aux chiens de petite et moyenne taille - 4 \uff5e 30 kg (8,8 \uff5e 66 lb) \u2026 <span class=\"more-button\"><a href=\"https:\/\/www.chiwava.com\/fr\/produit\/dtl17031-3pcs\/\" class=\"more-link\">Continuer<span class=\"screen-reader-text\">Chiwava Lot de 3 jouets pour chien en latex grin\u00e7ant de 22,9 cm<\/span><\/a><\/span><\/p>","protected":false},"featured_media":1652,"template":"","meta":[],"product_brand":[],"product_cat":[16,286,15],"product_tag":[21,26,18,20],"class_list":{"0":"post-164","1":"product","2":"type-product","3":"status-publish","4":"has-post-thumbnail","6":"product_cat-dog_toys","7":"product_cat-latex-dog-toys","8":"product_cat-pet_toys","9":"product_tag-latex-dog-toys","10":"product_tag-medium-dog-toys","11":"product_tag-small-dog-toys","12":"product_tag-squeaky-dog-toys","14":"first","15":"instock","16":"shipping-taxable","17":"product-type-simple"},"_links":{"self":[{"href":"https:\/\/www.chiwava.com\/fr\/wp-json\/wp\/v2\/product\/164","targetHints":{"allow":["GET"]}}],"collection":[{"href":"https:\/\/www.chiwava.com\/fr\/wp-json\/wp\/v2\/product"}],"about":[{"href":"https:\/\/www.chiwava.com\/fr\/wp-json\/wp\/v2\/types\/product"}],"wp:featuredmedia":[{"embeddable":true,"href":"https:\/\/www.chiwava.com\/fr\/wp-json\/wp\/v2\/media\/1652"}],"wp:attachment":[{"href":"https:\/\/www.chiwava.com\/fr\/wp-json\/wp\/v2\/media?parent=164"}],"wp:term":[{"taxonomy":"product_brand","embeddable":true,"href":"https:\/\/www.chiwava.com\/fr\/wp-json\/wp\/v2\/product_brand?post=164"},{"taxonomy":"product_cat","embeddable":true,"href":"https:\/\/www.chiwava.com\/fr\/wp-json\/wp\/v2\/product_cat?post=164"},{"taxonomy":"product_tag","embeddable":true,"href":"https:\/\/www.chiwava.com\/fr\/wp-json\/wp\/v2\/product_tag?post=164"}],"curies":[{"name":"wp","href":"https:\/\/api.w.org\/{rel}","templated":true}]}}