{"id":1449,"date":"2020-04-28T04:01:12","date_gmt":"2020-04-28T04:01:12","guid":{"rendered":"https:\/\/www.chiwava.com\/?post_type=product&#038;p=1449"},"modified":"2025-10-10T06:46:16","modified_gmt":"2025-10-10T06:46:16","slug":"dtl19039-2pcs","status":"publish","type":"product","link":"https:\/\/www.chiwava.com\/fr\/produit\/dtl19039-2pcs\/","title":{"rendered":"Chiwava Lot de 2 jouets pour chiens Grunt Pig"},"content":{"rendered":"<p>Il s&#039;agit du jouet pour chien en latex fabriqu\u00e9 par Chiwava, l&#039;apparence du design Lili. Fabriqu\u00e9 en latex naturel non toxique. Avoir un rembourrage en peluche \u00e0 l&#039;int\u00e9rieur et un tube grognant. La conception color\u00e9e \u00e0 pois, en raison de la forme du corps et du mat\u00e9riau en caoutchouc, peut \u00eatre un peu rebondissante. Chaque jouet peut grogner lorsque vous le pressez, imiter le vrai son de cochon. Ces jouets sont parfaits pour jouer \u00e0 l&#039;ext\u00e9rieur et \u00e0 l&#039;int\u00e9rieur. Vous pouvez jouer \u00e0 rapporter et ou simplement laisser votre chien pour un jeu ind\u00e9pendant. Votre chien peut le m\u00e2cher et le presser, peut \u00eatre occup\u00e9 et heureux toute la journ\u00e9e.<\/p>","protected":false},"excerpt":{"rendered":"<p><a href=\"https:\/\/www.chiwava.com\/fr\/boutique-de-marque\/\"><img loading=\"lazy\" decoding=\"async\" class=\"alignnone size-medium wp-image-94\" src=\"https:\/\/www.chiwava.com\/wp-content\/uploads\/2019\/06\/Amazon-300x73.png\" alt=\"\" width=\"300\" height=\"73\" srcset=\"https:\/\/www.chiwava.com\/wp-content\/uploads\/2019\/06\/Amazon-300x73.png 300w, https:\/\/www.chiwava.com\/wp-content\/uploads\/2019\/06\/Amazon.png 364w\" sizes=\"auto, (max-width: 300px) 100vw, 300px\" \/><\/a><\/p>\n<p>Chiwava Lot de 2 jouets pour chien cochon \u00e0 pois de 15,2 cm pour cube en caoutchouc latex moyen presser grognement son jouer couleur assortie<\/p>\n<hr \/>\n<p>\u2764 Fabriqu\u00e9 avec du caoutchouc latex non toxique, crit\u00e8re de d\u00e9tection EU CE EN71 (Jouets).<br \/>\n\u2764 Faites un son GRUNT lorsqu&#039;il est press\u00e9, design de couleurs \u00e0 pois, rempli de peluche.<br \/>\n\u2764 Peut utiliser pour entra\u00eener votre animal de compagnie, faire de l&#039;exercice avec des jouets et les occuper.<br \/>\n\u2764 Jouet d&#039;int\u00e9rieur interactif et ext\u00e9rieur, lot de 2 par lot.<br \/>\n\u2764Convient aux chiens de taille moyenne - 10 ~ 30 kg (22 ~ 66 lb). \u2026 <span class=\"more-button\"><a href=\"https:\/\/www.chiwava.com\/fr\/produit\/dtl19039-2pcs\/\" class=\"more-link\">Continuer<span class=\"screen-reader-text\">Chiwava Lot de 2 jouets pour chiens Grunt Pig<\/span><\/a><\/span><\/p>","protected":false},"featured_media":76814,"template":"","meta":[],"product_brand":[],"product_cat":[16,286,15],"product_tag":[21,56,27],"class_list":{"0":"post-1449","1":"product","2":"type-product","3":"status-publish","4":"has-post-thumbnail","6":"product_cat-dog_toys","7":"product_cat-latex-dog-toys","8":"product_cat-pet_toys","9":"product_tag-latex-dog-toys","10":"product_tag-original-animal-sound","11":"product_tag-pig-dog-toys","13":"first","14":"instock","15":"shipping-taxable","16":"product-type-simple"},"_links":{"self":[{"href":"https:\/\/www.chiwava.com\/fr\/wp-json\/wp\/v2\/product\/1449","targetHints":{"allow":["GET"]}}],"collection":[{"href":"https:\/\/www.chiwava.com\/fr\/wp-json\/wp\/v2\/product"}],"about":[{"href":"https:\/\/www.chiwava.com\/fr\/wp-json\/wp\/v2\/types\/product"}],"wp:featuredmedia":[{"embeddable":true,"href":"https:\/\/www.chiwava.com\/fr\/wp-json\/wp\/v2\/media\/76814"}],"wp:attachment":[{"href":"https:\/\/www.chiwava.com\/fr\/wp-json\/wp\/v2\/media?parent=1449"}],"wp:term":[{"taxonomy":"product_brand","embeddable":true,"href":"https:\/\/www.chiwava.com\/fr\/wp-json\/wp\/v2\/product_brand?post=1449"},{"taxonomy":"product_cat","embeddable":true,"href":"https:\/\/www.chiwava.com\/fr\/wp-json\/wp\/v2\/product_cat?post=1449"},{"taxonomy":"product_tag","embeddable":true,"href":"https:\/\/www.chiwava.com\/fr\/wp-json\/wp\/v2\/product_tag?post=1449"}],"curies":[{"name":"wp","href":"https:\/\/api.w.org\/{rel}","templated":true}]}}