{"id":1447,"date":"2020-04-28T03:53:48","date_gmt":"2020-04-28T03:53:48","guid":{"rendered":"https:\/\/www.chiwava.com\/?post_type=product&#038;p=1447"},"modified":"2025-10-10T06:46:17","modified_gmt":"2025-10-10T06:46:17","slug":"dtl19038","status":"publish","type":"product","link":"https:\/\/www.chiwava.com\/fr\/produit\/dtl19038\/","title":{"rendered":"Chiwava Lot de 3 jouets en latex grin\u00e7ant de 2,6 pouces Visage d&#039;animaux mignons"},"content":{"rendered":"<p>Il s&#039;agit du jouet pour chien en latex fabriqu\u00e9 par Chiwava, l&#039;apparence du design Lili. Fabriqu\u00e9 en latex naturel non toxique. Pas de farce. Doux et facile \u00e0 nettoyer (avec un couineur \u00e0 l&#039;int\u00e9rieur). Peut grincer lorsque vous le pressez. Ces jouets sont bons pour jouer \u00e0 l&#039;ext\u00e9rieur et \u00e0 la maison, peuvent facilement \u00eatre transport\u00e9s \u00e0 l&#039;ext\u00e9rieur. Vous pouvez jouer \u00e0 le chercher et le jeter aussi loin que vous le pouvez, votre chien peut le m\u00e2cher et le presser et peut \u00eatre occup\u00e9 et bonne journ\u00e9e enti\u00e8re.afin que vous puissiez d\u00e9tourner leur attention de vos meubles.<\/p>","protected":false},"excerpt":{"rendered":"<p><a href=\"https:\/\/www.chiwava.com\/fr\/boutique-de-marque\/\"><img loading=\"lazy\" decoding=\"async\" class=\"alignnone size-medium wp-image-94\" src=\"https:\/\/www.chiwava.com\/wp-content\/uploads\/2019\/06\/Amazon-300x73.png\" alt=\"\" width=\"300\" height=\"73\" srcset=\"https:\/\/www.chiwava.com\/wp-content\/uploads\/2019\/06\/Amazon-300x73.png 300w, https:\/\/www.chiwava.com\/wp-content\/uploads\/2019\/06\/Amazon.png 364w\" sizes=\"auto, (max-width: 300px) 100vw, 300px\" \/><\/a><br \/>\nChiwava Lot de 3 jouets pour chien en latex Squeak 2,6 pouces Animaux mignons Face Jeu interactif pour petits chiens Couleur assortie<\/p>\n<hr \/>\n<p>\u2764 Fabriqu\u00e9 avec du caoutchouc latex non toxique, crit\u00e8re de d\u00e9tection EU CE EN71 (Jouets).<\/p>\n<p>\u2764 Soft, Squeeze Squeak, Funny Animal Face Ball, Pas de rembourrage.<\/p>\n<p>\u2764 Id\u00e9al pour aller chercher dans la cour, la maison, le parc ou le rivage, encouragez les animaux de compagnie \u00e0 sauter et \u00e0 chasser, gardez-les occup\u00e9s.<\/p>\n<p>\u2764 Son interactif \u00e0 m\u00e2cher pour chiens, contient un ours bleu, un cochon rose, un poulet brun.<\/p>\n<p>\u2764 Convient aux petits chiens - Moins de 11 kg (24,25 lb) \u2026 <span class=\"more-button\"><a href=\"https:\/\/www.chiwava.com\/fr\/produit\/dtl19038\/\" class=\"more-link\">Continuer<span class=\"screen-reader-text\">Chiwava Lot de 3 jouets en latex grin\u00e7ant de 2,6 pouces Visage d&#039;animaux mignons<\/span><\/a><\/span><\/p>","protected":false},"featured_media":77000,"template":"","meta":[],"product_brand":[],"product_cat":[16,286,15],"product_tag":[21,18,20],"class_list":{"0":"post-1447","1":"product","2":"type-product","3":"status-publish","4":"has-post-thumbnail","6":"product_cat-dog_toys","7":"product_cat-latex-dog-toys","8":"product_cat-pet_toys","9":"product_tag-latex-dog-toys","10":"product_tag-small-dog-toys","11":"product_tag-squeaky-dog-toys","13":"first","14":"instock","15":"shipping-taxable","16":"product-type-simple"},"_links":{"self":[{"href":"https:\/\/www.chiwava.com\/fr\/wp-json\/wp\/v2\/product\/1447","targetHints":{"allow":["GET"]}}],"collection":[{"href":"https:\/\/www.chiwava.com\/fr\/wp-json\/wp\/v2\/product"}],"about":[{"href":"https:\/\/www.chiwava.com\/fr\/wp-json\/wp\/v2\/types\/product"}],"wp:featuredmedia":[{"embeddable":true,"href":"https:\/\/www.chiwava.com\/fr\/wp-json\/wp\/v2\/media\/77000"}],"wp:attachment":[{"href":"https:\/\/www.chiwava.com\/fr\/wp-json\/wp\/v2\/media?parent=1447"}],"wp:term":[{"taxonomy":"product_brand","embeddable":true,"href":"https:\/\/www.chiwava.com\/fr\/wp-json\/wp\/v2\/product_brand?post=1447"},{"taxonomy":"product_cat","embeddable":true,"href":"https:\/\/www.chiwava.com\/fr\/wp-json\/wp\/v2\/product_cat?post=1447"},{"taxonomy":"product_tag","embeddable":true,"href":"https:\/\/www.chiwava.com\/fr\/wp-json\/wp\/v2\/product_tag?post=1447"}],"curies":[{"name":"wp","href":"https:\/\/api.w.org\/{rel}","templated":true}]}}