{"id":1439,"date":"2020-04-28T03:06:55","date_gmt":"2020-04-28T03:06:55","guid":{"rendered":"https:\/\/www.chiwava.com\/?post_type=product&#038;p=1439"},"modified":"2026-02-06T08:27:16","modified_gmt":"2026-02-06T08:27:16","slug":"ctm00120-36pcs","status":"publish","type":"product","link":"https:\/\/www.chiwava.com\/fr\/produit\/ctm00120-36pcs\/","title":{"rendered":"Chiwava 36PCS 4.1 Pouces Furry Chat Jouet Souris Hochet Petite Souris"},"content":{"rendered":"<p>Bo\u00eete de 36 souris color\u00e9es assorties. Oui, cela semble trop, mais en fait, c&#039;est une bonne affaire pour ceux qui en ont assez d&#039;acheter une souris chaque semaine et d&#039;essayer de la trouver sous le canap\u00e9 apr\u00e8s que votre petit chasseur ait cach\u00e9 son troph\u00e9e. Vous pouvez simplement imaginer l&#039;excitation qui se cr\u00e9e \u00e0 l&#039;int\u00e9rieur chaque fois que vous apportez ces jouets pour que votre f\u00e9lin puisse jouer. Le design r\u00e9aliste de nos souris est con\u00e7u de telle mani\u00e8re qu&#039;il stimule l&#039;instinct int\u00e9rieur de chasseur de votre compagnon \u00e0 quatre pattes. Ces souris sont fabriqu\u00e9es \u00e0 partir de plastique durable mais l\u00e9ger, recouvertes de fourrure synth\u00e9tique, certaines d&#039;entre elles ont des perles \u00e0 l&#039;int\u00e9rieur et cr\u00e9ent un son de hochet qui peut \u00eatre plus int\u00e9ressant et attrayant pour votre chat. Peut \u00eatre utilis\u00e9 pour le jeu ind\u00e9pendant \u00e0 l&#039;int\u00e9rieur, le jeu interactif ou le jeu de rattrapage.<\/p>","protected":false},"excerpt":{"rendered":"<p><img loading=\"lazy\" decoding=\"async\" class=\"alignnone size-medium wp-image-94\" src=\"https:\/\/www.chiwava.com\/wp-content\/uploads\/2019\/06\/Amazon-300x73.png\" alt=\"\" width=\"300\" height=\"73\" srcset=\"https:\/\/www.chiwava.com\/wp-content\/uploads\/2019\/06\/Amazon-300x73.png 300w, https:\/\/www.chiwava.com\/wp-content\/uploads\/2019\/06\/Amazon.png 364w\" sizes=\"auto, (max-width: 300px) 100vw, 300px\" \/><br \/>\n<strong>Chiwava 36PCS 4.1&quot; Furry Cat Jouet Souris Hochet Petite Souris Chaton Jeu Interactif Couleur Assortie<\/strong><\/p>\n<hr \/>\n<p>\u2764 Fourrure synth\u00e9tique fourrure qualifi\u00e9e, crit\u00e8re de d\u00e9tection US FDA 21CFR (Olefin Polymers) \/ EU CE EN-71 (Plush Toys)<\/p>\n<p>\u2764 Peau de souris en fourrure synth\u00e9tique et son de hochet en plastique.<\/p>\n<p>\u2764 Jeu interactif, jeu ind\u00e9pendant, jeu int\u00e9rieur<\/p>\n<p>\u2764 Lot de 36\/bo\u00eete, petite taille de couleurs assorties<\/p>\n<p>\u2764 Convient aux enfants et aux chats adultes\u2026 <span class=\"more-button\"><a href=\"https:\/\/www.chiwava.com\/fr\/produit\/ctm00120-36pcs\/\" class=\"more-link\">Continuer<span class=\"screen-reader-text\">Chiwava 36PCS 4.1 Pouces Furry Chat Jouet Souris Hochet Petite Souris<\/span><\/a><\/span><\/p>","protected":false},"featured_media":76958,"template":"","meta":[],"product_brand":[],"product_cat":[17,15],"product_tag":[42,25,43,41],"class_list":{"0":"post-1439","1":"product","2":"type-product","3":"status-publish","4":"has-post-thumbnail","6":"product_cat-cat_toys","7":"product_cat-pet_toys","8":"product_tag-cat-toys-bulk","9":"product_tag-cat-toys-mice","10":"product_tag-fur-cat-mice","11":"product_tag-rattle-cat-toys","13":"first","14":"instock","15":"shipping-taxable","16":"product-type-simple"},"_links":{"self":[{"href":"https:\/\/www.chiwava.com\/fr\/wp-json\/wp\/v2\/product\/1439","targetHints":{"allow":["GET"]}}],"collection":[{"href":"https:\/\/www.chiwava.com\/fr\/wp-json\/wp\/v2\/product"}],"about":[{"href":"https:\/\/www.chiwava.com\/fr\/wp-json\/wp\/v2\/types\/product"}],"wp:featuredmedia":[{"embeddable":true,"href":"https:\/\/www.chiwava.com\/fr\/wp-json\/wp\/v2\/media\/76958"}],"wp:attachment":[{"href":"https:\/\/www.chiwava.com\/fr\/wp-json\/wp\/v2\/media?parent=1439"}],"wp:term":[{"taxonomy":"product_brand","embeddable":true,"href":"https:\/\/www.chiwava.com\/fr\/wp-json\/wp\/v2\/product_brand?post=1439"},{"taxonomy":"product_cat","embeddable":true,"href":"https:\/\/www.chiwava.com\/fr\/wp-json\/wp\/v2\/product_cat?post=1439"},{"taxonomy":"product_tag","embeddable":true,"href":"https:\/\/www.chiwava.com\/fr\/wp-json\/wp\/v2\/product_tag?post=1439"}],"curies":[{"name":"wp","href":"https:\/\/api.w.org\/{rel}","templated":true}]}}