{"id":114,"date":"2019-06-24T08:03:49","date_gmt":"2019-06-24T08:03:49","guid":{"rendered":"http:\/\/pending.chiwava.com\/?post_type=product&#038;p=114"},"modified":"2025-11-21T03:37:49","modified_gmt":"2025-11-21T03:37:49","slug":"dtl00027","status":"publish","type":"product","link":"https:\/\/www.chiwava.com\/fr\/produit\/dtl00027\/","title":{"rendered":"Chiwava Lot de 3 balles de jouet en caoutchouc latex 2,7 pouces pour chien"},"content":{"rendered":"<p>Les balles assorties Chiwava sont fabriqu\u00e9es \u00e0 partir de latex naturel. NON TOXIQUE. Le rev\u00eatement des jouets est agr\u00e9able au toucher et doux, pas de remplissage \u00e0 l&#039;int\u00e9rieur. Facile \u00e0 nettoyer. En raison de la forme ronde et du mat\u00e9riau en caoutchouc, ces jouets sont un peu rebondissants. Chaque jouet a un petit couineur qui produit un son \u00e9lev\u00e9 attrayant lorsque vous le pressez. Ces jouets sont parfaits pour jouer \u00e0 l&#039;ext\u00e9rieur et \u00e0 la maison, l\u00e9gers pour que vous puissiez facilement le transporter \u00e0 l&#039;ext\u00e9rieur.<\/p>","protected":false},"excerpt":{"rendered":"<p><a href=\"https:\/\/www.chiwava.com\/fr\/boutique-de-marque\/\"><img loading=\"lazy\" decoding=\"async\" class=\"alignnone size-medium wp-image-94\" src=\"https:\/\/www.chiwava.com\/wp-content\/uploads\/2019\/06\/Amazon-300x73.png\" alt=\"\" width=\"300\" height=\"73\" srcset=\"https:\/\/www.chiwava.com\/wp-content\/uploads\/2019\/06\/Amazon-300x73.png 300w, https:\/\/www.chiwava.com\/wp-content\/uploads\/2019\/06\/Amazon.png 364w\" sizes=\"auto, (max-width: 300px) 100vw, 300px\" \/><\/a><br \/>\nChiwava Lot de 3 balles de jouet en caoutchouc pour chien en latex grin\u00e7ant de 2,7 pouces pour petits chiens moyens Interactive Chew Sound Fetch Play<\/p>\n<hr \/>\n<p>\u2764 Fabriqu\u00e9 avec du caoutchouc latex non toxique, crit\u00e8re de d\u00e9tection US FDA CFR 21 (articles en caoutchouc) \/ EU CE EN71 (jouets)<\/p>\n<p>\u2764 Soft Squeeze Squeak, ballon de football rebondissant, pas de rembourrage<\/p>\n<p>\u2764 Son de mastication interactif pour chiens et jeu de r\u00e9cup\u00e9ration \u00e0 l&#039;int\u00e9rieur en plein air<\/p>\n<p>\u2764 Diameter: 7cm\/2.7&#8243; Weight: 30g \/PC 3PCS Weight:90g<\/p>\n<p>\u2764 Convient aux chiens de taille moyenne - 11 \uff5e 30 kg (24 \uff5e 66 lb) \u2026 <span class=\"more-button\"><a href=\"https:\/\/www.chiwava.com\/fr\/produit\/dtl00027\/\" class=\"more-link\">Continuer<span class=\"screen-reader-text\">Chiwava Lot de 3 balles de jouet en caoutchouc latex 2,7 pouces pour chien<\/span><\/a><\/span><\/p>","protected":false},"featured_media":1436,"template":"","meta":[],"product_brand":[],"product_cat":[16,286,15],"product_tag":[19,21,26,20],"class_list":{"0":"post-114","1":"product","2":"type-product","3":"status-publish","4":"has-post-thumbnail","6":"product_cat-dog_toys","7":"product_cat-latex-dog-toys","8":"product_cat-pet_toys","9":"product_tag-dog-toy-balls","10":"product_tag-latex-dog-toys","11":"product_tag-medium-dog-toys","12":"product_tag-squeaky-dog-toys","14":"first","15":"instock","16":"shipping-taxable","17":"product-type-simple"},"_links":{"self":[{"href":"https:\/\/www.chiwava.com\/fr\/wp-json\/wp\/v2\/product\/114","targetHints":{"allow":["GET"]}}],"collection":[{"href":"https:\/\/www.chiwava.com\/fr\/wp-json\/wp\/v2\/product"}],"about":[{"href":"https:\/\/www.chiwava.com\/fr\/wp-json\/wp\/v2\/types\/product"}],"wp:featuredmedia":[{"embeddable":true,"href":"https:\/\/www.chiwava.com\/fr\/wp-json\/wp\/v2\/media\/1436"}],"wp:attachment":[{"href":"https:\/\/www.chiwava.com\/fr\/wp-json\/wp\/v2\/media?parent=114"}],"wp:term":[{"taxonomy":"product_brand","embeddable":true,"href":"https:\/\/www.chiwava.com\/fr\/wp-json\/wp\/v2\/product_brand?post=114"},{"taxonomy":"product_cat","embeddable":true,"href":"https:\/\/www.chiwava.com\/fr\/wp-json\/wp\/v2\/product_cat?post=114"},{"taxonomy":"product_tag","embeddable":true,"href":"https:\/\/www.chiwava.com\/fr\/wp-json\/wp\/v2\/product_tag?post=114"}],"curies":[{"name":"wp","href":"https:\/\/api.w.org\/{rel}","templated":true}]}}