{"id":104,"date":"2019-06-24T07:59:27","date_gmt":"2019-06-24T07:59:27","guid":{"rendered":"http:\/\/pending.chiwava.com\/?post_type=product&#038;p=104"},"modified":"2025-10-10T06:46:40","modified_gmt":"2025-10-10T06:46:40","slug":"dtl00019-yb-2pcs","status":"publish","type":"product","link":"https:\/\/www.chiwava.com\/fr\/produit\/dtl00019-yb-2pcs\/","title":{"rendered":"Chiwava Lot de 2 jouets pour chien cochon moyen de 6,5 pouces"},"content":{"rendered":"<div id=\"featurebullets_feature_div\" class=\"feature\" data-feature-name=\"featurebullets\" data-cel-widget=\"featurebullets_feature_div\">\n<div id=\"feature-bullets\" class=\"a-section a-spacing-medium a-spacing-top-small\">\n<p>Les jouets Chiwava pour chien grognent sont fabriqu\u00e9s \u00e0 partir de latex naturel, NON TOXIQUE, le rev\u00eatement est agr\u00e9able au toucher et doux (remplissage \u00e0 l&#039;int\u00e9rieur et tube de grognement). Facile \u00e0 nettoyer. A une forme de corps de cochon et un mat\u00e9riau en caoutchouc, peut \u00eatre un peu rebondissant. Chaque jouet peut grogner lorsque vous le pressez, imiter le son du cochon. Ces jouets sont parfaits pour jouer \u00e0 l&#039;ext\u00e9rieur et \u00e0 la maison. Vous pouvez jouer \u00e0 rapporter et ou simplement laisser votre chien pour un jeu ind\u00e9pendant. Votre chien peut le m\u00e2cher et le presser et peut \u00eatre occup\u00e9 et heureux toute la journ\u00e9e.<\/p>\n<\/div>\n<\/div>\n<div id=\"productOverview_feature_div\" class=\"feature\" data-feature-name=\"productOverview\" data-cel-widget=\"productOverview_feature_div\"><\/div>\n<div id=\"globalStoreInfoBullets_feature_div\" class=\"feature\" data-feature-name=\"globalStoreInfoBullets\" data-cel-widget=\"globalStoreInfoBullets_feature_div\"><\/div>\n<div id=\"amazonGlobal_feature_div\" class=\"feature\" data-feature-name=\"amazonGlobal\" data-cel-widget=\"amazonGlobal_feature_div\"><\/div>\n<div id=\"HLCXComparisonJumplink_feature_div\"><\/div>","protected":false},"excerpt":{"rendered":"<p><a href=\"https:\/\/www.chiwava.com\/fr\/boutique-de-marque\/\"><img loading=\"lazy\" decoding=\"async\" class=\"alignnone size-medium wp-image-94\" src=\"https:\/\/www.chiwava.com\/wp-content\/uploads\/2019\/06\/Amazon-300x73.png\" alt=\"\" width=\"300\" height=\"73\" srcset=\"https:\/\/www.chiwava.com\/wp-content\/uploads\/2019\/06\/Amazon-300x73.png 300w, https:\/\/www.chiwava.com\/wp-content\/uploads\/2019\/06\/Amazon.png 364w\" sizes=\"auto, (max-width: 300px) 100vw, 300px\" \/><\/a><br \/>\nChiwava Lot de 2 jouets pour chien cochon moyen de 6,5 po pour chiens interactifs Cube en caoutchouc latex Squeeze Grunting Sound Play<\/p>\n<hr \/>\n<p>\u2764 Fabriqu\u00e9 avec du caoutchouc latex non toxique, crit\u00e8re de d\u00e9tection EU CE EN71 (Jouets)<\/p>\n<p>\u2764 Soft, Squeeze Grunts Sound, peluche farcie<\/p>\n<p>\u2764 Son de mastication interactif pour chiens et jeu de r\u00e9cup\u00e9ration \u00e0 l&#039;int\u00e9rieur en plein air<\/p>\n<p>\u2764 Forme de cochon, emballage : 2 pi\u00e8ces par sac en filet ; Poids\u00a0: 180\u00a0g.<\/p>\n<p>\u2764 Convient aux chiens de taille moyenne - 11 ~ 30 kg (24 ~ 66 lb) \u2026 <span class=\"more-button\"><a href=\"https:\/\/www.chiwava.com\/fr\/produit\/dtl00019-yb-2pcs\/\" class=\"more-link\">Continuer<span class=\"screen-reader-text\">Chiwava Lot de 2 jouets pour chien cochon moyen de 6,5 pouces<\/span><\/a><\/span><\/p>","protected":false},"featured_media":1232,"template":"","meta":[],"product_brand":[],"product_cat":[16,286,15],"product_tag":[28,21,26,27],"class_list":{"0":"post-104","1":"product","2":"type-product","3":"status-publish","4":"has-post-thumbnail","6":"product_cat-dog_toys","7":"product_cat-latex-dog-toys","8":"product_cat-pet_toys","9":"product_tag-grunt-dog-toys","10":"product_tag-latex-dog-toys","11":"product_tag-medium-dog-toys","12":"product_tag-pig-dog-toys","14":"first","15":"instock","16":"shipping-taxable","17":"product-type-simple"},"_links":{"self":[{"href":"https:\/\/www.chiwava.com\/fr\/wp-json\/wp\/v2\/product\/104","targetHints":{"allow":["GET"]}}],"collection":[{"href":"https:\/\/www.chiwava.com\/fr\/wp-json\/wp\/v2\/product"}],"about":[{"href":"https:\/\/www.chiwava.com\/fr\/wp-json\/wp\/v2\/types\/product"}],"wp:featuredmedia":[{"embeddable":true,"href":"https:\/\/www.chiwava.com\/fr\/wp-json\/wp\/v2\/media\/1232"}],"wp:attachment":[{"href":"https:\/\/www.chiwava.com\/fr\/wp-json\/wp\/v2\/media?parent=104"}],"wp:term":[{"taxonomy":"product_brand","embeddable":true,"href":"https:\/\/www.chiwava.com\/fr\/wp-json\/wp\/v2\/product_brand?post=104"},{"taxonomy":"product_cat","embeddable":true,"href":"https:\/\/www.chiwava.com\/fr\/wp-json\/wp\/v2\/product_cat?post=104"},{"taxonomy":"product_tag","embeddable":true,"href":"https:\/\/www.chiwava.com\/fr\/wp-json\/wp\/v2\/product_tag?post=104"}],"curies":[{"name":"wp","href":"https:\/\/api.w.org\/{rel}","templated":true}]}}