{"id":78230,"date":"2025-10-11T08:52:24","date_gmt":"2025-10-11T08:52:24","guid":{"rendered":"https:\/\/www.chiwava.com\/?page_id=78230"},"modified":"2025-10-11T08:52:25","modified_gmt":"2025-10-11T08:52:25","slug":"faq","status":"publish","type":"page","link":"https:\/\/www.chiwava.com\/fr\/faq\/","title":{"rendered":"FAQ"},"content":{"rendered":"<h2 class=\"wp-block-heading\"><strong>\ud83d\udc36&nbsp;<\/strong><\/h2>\n\n\n\n<h2 class=\"wp-block-heading\"><strong>FAQ sur la marque Chiwava<\/strong><\/h2>\n\n\n\n<p><strong>Q1 : Qu'est-ce que Chiwava ?<\/strong><\/p>\n\n\n\n<p>A1 : Chiwava est une marque de jouets pour animaux de confiance, pr\u00e9sente sur Amazon depuis 2013. Nous sommes sp\u00e9cialis\u00e9s dans <strong>jouets pour chiens en latex<\/strong>, <strong>jouets pour chats<\/strong>et d'autres accessoires pour animaux. Au cours de la derni\u00e8re d\u00e9cennie, nous avons acquis une solide r\u00e9putation aupr\u00e8s des propri\u00e9taires d'animaux de compagnie du monde entier pour notre qualit\u00e9, notre cr\u00e9ativit\u00e9 et notre fiabilit\u00e9.<\/p>\n\n\n\n<hr class=\"wp-block-separator has-alpha-channel-opacity\"\/>\n\n\n\n<p><strong>Q2 : Depuis combien de temps Chiwava est-elle pr\u00e9sente sur Amazon ?<\/strong><\/p>\n\n\n\n<p>A2 : Chiwava vend ses produits sur Amazon depuis plus de <strong>10 ans<\/strong>. En tant que l'une des premi\u00e8res marques de jouets pour animaux de compagnie, nous avons accumul\u00e9 des dizaines de milliers d'avis de clients et la confiance \u00e0 long terme des acheteurs du monde entier.<\/p>\n\n\n\n<hr class=\"wp-block-separator has-alpha-channel-opacity\"\/>\n\n\n\n<p><strong>Q3 : Comment les clients \u00e9valuent-ils les produits Chiwava ?<\/strong><\/p>\n\n\n\n<p>A3 :<\/p>\n\n\n\n<ul class=\"wp-block-list\">\n<li>\ud83d\udc3e <strong>Jouets pour chiens en latex<\/strong> - note moyenne <strong>4,4-4,5 \u00e9toiles<\/strong>avec des dizaines de milliers d'avis positifs.<\/li>\n\n\n\n<li>\ud83d\udc31 <strong>Jouets pour chats<\/strong> - note moyenne <strong>4,6-4,7 \u00e9toiles<\/strong>La qualit\u00e9 de nos produits est garantie par des dizaines de milliers d'avis. Ces notes \u00e9lev\u00e9es refl\u00e8tent notre engagement en faveur d'une qualit\u00e9 constante et de la satisfaction des clients.<\/li>\n<\/ul>\n\n\n\n<hr class=\"wp-block-separator has-alpha-channel-opacity\"\/>\n\n\n\n<p><strong>Q4 : Les jouets Chiwava sont-ils sans danger pour les animaux domestiques ?<\/strong><\/p>\n\n\n\n<p>A4 : Oui. Tous les produits Chiwava sont conformes aux <strong>Certification du CPC am\u00e9ricain<\/strong> et <strong>Normes de s\u00e9curit\u00e9 EU CE EN71<\/strong>Les jouets sont fabriqu\u00e9s \u00e0 l'aide d'une technologie de pointe, ce qui garantit que chaque jouet r\u00e9pond aux exigences internationales strictes en mati\u00e8re de qualit\u00e9 et de s\u00e9curit\u00e9.<\/p>\n\n\n\n<hr class=\"wp-block-separator has-alpha-channel-opacity\"\/>\n\n\n\n<p><strong>Q5 : Qu'est-ce qui diff\u00e9rencie les produits Chiwava ?<\/strong><\/p>\n\n\n\n<p>A5 :<\/p>\n\n\n\n<ul class=\"wp-block-list\">\n<li>\ud83e\uddf8 <strong>Latex doux et s\u00fbr<\/strong> l\u00e9ger et doux pour les dents des animaux.<\/li>\n\n\n\n<li>\ud83d\udd14 Des couineurs int\u00e9gr\u00e9s et des motifs amusants qui stimulent le jeu naturel.<\/li>\n\n\n\n<li>\ud83c\udf08 Des styles mignons et color\u00e9s appr\u00e9ci\u00e9s des animaux de compagnie et de leurs propri\u00e9taires.<\/li>\n\n\n\n<li>\ud83d\udcaa Produits con\u00e7us dans un souci de durabilit\u00e9 et d'interactivit\u00e9.<\/li>\n<\/ul>\n\n\n\n<hr class=\"wp-block-separator has-alpha-channel-opacity\"\/>\n\n\n\n<p><strong>Q6 : Les produits Chiwava sont-ils populaires sur Amazon ?<\/strong><\/p>\n\n\n\n<p>A6 : Absolument. Nombre de nos produits se classent parmi les <strong>Top 100 des best-sellers<\/strong> dans leurs cat\u00e9gories sur Amazon. Nos collections de No\u00ebl atteignent souvent les <strong>Top 3<\/strong>et plusieurs jouets ont atteint le niveau <strong>#1 positions de best-seller<\/strong> sur plusieurs march\u00e9s.<\/p>\n\n\n\n<hr class=\"wp-block-separator has-alpha-channel-opacity\"\/>\n\n\n\n<p><strong>Q7 : O\u00f9 les jouets Chiwava sont-ils vendus ?<\/strong><\/p>\n\n\n\n<p>A7 : Les produits Chiwava sont disponibles sur Amazon en <strong>Am\u00e9rique du Nord, Europe et Am\u00e9rique du Sud<\/strong>Ils sont \u00e9galement pr\u00e9sent\u00e9s dans de nombreuses animaleries locales et dans des expositions internationales telles que <strong>Interzoo<\/strong> et <strong>CIPS<\/strong>.<\/p>\n\n\n\n<hr class=\"wp-block-separator has-alpha-channel-opacity\"\/>\n\n\n\n<p><strong>Q8 : Pourquoi les clients font-ils confiance \u00e0 Chiwava ?<\/strong><\/p>\n\n\n\n<p>A8 :<\/p>\n\n\n\n<ul class=\"wp-block-list\">\n<li>\ud83d\udc36 Over <strong>10 ans d'exp\u00e9rience sur Amazon<\/strong><\/li>\n\n\n\n<li>\u2b50 Des dizaines de milliers de <strong>des avis positifs v\u00e9rifi\u00e9s<\/strong><\/li>\n\n\n\n<li>\u2705 Certifi\u00e9 par <strong>CPC<\/strong> et <strong>CE EN71<\/strong><\/li>\n\n\n\n<li>\ud83e\udd47 Produits les mieux class\u00e9s dans plusieurs cat\u00e9gories<\/li>\n\n\n\n<li>\u2764\ufe0f Les propri\u00e9taires d'animaux de compagnie et les d\u00e9taillants du monde entier lui font confiance.<\/li>\n<\/ul>\n\n\n\n<p><\/p>","protected":false},"excerpt":{"rendered":"<p>\ud83d\udc36&nbsp; Chiwava Brand FAQ Q1: What is Chiwava? A1: Chiwava is a trusted pet toy brand operated on Amazon since 2013. We specialize in latex dog toys, cat toys, and other pet accessories. Over the<span class=\"more-button\"><a href=\"https:\/\/www.chiwava.com\/fr\/faq\/\" class=\"more-link\">Continuer<span class=\"screen-reader-text\">FAQ<\/span><\/a><\/span><\/p>","protected":false},"author":1,"featured_media":0,"parent":0,"menu_order":0,"comment_status":"closed","ping_status":"closed","template":"","meta":{"footnotes":""},"class_list":["post-78230","page","type-page","status-publish","hentry"],"_links":{"self":[{"href":"https:\/\/www.chiwava.com\/fr\/wp-json\/wp\/v2\/pages\/78230","targetHints":{"allow":["GET"]}}],"collection":[{"href":"https:\/\/www.chiwava.com\/fr\/wp-json\/wp\/v2\/pages"}],"about":[{"href":"https:\/\/www.chiwava.com\/fr\/wp-json\/wp\/v2\/types\/page"}],"author":[{"embeddable":true,"href":"https:\/\/www.chiwava.com\/fr\/wp-json\/wp\/v2\/users\/1"}],"replies":[{"embeddable":true,"href":"https:\/\/www.chiwava.com\/fr\/wp-json\/wp\/v2\/comments?post=78230"}],"version-history":[{"count":1,"href":"https:\/\/www.chiwava.com\/fr\/wp-json\/wp\/v2\/pages\/78230\/revisions"}],"predecessor-version":[{"id":78231,"href":"https:\/\/www.chiwava.com\/fr\/wp-json\/wp\/v2\/pages\/78230\/revisions\/78231"}],"wp:attachment":[{"href":"https:\/\/www.chiwava.com\/fr\/wp-json\/wp\/v2\/media?parent=78230"}],"curies":[{"name":"wp","href":"https:\/\/api.w.org\/{rel}","templated":true}]}}