{"id":59,"date":"2019-06-24T03:11:57","date_gmt":"2019-06-24T03:11:57","guid":{"rendered":"http:\/\/pending.chiwava.com\/?page_id=59"},"modified":"2025-05-26T06:19:55","modified_gmt":"2025-05-26T06:19:55","slug":"a-propos-de-nous","status":"publish","type":"page","link":"https:\/\/www.chiwava.com\/fr\/a-propos-de-nous\/","title":{"rendered":"\u00c0 propos de nous"},"content":{"rendered":"<pre class=\"wp-block-preformatted\"><em>Chiwava\u2122\ufe0f est une marque de jouets pour animaux de compagnie. Nous concevons et vendons des jouets grin\u00e7ants pour chiens en caoutchouc latex, des souris jouets pour chats, des balles jouets pour chats, etc\u2026<\/em><\/pre>\n\n\n\n<figure class=\"wp-block-image\"><img loading=\"lazy\" decoding=\"async\" width=\"1920\" height=\"663\" src=\"https:\/\/www.chiwava.com\/wp-content\/uploads\/2019\/06\/lele.jpg\" alt=\"\" class=\"wp-image-393\" srcset=\"https:\/\/www.chiwava.com\/wp-content\/uploads\/2019\/06\/lele.jpg 1920w, https:\/\/www.chiwava.com\/wp-content\/uploads\/2019\/06\/lele-600x207.jpg 600w, https:\/\/www.chiwava.com\/wp-content\/uploads\/2019\/06\/lele-300x104.jpg 300w, https:\/\/www.chiwava.com\/wp-content\/uploads\/2019\/06\/lele-768x265.jpg 768w, https:\/\/www.chiwava.com\/wp-content\/uploads\/2019\/06\/lele-1024x354.jpg 1024w\" sizes=\"auto, (max-width: 1920px) 100vw, 1920px\" \/><figcaption class=\"wp-element-caption\">Chiwava \u2122 \ufe0f \u2014- Plus pr\u00e8s des animaux de compagnie<\/figcaption><\/figure>\n\n\n\n<div class=\"wp-block-columns has-2-columns is-layout-flex wp-container-core-columns-is-layout-9d6595d7 wp-block-columns-is-layout-flex\">\n<div class=\"wp-block-column is-layout-flow wp-block-column-is-layout-flow\"><div class=\"wp-block-image\">\n<figure class=\"aligncenter\"><a href=\"https:\/\/www.chiwava.com\/fr\/boutique-de-marque\/\"><img loading=\"lazy\" decoding=\"async\" width=\"364\" height=\"89\" src=\"https:\/\/www.chiwava.com\/wp-content\/uploads\/2019\/06\/Amazon.png\" alt=\"\" class=\"wp-image-94\" srcset=\"https:\/\/www.chiwava.com\/wp-content\/uploads\/2019\/06\/Amazon.png 364w, https:\/\/www.chiwava.com\/wp-content\/uploads\/2019\/06\/Amazon-300x73.png 300w\" sizes=\"auto, (max-width: 364px) 100vw, 364px\" \/><\/a><figcaption class=\"wp-element-caption\">Boutique de la marque Amazon<\/figcaption><\/figure>\n<\/div><\/div>\n\n\n\n<div class=\"wp-block-column is-layout-flow wp-block-column-is-layout-flow\">\n<p>Chiwava\u2122 est une marque de jouets pour animaux de confiance avec plus de 10 ans d'exp\u00e9rience sur Amazon.<br>Nous sommes sp\u00e9cialis\u00e9s dans la conception et la vente de jouets en caoutchouc latex pour chiens, de jouets pour chats, de balles pour chats, et bien plus encore - des jouets amusants et s\u00fbrs qui apportent de la joie aux animaux de compagnie et de la tranquillit\u00e9 d'esprit aux parents d'animaux.<\/p>\n<\/div>\n<\/div>\n\n\n\n<div class=\"wp-block-columns has-2-columns is-layout-flex wp-container-core-columns-is-layout-9d6595d7 wp-block-columns-is-layout-flex\">\n<div class=\"wp-block-column is-layout-flow wp-block-column-is-layout-flow\">\n<p>Nos produits sont disponibles dans les magasins officiels de la marque Amazon aux \u00c9tats-Unis, au Royaume-Uni, en Allemagne, en France, au Canada et au Japon.<br>Profitez de la rapidit\u00e9 et de la commodit\u00e9 de la livraison Amazon Prime dans le monde entier.<\/p>\n<\/div>\n\n\n\n<div class=\"wp-block-column is-layout-flow wp-block-column-is-layout-flow\">\n<p>Chez Chiwava\u2122, nous nous engageons \u00e0 fabriquer des jouets s\u00fbrs, durables et respectueux de l'environnement, car votre ami \u00e0 fourrure ne m\u00e9rite rien de moins.<br>En tant que fi\u00e8re \"ancienne marque Amazon\", nous faisons vibrer la queue et ronronner les foyers du monde entier depuis une dizaine d'ann\u00e9es.<\/p>\n<\/div>\n<\/div>\n\n\n\n<div class=\"wp-block-button is-style-default aligncenter\"><a class=\"wp-block-button__link wp-element-button\" href=\"https:\/\/www.chiwava.com\/fr\/nous-contacter\/\">contactez-nous pour en savoir plus<\/a><\/div>","protected":false},"excerpt":{"rendered":"<p>Chiwava\u2122\ufe0f est une marque de jouets pour animaux. Nous concevons et vendons des jouets en latex pour chiens, des jouets pour chats, des balles pour chats, etc... Chiwava\u2122 est une marque de jouets pour animaux de confiance avec plus de 10 ans d'exp\u00e9rience.<span class=\"more-button\"><a href=\"https:\/\/www.chiwava.com\/fr\/a-propos-de-nous\/\" class=\"more-link\">Continuer<span class=\"screen-reader-text\">\u00c0 propos de nous<\/span><\/a><\/span><\/p>","protected":false},"author":1,"featured_media":0,"parent":0,"menu_order":0,"comment_status":"closed","ping_status":"closed","template":"","meta":{"footnotes":""},"class_list":["post-59","page","type-page","status-publish","hentry"],"_links":{"self":[{"href":"https:\/\/www.chiwava.com\/fr\/wp-json\/wp\/v2\/pages\/59","targetHints":{"allow":["GET"]}}],"collection":[{"href":"https:\/\/www.chiwava.com\/fr\/wp-json\/wp\/v2\/pages"}],"about":[{"href":"https:\/\/www.chiwava.com\/fr\/wp-json\/wp\/v2\/types\/page"}],"author":[{"embeddable":true,"href":"https:\/\/www.chiwava.com\/fr\/wp-json\/wp\/v2\/users\/1"}],"replies":[{"embeddable":true,"href":"https:\/\/www.chiwava.com\/fr\/wp-json\/wp\/v2\/comments?post=59"}],"version-history":[{"count":14,"href":"https:\/\/www.chiwava.com\/fr\/wp-json\/wp\/v2\/pages\/59\/revisions"}],"predecessor-version":[{"id":78053,"href":"https:\/\/www.chiwava.com\/fr\/wp-json\/wp\/v2\/pages\/59\/revisions\/78053"}],"wp:attachment":[{"href":"https:\/\/www.chiwava.com\/fr\/wp-json\/wp\/v2\/media?parent=59"}],"curies":[{"name":"wp","href":"https:\/\/api.w.org\/{rel}","templated":true}]}}