{"id":7999,"date":"2021-03-23T07:55:19","date_gmt":"2021-03-23T07:55:19","guid":{"rendered":"https:\/\/www.chiwava.com\/?post_type=product&#038;p=7999"},"modified":"2025-09-26T08:42:03","modified_gmt":"2025-09-26T08:42:03","slug":"ctb12002-24-piezas","status":"publish","type":"product","link":"https:\/\/www.chiwava.com\/es\/producto\/ctb12002-24-piezas\/","title":{"rendered":"Bola de juguetes para gatos peluda Chiwava Catnip"},"content":{"rendered":"<p>Chiwava Furry Pom Poms Bolas con piel sint\u00e9tica, tacto suave y especialmente dise\u00f1adas para actividades, juegos interactivos y silenciosos. Tu gato puede rodar y perseguir f\u00e1cilmente la pelota por la noche sin hacer ruido y no te mantendr\u00e1 despierto toda la noche. Las pelotas son livianas, los gatos en realidad llevar\u00e1n suavemente la pelota en la boca, cazar\u00e1n y perseguir\u00e1n, pueden rebotar y lanzar en el aire cuando son golpeados o pateados. Estimule los instintos l\u00fadicos naturales de su gato, brinde horas de entretenimiento y elimine el aburrimiento.<\/p>","protected":false},"excerpt":{"rendered":"<p><a href=\"https:\/\/www.chiwava.com\/es\/tienda-de-marca\/\"><img loading=\"lazy\" decoding=\"async\" class=\"alignnone size-medium wp-image-94\" src=\"https:\/\/www.chiwava.com\/wp-content\/uploads\/2019\/06\/Amazon-300x73.png\" alt=\"\" width=\"300\" height=\"73\" srcset=\"https:\/\/www.chiwava.com\/wp-content\/uploads\/2019\/06\/Amazon-300x73.png 300w, https:\/\/www.chiwava.com\/wp-content\/uploads\/2019\/06\/Amazon.png 364w\" sizes=\"auto, (max-width: 300px) 100vw, 300px\" \/>\u00a0\u00a0<\/a><br \/>\nChiwava 24PCS 1.8 \u2033 Catnip Furry Cat Toys Ball Soft Pom Pom balls Kitten Chase Quiet Play Color surtido<\/p>\n<p>\u2764 Fabricado con relleno de algod\u00f3n en el interior, felpa suave y peluda en el exterior.<br \/>\n\u2764 Ligero, f\u00e1cil de perseguir, transportar o lanzar al aire.<br \/>\n\u2764 Dise\u00f1o Catnips, atractivo para los instintos naturales de tu gato y su emoci\u00f3n adicional.<br \/>\n\u2764 Las bolas PomPom tienen el tama\u00f1o perfecto para batear y transportar. Ideal para el ejercicio y el juego de entrenamiento.<br \/>\n\u2764 Paquete: 24 paquetes\/caja, ideal para hogares interactivos en interiores y juguetes de actividad. \u2026 <span class=\"more-button\"><a href=\"https:\/\/www.chiwava.com\/es\/producto\/ctb12002-24-piezas\/\" class=\"more-link\">Continuar<span class=\"screen-reader-text\">Bola de juguetes para gatos peluda Chiwava Catnip<\/span><\/a><\/span><\/p>","protected":false},"featured_media":28709,"template":"","meta":[],"product_brand":[],"product_cat":[17,15],"product_tag":[168,35,139,167],"class_list":{"0":"post-7999","1":"product","2":"type-product","3":"status-publish","4":"has-post-thumbnail","6":"product_cat-cat_toys","7":"product_cat-pet_toys","8":"product_tag-cat-toy-set","9":"product_tag-catnip-cat-toys","10":"product_tag-interactive-cat-toy","11":"product_tag-soft-cat-toy-ball","13":"first","14":"instock","15":"shipping-taxable","16":"product-type-simple"},"_links":{"self":[{"href":"https:\/\/www.chiwava.com\/es\/wp-json\/wp\/v2\/product\/7999","targetHints":{"allow":["GET"]}}],"collection":[{"href":"https:\/\/www.chiwava.com\/es\/wp-json\/wp\/v2\/product"}],"about":[{"href":"https:\/\/www.chiwava.com\/es\/wp-json\/wp\/v2\/types\/product"}],"wp:featuredmedia":[{"embeddable":true,"href":"https:\/\/www.chiwava.com\/es\/wp-json\/wp\/v2\/media\/28709"}],"wp:attachment":[{"href":"https:\/\/www.chiwava.com\/es\/wp-json\/wp\/v2\/media?parent=7999"}],"wp:term":[{"taxonomy":"product_brand","embeddable":true,"href":"https:\/\/www.chiwava.com\/es\/wp-json\/wp\/v2\/product_brand?post=7999"},{"taxonomy":"product_cat","embeddable":true,"href":"https:\/\/www.chiwava.com\/es\/wp-json\/wp\/v2\/product_cat?post=7999"},{"taxonomy":"product_tag","embeddable":true,"href":"https:\/\/www.chiwava.com\/es\/wp-json\/wp\/v2\/product_tag?post=7999"}],"curies":[{"name":"wp","href":"https:\/\/api.w.org\/{rel}","templated":true}]}}