{"id":7965,"date":"2021-03-23T07:19:17","date_gmt":"2021-03-23T07:19:17","guid":{"rendered":"https:\/\/www.chiwava.com\/?post_type=product&#038;p=7965"},"modified":"2025-10-10T06:46:10","modified_gmt":"2025-10-10T06:46:10","slug":"dtl21004","status":"publish","type":"product","link":"https:\/\/www.chiwava.com\/es\/producto\/dtl21004\/","title":{"rendered":"Chiwava - Juego de 3 pelotas de l\u00e1tex para perros de 2,7 pulgadas con cara sonriente, bolas redondas"},"content":{"rendered":"<p>Las bolas de sonrisa redondas Chiwava est\u00e1n hechas de l\u00e1tex natural. NO T\u00d3XICO. El revestimiento del juguete es agradable al tacto y suave, f\u00e1cil de limpiar. tiene un altavoz peque\u00f1o que hace un sonido atractivo cuando lo aprietas. Se puede usar en interiores o exteriores. Ligero y f\u00e1cil de llevar al exterior. Es un juguete que puedes jugar tirando o jugando entre ellos.<\/p>","protected":false},"excerpt":{"rendered":"<p><a href=\"https:\/\/www.chiwava.com\/es\/tienda-de-marca\/\"><img loading=\"lazy\" decoding=\"async\" class=\"alignnone size-medium wp-image-94\" src=\"https:\/\/www.chiwava.com\/wp-content\/uploads\/2019\/06\/Amazon-300x73.png\" alt=\"\" width=\"300\" height=\"73\" srcset=\"https:\/\/www.chiwava.com\/wp-content\/uploads\/2019\/06\/Amazon-300x73.png 300w, https:\/\/www.chiwava.com\/wp-content\/uploads\/2019\/06\/Amazon.png 364w\" sizes=\"auto, (max-width: 300px) 100vw, 300px\" \/>\u00a0\u00a0<\/a><\/p>\n<p>Chiwava - Juego de 4 juguetes de l\u00e1tex para perros con chirrido, divertidos juegos de osos marrones, juegos interactivos para mascotas para perros peque\u00f1os y medianos<\/p>\n<p>\u2764 Fabricado con caucho de l\u00e1tex natural, no t\u00f3xico.<br \/>\n\u2764 Suave, Squeeze Squeak, bola redonda con cara sonriente, relleno relleno.<br \/>\n\u2764 Dogs Interactive Chew Sound y Outdoor Indoor Fetch Play.<br \/>\n\u2764 Contiene 3 bolas de expresi\u00f3n facial diferentes, ideal para buscar, lanzar y rebotar.<br \/>\n\u2764 Adecuado para perros peque\u00f1os: menos de 11 kg (24,25 lb). \u2026 <span class=\"more-button\"><a href=\"https:\/\/www.chiwava.com\/es\/producto\/dtl21004\/\" class=\"more-link\">Continuar<span class=\"screen-reader-text\">Chiwava - Juego de 3 pelotas de l\u00e1tex para perros de 2,7 pulgadas con cara sonriente, bolas redondas<\/span><\/a><\/span><\/p>","protected":false},"featured_media":75566,"template":"","meta":[],"product_brand":[],"product_cat":[16,286,15],"product_tag":[162,163,59,58],"class_list":{"0":"post-7965","1":"product","2":"type-product","3":"status-publish","4":"has-post-thumbnail","6":"product_cat-dog_toys","7":"product_cat-latex-dog-toys","8":"product_cat-pet_toys","9":"product_tag-dog-ball","10":"product_tag-face-ball-dog-toy","11":"product_tag-interactive-dog-toy","12":"product_tag-squeak-dog-toy","14":"first","15":"instock","16":"shipping-taxable","17":"product-type-simple"},"_links":{"self":[{"href":"https:\/\/www.chiwava.com\/es\/wp-json\/wp\/v2\/product\/7965","targetHints":{"allow":["GET"]}}],"collection":[{"href":"https:\/\/www.chiwava.com\/es\/wp-json\/wp\/v2\/product"}],"about":[{"href":"https:\/\/www.chiwava.com\/es\/wp-json\/wp\/v2\/types\/product"}],"wp:featuredmedia":[{"embeddable":true,"href":"https:\/\/www.chiwava.com\/es\/wp-json\/wp\/v2\/media\/75566"}],"wp:attachment":[{"href":"https:\/\/www.chiwava.com\/es\/wp-json\/wp\/v2\/media?parent=7965"}],"wp:term":[{"taxonomy":"product_brand","embeddable":true,"href":"https:\/\/www.chiwava.com\/es\/wp-json\/wp\/v2\/product_brand?post=7965"},{"taxonomy":"product_cat","embeddable":true,"href":"https:\/\/www.chiwava.com\/es\/wp-json\/wp\/v2\/product_cat?post=7965"},{"taxonomy":"product_tag","embeddable":true,"href":"https:\/\/www.chiwava.com\/es\/wp-json\/wp\/v2\/product_tag?post=7965"}],"curies":[{"name":"wp","href":"https:\/\/api.w.org\/{rel}","templated":true}]}}