{"id":7963,"date":"2021-03-23T07:16:26","date_gmt":"2021-03-23T07:16:26","guid":{"rendered":"https:\/\/www.chiwava.com\/?post_type=product&#038;p=7963"},"modified":"2025-10-10T06:46:11","modified_gmt":"2025-10-10T06:46:11","slug":"dtl21003-2pcs","status":"publish","type":"product","link":"https:\/\/www.chiwava.com\/es\/producto\/dtl21003-2pcs\/","title":{"rendered":"Chiwava 2 Pack 6\u2033 Squeaky Latex Dog Toy Pelotas F\u00fatbol Rugby"},"content":{"rendered":"<p>Los juguetes para perros de rugby de f\u00fatbol Chiwava est\u00e1n hechos de l\u00e1tex, NO T\u00d3XICOS. Los juguetes rellenos vienen en un juego de rugby de f\u00fatbol marr\u00f3n de 2 piezas que tienen un chirrido peque\u00f1o que hace un sonido chirriante cuando lo aprietas. Ideal para buscar, lanzar, lanzar juguetes. Ayuda a liberar el exceso de energ\u00eda y reduce el aburrimiento. Perfecto para juegos interactivos para mejorar su relaci\u00f3n con sus mascotas.<\/p>","protected":false},"excerpt":{"rendered":"<p><a href=\"https:\/\/www.chiwava.com\/es\/tienda-de-marca\/\"><img loading=\"lazy\" decoding=\"async\" class=\"alignnone size-medium wp-image-94\" src=\"https:\/\/www.chiwava.com\/wp-content\/uploads\/2019\/06\/Amazon-300x73.png\" alt=\"\" width=\"300\" height=\"73\" srcset=\"https:\/\/www.chiwava.com\/wp-content\/uploads\/2019\/06\/Amazon-300x73.png 300w, https:\/\/www.chiwava.com\/wp-content\/uploads\/2019\/06\/Amazon.png 364w\" sizes=\"auto, (max-width: 300px) 100vw, 300px\" \/>\u00a0\u00a0<\/a><\/p>\n<p>Chiwava 2 Pack 6\u2033 Squeaky Latex Dog Toy Balls Football Rugby Fetch Juguete interactivo para perros medianos y grandes<\/p>\n<p>\u2764 Fabricado con caucho de l\u00e1tex natural, no t\u00f3xico.<br \/>\n\u2764 Suave, hace un sonido chirriante cuando se aprieta, dise\u00f1o cl\u00e1sico de rugby de f\u00fatbol, relleno de felpa.<br \/>\n\u2764 Ideal para horas de diversi\u00f3n tirando y tirando, reduce el aburrimiento.<br \/>\n\u2764 Perfecto para buscar y ense\u00f1ar a tu perro nuevas habilidades, aumenta la mejor amistad entre t\u00fa y tu perro.<br \/>\n2 piezas por juego, adecuado para perros medianos y grandes: 10 \uff5e 40 kg (22 \uff5e 88 lb). \u2026 <span class=\"more-button\"><a href=\"https:\/\/www.chiwava.com\/es\/producto\/dtl21003-2pcs\/\" class=\"more-link\">Continuar<span class=\"screen-reader-text\">Chiwava 2 Pack 6\u2033 Squeaky Latex Dog Toy Pelotas F\u00fatbol Rugby<\/span><\/a><\/span><\/p>","protected":false},"featured_media":15198,"template":"","meta":[],"product_brand":[],"product_cat":[16,286,15],"product_tag":[160,161,58],"class_list":{"0":"post-7963","1":"product","2":"type-product","3":"status-publish","4":"has-post-thumbnail","6":"product_cat-dog_toys","7":"product_cat-latex-dog-toys","8":"product_cat-pet_toys","9":"product_tag-dog-toy-ball","10":"product_tag-football","11":"product_tag-squeak-dog-toy","13":"first","14":"instock","15":"shipping-taxable","16":"product-type-simple"},"_links":{"self":[{"href":"https:\/\/www.chiwava.com\/es\/wp-json\/wp\/v2\/product\/7963","targetHints":{"allow":["GET"]}}],"collection":[{"href":"https:\/\/www.chiwava.com\/es\/wp-json\/wp\/v2\/product"}],"about":[{"href":"https:\/\/www.chiwava.com\/es\/wp-json\/wp\/v2\/types\/product"}],"wp:featuredmedia":[{"embeddable":true,"href":"https:\/\/www.chiwava.com\/es\/wp-json\/wp\/v2\/media\/15198"}],"wp:attachment":[{"href":"https:\/\/www.chiwava.com\/es\/wp-json\/wp\/v2\/media?parent=7963"}],"wp:term":[{"taxonomy":"product_brand","embeddable":true,"href":"https:\/\/www.chiwava.com\/es\/wp-json\/wp\/v2\/product_brand?post=7963"},{"taxonomy":"product_cat","embeddable":true,"href":"https:\/\/www.chiwava.com\/es\/wp-json\/wp\/v2\/product_cat?post=7963"},{"taxonomy":"product_tag","embeddable":true,"href":"https:\/\/www.chiwava.com\/es\/wp-json\/wp\/v2\/product_tag?post=7963"}],"curies":[{"name":"wp","href":"https:\/\/api.w.org\/{rel}","templated":true}]}}