{"id":7962,"date":"2021-03-23T07:12:52","date_gmt":"2021-03-23T07:12:52","guid":{"rendered":"https:\/\/www.chiwava.com\/?post_type=product&#038;p=7962"},"modified":"2025-10-10T06:46:12","modified_gmt":"2025-10-10T06:46:12","slug":"dtl21002","status":"publish","type":"product","link":"https:\/\/www.chiwava.com\/es\/producto\/dtl21002\/","title":{"rendered":"Chiwava - Juego de 4 juguetes de l\u00e1tex para perros con chirrido, divertidos juegos de osos marrones"},"content":{"rendered":"<p>Los juguetes Chiwava est\u00e1n hechos de l\u00e1tex, NO T\u00d3XICOS. Relleno Relleno. El revestimiento de los juguetes es agradable al tacto y suave, f\u00e1cil de limpiar. Los juguetes vienen en un juego de 4 osos pardos con divertidas formas diferentes (oso de palo largo, oso en forma de huevo, oso en forma de bola de boliche y oso redondo). Tiene un chirriador peque\u00f1o que hace un sonido chirriante cuando lo aprietas. Ideal para buscar, lanzar, tirar y juguetes interactivos.<\/p>","protected":false},"excerpt":{"rendered":"<p><a href=\"https:\/\/www.chiwava.com\/es\/tienda-de-marca\/\"><img loading=\"lazy\" decoding=\"async\" class=\"alignnone size-medium wp-image-94\" src=\"https:\/\/www.chiwava.com\/wp-content\/uploads\/2019\/06\/Amazon-300x73.png\" alt=\"\" width=\"300\" height=\"73\" srcset=\"https:\/\/www.chiwava.com\/wp-content\/uploads\/2019\/06\/Amazon-300x73.png 300w, https:\/\/www.chiwava.com\/wp-content\/uploads\/2019\/06\/Amazon.png 364w\" sizes=\"auto, (max-width: 300px) 100vw, 300px\" \/>\u00a0\u00a0<\/a><\/p>\n<p>Chiwava - Juego de 4 juguetes de l\u00e1tex para perros con chirrido, divertidos juegos de osos marrones, juegos interactivos para mascotas para perros peque\u00f1os y medianos<\/p>\n<p>\u2764 Fabricado con caucho de l\u00e1tex natural, no t\u00f3xico.<br \/>\n\u2764 Suave, Squeeze Squeak, Funny Brown Bear Family, relleno de felpa.<br \/>\n\u2764 Juego de 4 divertidos juguetes de oso pardo, oso de palo largo, oso en forma de huevo, oso en forma de bola de boliche y oso redondo.<br \/>\n\u2764 Ideal para buscar, lanzar, tirar y juguetes interactivos, reduce el aburrimiento de tus mascotas y trae diversi\u00f3n.<br \/>\n\u2764 Adecuado para perros peque\u00f1os: menos de 11 kg (24,25 lb). \u2026 <span class=\"more-button\"><a href=\"https:\/\/www.chiwava.com\/es\/producto\/dtl21002\/\" class=\"more-link\">Continuar<span class=\"screen-reader-text\">Chiwava - Juego de 4 juguetes de l\u00e1tex para perros con chirrido, divertidos juegos de osos marrones<\/span><\/a><\/span><\/p>","protected":false},"featured_media":77011,"template":"","meta":[],"product_brand":[],"product_cat":[16,286,15],"product_tag":[59,21,58],"class_list":{"0":"post-7962","1":"product","2":"type-product","3":"status-publish","4":"has-post-thumbnail","6":"product_cat-dog_toys","7":"product_cat-latex-dog-toys","8":"product_cat-pet_toys","9":"product_tag-interactive-dog-toy","10":"product_tag-latex-dog-toys","11":"product_tag-squeak-dog-toy","13":"first","14":"instock","15":"shipping-taxable","16":"product-type-simple"},"_links":{"self":[{"href":"https:\/\/www.chiwava.com\/es\/wp-json\/wp\/v2\/product\/7962","targetHints":{"allow":["GET"]}}],"collection":[{"href":"https:\/\/www.chiwava.com\/es\/wp-json\/wp\/v2\/product"}],"about":[{"href":"https:\/\/www.chiwava.com\/es\/wp-json\/wp\/v2\/types\/product"}],"wp:featuredmedia":[{"embeddable":true,"href":"https:\/\/www.chiwava.com\/es\/wp-json\/wp\/v2\/media\/77011"}],"wp:attachment":[{"href":"https:\/\/www.chiwava.com\/es\/wp-json\/wp\/v2\/media?parent=7962"}],"wp:term":[{"taxonomy":"product_brand","embeddable":true,"href":"https:\/\/www.chiwava.com\/es\/wp-json\/wp\/v2\/product_brand?post=7962"},{"taxonomy":"product_cat","embeddable":true,"href":"https:\/\/www.chiwava.com\/es\/wp-json\/wp\/v2\/product_cat?post=7962"},{"taxonomy":"product_tag","embeddable":true,"href":"https:\/\/www.chiwava.com\/es\/wp-json\/wp\/v2\/product_tag?post=7962"}],"curies":[{"name":"wp","href":"https:\/\/api.w.org\/{rel}","templated":true}]}}