{"id":77743,"date":"2024-11-11T09:03:39","date_gmt":"2024-11-11T09:03:39","guid":{"rendered":"https:\/\/www.chiwava.com\/?post_type=product&#038;p=77743"},"modified":"2025-04-09T06:06:35","modified_gmt":"2025-04-09T06:06:35","slug":"ctm00150-27-piezas","status":"publish","type":"product","link":"https:\/\/www.chiwava.com\/es\/producto\/ctm00150-27-piezas\/","title":{"rendered":"Chiwava 27PCS Striped Shaggy Cat Toy Ratones con Sonajero Surtido Peque\u00f1o Rat\u00f3n Juego Interactivo para Gatos de Interior Mix Color"},"content":{"rendered":"<p>Los ratones peludos para gatos Chiwava Striped est\u00e1n dise\u00f1ados para entretener a los gatos a la vez que estimulan sus instintos naturales de caza. Exterior de algod\u00f3n suave, interior de pl\u00e1stico. 27PCS Por caja, Tres ratones con diferentes formas se utilizaron, atrae a sus gatos y fomentar el juego prolongado.cada rat\u00f3n incluye peque\u00f1as piedras en el interior que crea un sonido de traqueteo cuando se agita o bateado, ideal para los gatos que aman los juguetes que hacen ruido que despiertan la curiosidad y la emoci\u00f3n.peque\u00f1o y ligero, estos ratones son f\u00e1ciles para los gatos para lanzar, batear, o llevar en la boca. mantener a su gato entretenido y activo.ayuda a reducir el aburrimiento y los comportamientos destructivos en los gatos de interior.<\/p>","protected":false},"excerpt":{"rendered":"<p><a href=\"https:\/\/www.chiwava.com\/es\/tienda-de-marca\/\"><img loading=\"lazy\" decoding=\"async\" class=\"alignnone size-medium wp-image-94\" src=\"https:\/\/www.chiwava.com\/wp-content\/uploads\/2019\/06\/Amazon-300x73.png\" alt=\"\" width=\"300\" height=\"73\" srcset=\"https:\/\/www.chiwava.com\/wp-content\/uploads\/2019\/06\/Amazon-300x73.png 300w, https:\/\/www.chiwava.com\/wp-content\/uploads\/2019\/06\/Amazon.png 364w\" sizes=\"auto, (max-width: 300px) 100vw, 300px\" \/><\/a><\/p>\n<p>Chiwava 27PCS Rayas Shaggy Ratones de juguete para gatos con sonajero Surtido Peque\u00f1o rat\u00f3n<\/p>\n<ul>\n<li>Este juguete fabricado con pl\u00e1stico en su interior, est\u00e1 recubierto de un suave hilo de algod\u00f3n.<\/li>\n<li>Cada rat\u00f3n contiene un peque\u00f1o cascabel en su interior, hace que el sonido del cascabel atraiga el inter\u00e9s de su gato para mantenerse activo, fomentando el ejercicio y reduciendo el aburrimiento.<\/li>\n<li>Tres ratones diferentes que ofrecen variedad y cautivan la atenci\u00f3n de su gato, Ideales para que los gatos los bateen, los lleven o los persigan.<\/li>\n<li>Compacto y port\u00e1til, suficiente para que los gatos lo lleven en la boca, imitando el comportamiento de presa. Ayuda a satisfacer sus instintos depredadores en un entorno seguro y controlado.<\/li>\n<li>Paquete: 27PCS por caja, adecuado para los hogares interactivos de interior y juguetes de actividad.<\/li>\n<\/ul>\n<p> \u2026 <span class=\"more-button\"><a href=\"https:\/\/www.chiwava.com\/es\/producto\/ctm00150-27-piezas\/\" class=\"more-link\">Continuar<span class=\"screen-reader-text\">Chiwava 27PCS Striped Shaggy Cat Toy Ratones con Sonajero Surtido Peque\u00f1o Rat\u00f3n Juego Interactivo para Gatos de Interior Mix Color<\/span><\/a><\/span><\/p>","protected":false},"featured_media":77852,"template":"","meta":[],"product_brand":[],"product_cat":[17,15],"product_tag":[285,50,284],"class_list":{"0":"post-77743","1":"product","2":"type-product","3":"status-publish","4":"has-post-thumbnail","6":"product_cat-cat_toys","7":"product_cat-pet_toys","8":"product_tag-moppy-cat-toys-mice","9":"product_tag-rattle-cat-toys-mice","10":"product_tag-shaggy-cat-toy-mice","12":"first","13":"instock","14":"shipping-taxable","15":"product-type-simple"},"_links":{"self":[{"href":"https:\/\/www.chiwava.com\/es\/wp-json\/wp\/v2\/product\/77743","targetHints":{"allow":["GET"]}}],"collection":[{"href":"https:\/\/www.chiwava.com\/es\/wp-json\/wp\/v2\/product"}],"about":[{"href":"https:\/\/www.chiwava.com\/es\/wp-json\/wp\/v2\/types\/product"}],"wp:featuredmedia":[{"embeddable":true,"href":"https:\/\/www.chiwava.com\/es\/wp-json\/wp\/v2\/media\/77852"}],"wp:attachment":[{"href":"https:\/\/www.chiwava.com\/es\/wp-json\/wp\/v2\/media?parent=77743"}],"wp:term":[{"taxonomy":"product_brand","embeddable":true,"href":"https:\/\/www.chiwava.com\/es\/wp-json\/wp\/v2\/product_brand?post=77743"},{"taxonomy":"product_cat","embeddable":true,"href":"https:\/\/www.chiwava.com\/es\/wp-json\/wp\/v2\/product_cat?post=77743"},{"taxonomy":"product_tag","embeddable":true,"href":"https:\/\/www.chiwava.com\/es\/wp-json\/wp\/v2\/product_tag?post=77743"}],"curies":[{"name":"wp","href":"https:\/\/api.w.org\/{rel}","templated":true}]}}