{"id":77699,"date":"2024-11-01T07:23:20","date_gmt":"2024-11-01T07:23:20","guid":{"rendered":"https:\/\/www.chiwava.com\/?post_type=product&#038;p=77699"},"modified":"2025-04-09T03:07:59","modified_gmt":"2025-04-09T03:07:59","slug":"chiwava-ratones-de-juguete-peludos-para-gatos","status":"publish","type":"product","link":"https:\/\/www.chiwava.com\/es\/producto\/chiwava-ratones-de-juguete-peludos-para-gatos\/","title":{"rendered":"Chiwava 36PCS Candy Color Furry Rat\u00f3n Rat\u00f3n Gato Juguete Rattle Gatito Juguete Interactivo Surtido de Color"},"content":{"rendered":"<p>Los ratones de juguete para gatos Chiwava Candy Color son juguetes l\u00fadicos dise\u00f1ados para que los gatos participen en juegos divertidos e interactivos. Exterior de peluche, interior de pl\u00e1stico. 36PCS Por caja, A diferencia de los ratones de juguete tradicionales, estos ratones tienen un dise\u00f1o simple, sin ojos. estos juguetes son seguros para que los gatos disfruten sin el riesgo de tragar trozos sueltos como ojos de pl\u00e1stico. Cada rat\u00f3n incluye peque\u00f1as piedras en su interior que crean un sonido de traqueteo cuando se agita o batea, atrayendo el sentido de curiosidad del gato y llamando su atenci\u00f3n. Ideal para batear, perseguir, rebotar y como juguete interactivo. Es una buena elecci\u00f3n para los gatos a los que les gustan los dise\u00f1os minimalistas con varios colores, ofreciendo horas de diversi\u00f3n l\u00fadica y estimulaci\u00f3n mental.<\/p>","protected":false},"excerpt":{"rendered":"<p><a href=\"https:\/\/www.chiwava.com\/es\/tienda-de-marca\/\"><img loading=\"lazy\" decoding=\"async\" class=\"alignnone size-medium wp-image-94\" src=\"https:\/\/www.chiwava.com\/wp-content\/uploads\/2019\/06\/Amazon-300x73.png\" alt=\"\" width=\"300\" height=\"73\" srcset=\"https:\/\/www.chiwava.com\/wp-content\/uploads\/2019\/06\/Amazon-300x73.png 300w, https:\/\/www.chiwava.com\/wp-content\/uploads\/2019\/06\/Amazon.png 364w\" sizes=\"auto, (max-width: 300px) 100vw, 300px\" \/><\/a><\/p>\n<p>Chiwava 36PCS Candy Color Furry Rat\u00f3n Rat\u00f3n Gato Juguete Rattle Gatito Juguete Interactivo Surtido de Color<\/p>\n<ul>\n<li>Piel sint\u00e9tica peluda en el exterior y pl\u00e1stico en el interior. Proporciona una buena textura para que los gatos bateen, mastiquen y lleven.<\/li>\n<li>Cada rat\u00f3n contiene un peque\u00f1o cascabel que produce un sonido de traqueteo al agitarlo o golpearlo, atrae a su gato y le anima a jugar durante m\u00e1s tiempo.<\/li>\n<li>Fabricado con costuras seguras, dise\u00f1o sin ojos, seguro para gatos y sin piezas sueltas.<\/li>\n<li>Varios ratones de color caramelo para aumentar a\u00fan m\u00e1s el inter\u00e9s y la emoci\u00f3n durante el juego.<\/li>\n<li>36PCS Por Caja,Gran Juguete para Batear, Morder y Actividades. Estimular los instintos naturales de caza de su gato.<\/li>\n<\/ul>\n<p> \u2026 <span class=\"more-button\"><a href=\"https:\/\/www.chiwava.com\/es\/producto\/chiwava-ratones-de-juguete-peludos-para-gatos\/\" class=\"more-link\">Continuar<span class=\"screen-reader-text\">Chiwava 36PCS Candy Color Furry Rat\u00f3n Rat\u00f3n Gato Juguete Rattle Gatito Juguete Interactivo Surtido de Color<\/span><\/a><\/span><\/p>","protected":false},"featured_media":77741,"template":"","meta":[],"product_brand":[],"product_cat":[17,15],"product_tag":[25,242,50],"class_list":{"0":"post-77699","1":"product","2":"type-product","3":"status-publish","4":"has-post-thumbnail","6":"product_cat-cat_toys","7":"product_cat-pet_toys","8":"product_tag-cat-toys-mice","9":"product_tag-fur-cat-toy-mice","10":"product_tag-rattle-cat-toys-mice","12":"first","13":"instock","14":"shipping-taxable","15":"product-type-grouped"},"_links":{"self":[{"href":"https:\/\/www.chiwava.com\/es\/wp-json\/wp\/v2\/product\/77699","targetHints":{"allow":["GET"]}}],"collection":[{"href":"https:\/\/www.chiwava.com\/es\/wp-json\/wp\/v2\/product"}],"about":[{"href":"https:\/\/www.chiwava.com\/es\/wp-json\/wp\/v2\/types\/product"}],"wp:featuredmedia":[{"embeddable":true,"href":"https:\/\/www.chiwava.com\/es\/wp-json\/wp\/v2\/media\/77741"}],"wp:attachment":[{"href":"https:\/\/www.chiwava.com\/es\/wp-json\/wp\/v2\/media?parent=77699"}],"wp:term":[{"taxonomy":"product_brand","embeddable":true,"href":"https:\/\/www.chiwava.com\/es\/wp-json\/wp\/v2\/product_brand?post=77699"},{"taxonomy":"product_cat","embeddable":true,"href":"https:\/\/www.chiwava.com\/es\/wp-json\/wp\/v2\/product_cat?post=77699"},{"taxonomy":"product_tag","embeddable":true,"href":"https:\/\/www.chiwava.com\/es\/wp-json\/wp\/v2\/product_tag?post=77699"}],"curies":[{"name":"wp","href":"https:\/\/api.w.org\/{rel}","templated":true}]}}