{"id":77637,"date":"2024-10-10T07:40:39","date_gmt":"2024-10-10T07:40:39","guid":{"rendered":"https:\/\/www.chiwava.com\/?post_type=product&#038;p=77637"},"modified":"2025-04-09T03:03:03","modified_gmt":"2025-04-09T03:03:03","slug":"dtl24001","status":"publish","type":"product","link":"https:\/\/www.chiwava.com\/es\/producto\/dtl24001\/","title":{"rendered":"CHIWAVA - Juego de 3 juguetes de l\u00e1tex para perros peque\u00f1os con forma de calabaza de 2,6 pulgadas, juego interactivo"},"content":{"rendered":"<p>Los juguetes para perros Chiwava Pumpkin est\u00e1n fabricados con l\u00e1tex natural. NO T\u00d3XICO. El revestimiento de los juguetes es agradable al tacto y suave, sin relleno en el interior. Su color naranja brillante y la expresi\u00f3n de su simp\u00e1tica cara le a\u00f1aden atractivo. Ideal para Halloween, el juguete incorpora un chirriador que emite un divertido sonido al apretarlo o morderlo. El juguete interactivo con chirriador es seguro para que su mascota lo mastique y juegue a buscarlo.<\/p>","protected":false},"excerpt":{"rendered":"<p><a href=\"https:\/\/www.chiwava.com\/es\/tienda-de-marca\/\"><img loading=\"lazy\" decoding=\"async\" class=\"alignnone size-medium wp-image-94\" src=\"https:\/\/www.chiwava.com\/wp-content\/uploads\/2019\/06\/Amazon-300x73.png\" alt=\"\" width=\"300\" height=\"73\" srcset=\"https:\/\/www.chiwava.com\/wp-content\/uploads\/2019\/06\/Amazon-300x73.png 300w, https:\/\/www.chiwava.com\/wp-content\/uploads\/2019\/06\/Amazon.png 364w\" sizes=\"auto, (max-width: 300px) 100vw, 300px\" \/><\/a><\/p>\n<p>CHIWAVA - Juego de 3 juguetes de l\u00e1tex para perros peque\u00f1os con forma de calabaza de 2,6 pulgadas, juego interactivo<\/p>\n<p>\u2764 Fabricado con caucho de l\u00e1tex natural, no t\u00f3xico.<br \/>\n\u2764 Suave, Squeak Squeak, Calabaza divertido con expresi\u00f3n de la cara diferente, Sin relleno.<br \/>\n\u2764 Ligero y saltar\u00edn, el juguete es f\u00e1cil de lanzar, por lo que es ideal para juegos de buscar y recoger tanto en interiores como al aire libre.<br \/>\n\u2764 Contiene 3 diferentes expresi\u00f3n divertida, mantener a su cachorro comprometido y entretenido.<br \/>\n\u2764 Adecuado para perros peque\u00f1os: menos de 11 kg (24,25 lb). \u2026 <span class=\"more-button\"><a href=\"https:\/\/www.chiwava.com\/es\/producto\/dtl24001\/\" class=\"more-link\">Continuar<span class=\"screen-reader-text\">CHIWAVA - Juego de 3 juguetes de l\u00e1tex para perros peque\u00f1os con forma de calabaza de 2,6 pulgadas, juego interactivo<\/span><\/a><\/span><\/p>","protected":false},"featured_media":77639,"template":"","meta":[],"product_brand":[],"product_cat":[16,15],"product_tag":[279,21,58],"class_list":{"0":"post-77637","1":"product","2":"type-product","3":"status-publish","4":"has-post-thumbnail","6":"product_cat-dog_toys","7":"product_cat-pet_toys","8":"product_tag-dog-fetch-toy","9":"product_tag-latex-dog-toys","10":"product_tag-squeak-dog-toy","12":"first","13":"instock","14":"shipping-taxable","15":"product-type-grouped"},"_links":{"self":[{"href":"https:\/\/www.chiwava.com\/es\/wp-json\/wp\/v2\/product\/77637","targetHints":{"allow":["GET"]}}],"collection":[{"href":"https:\/\/www.chiwava.com\/es\/wp-json\/wp\/v2\/product"}],"about":[{"href":"https:\/\/www.chiwava.com\/es\/wp-json\/wp\/v2\/types\/product"}],"wp:featuredmedia":[{"embeddable":true,"href":"https:\/\/www.chiwava.com\/es\/wp-json\/wp\/v2\/media\/77639"}],"wp:attachment":[{"href":"https:\/\/www.chiwava.com\/es\/wp-json\/wp\/v2\/media?parent=77637"}],"wp:term":[{"taxonomy":"product_brand","embeddable":true,"href":"https:\/\/www.chiwava.com\/es\/wp-json\/wp\/v2\/product_brand?post=77637"},{"taxonomy":"product_cat","embeddable":true,"href":"https:\/\/www.chiwava.com\/es\/wp-json\/wp\/v2\/product_cat?post=77637"},{"taxonomy":"product_tag","embeddable":true,"href":"https:\/\/www.chiwava.com\/es\/wp-json\/wp\/v2\/product_tag?post=77637"}],"curies":[{"name":"wp","href":"https:\/\/api.w.org\/{rel}","templated":true}]}}