{"id":77614,"date":"2024-09-25T03:03:56","date_gmt":"2024-09-25T03:03:56","guid":{"rendered":"https:\/\/www.chiwava.com\/?post_type=product&#038;p=77614"},"modified":"2025-04-09T03:03:59","modified_gmt":"2025-04-09T03:03:59","slug":"ctm12007-6-piezas","status":"publish","type":"product","link":"https:\/\/www.chiwava.com\/es\/producto\/ctm12007-6-piezas\/","title":{"rendered":"Chiwava - 6 ratones peludos de pelo largo de 3,1\u2033 con sonajero, juguete interactivo para gatos peque\u00f1os de color degradado"},"content":{"rendered":"<p>Chiwava Long Haired Furry Mice with Rattle es un divertido color degradado dise\u00f1ado para gatos. Estos juguetes est\u00e1n cubiertos de pelo largo suave y colorido que parece realista, estimulando los instintos de caza del gato. En el interior, un cascabel oculto produce un sonido de cascabel cuando el juguete se bate o se agita, captando la atenci\u00f3n de su gato y fomentando la interacci\u00f3n l\u00fadica. La combinaci\u00f3n de la textura larga y peluda y el sonido del cascabel ofrece estimulaci\u00f3n t\u00e1ctil y auditiva, manteniendo a los gatos entretenidos y mentalmente comprometidos. Satisface los instintos naturales del gato de acechar, abalanzarse y \"cazar\" durante todo el d\u00eda.<\/p>","protected":false},"excerpt":{"rendered":"<p><a href=\"https:\/\/www.chiwava.com\/es\/tienda-de-marca\/\"><img loading=\"lazy\" decoding=\"async\" class=\"alignnone size-medium wp-image-94\" src=\"https:\/\/www.chiwava.com\/wp-content\/uploads\/2019\/06\/Amazon-300x73.png\" alt=\"\" width=\"300\" height=\"73\" srcset=\"https:\/\/www.chiwava.com\/wp-content\/uploads\/2019\/06\/Amazon-300x73.png 300w, https:\/\/www.chiwava.com\/wp-content\/uploads\/2019\/06\/Amazon.png 364w\" sizes=\"auto, (max-width: 300px) 100vw, 300px\" \/><\/a><\/p>\n<p>Chiwava - 6 ratones peludos de pelo largo de 3,1\u2033 con sonajero, juguete interactivo para gatos peque\u00f1os de color degradado<\/p>\n<ul>\n<li>Este juguete fabricado con Pl\u00e1stico en su Interior, esta recubierto de suave y largo pelaje, de Tacto Suave.<\/li>\n<li>Cada rat\u00f3n contiene un peque\u00f1o cascabel en su interior, el sonido del cascabel mantendr\u00e1 a su gato intrigado y juguet\u00f3n.<\/li>\n<li>El tama\u00f1o compacto del juguete es perfecto para que los gatos lo lleven en la boca o lo bateen alrededor, f\u00e1cil para que los gatos lo golpeen, lancen, persigan y se abalancen.<\/li>\n<li>Ideal para el juego independiente, dise\u00f1o de colores degradados, atrae la atenci\u00f3n del gato, fomentando el juego activo y el ejercicio.<\/li>\n<li>Paquete: 6PCS por caja, adecuado para los hogares interactivos de interior y juguetes de actividad.<\/li>\n<\/ul>\n<p> \u2026 <span class=\"more-button\"><a href=\"https:\/\/www.chiwava.com\/es\/producto\/ctm12007-6-piezas\/\" class=\"more-link\">Continuar<span class=\"screen-reader-text\">Chiwava - 6 ratones peludos de pelo largo de 3,1\u2033 con sonajero, juguete interactivo para gatos peque\u00f1os de color degradado<\/span><\/a><\/span><\/p>","protected":false},"featured_media":77662,"template":"","meta":[],"product_brand":[],"product_cat":[17,15],"product_tag":[25,242,50],"class_list":{"0":"post-77614","1":"product","2":"type-product","3":"status-publish","4":"has-post-thumbnail","6":"product_cat-cat_toys","7":"product_cat-pet_toys","8":"product_tag-cat-toys-mice","9":"product_tag-fur-cat-toy-mice","10":"product_tag-rattle-cat-toys-mice","12":"first","13":"instock","14":"shipping-taxable","15":"product-type-grouped"},"_links":{"self":[{"href":"https:\/\/www.chiwava.com\/es\/wp-json\/wp\/v2\/product\/77614","targetHints":{"allow":["GET"]}}],"collection":[{"href":"https:\/\/www.chiwava.com\/es\/wp-json\/wp\/v2\/product"}],"about":[{"href":"https:\/\/www.chiwava.com\/es\/wp-json\/wp\/v2\/types\/product"}],"wp:featuredmedia":[{"embeddable":true,"href":"https:\/\/www.chiwava.com\/es\/wp-json\/wp\/v2\/media\/77662"}],"wp:attachment":[{"href":"https:\/\/www.chiwava.com\/es\/wp-json\/wp\/v2\/media?parent=77614"}],"wp:term":[{"taxonomy":"product_brand","embeddable":true,"href":"https:\/\/www.chiwava.com\/es\/wp-json\/wp\/v2\/product_brand?post=77614"},{"taxonomy":"product_cat","embeddable":true,"href":"https:\/\/www.chiwava.com\/es\/wp-json\/wp\/v2\/product_cat?post=77614"},{"taxonomy":"product_tag","embeddable":true,"href":"https:\/\/www.chiwava.com\/es\/wp-json\/wp\/v2\/product_tag?post=77614"}],"curies":[{"name":"wp","href":"https:\/\/api.w.org\/{rel}","templated":true}]}}