{"id":77612,"date":"2024-09-25T03:02:52","date_gmt":"2024-09-25T03:02:52","guid":{"rendered":"https:\/\/www.chiwava.com\/?post_type=product&#038;p=77612"},"modified":"2025-04-09T03:05:47","modified_gmt":"2025-04-09T03:05:47","slug":"ctm12005-36-piezas","status":"publish","type":"product","link":"https:\/\/www.chiwava.com\/es\/producto\/ctm12005-36-piezas\/","title":{"rendered":"Chiwava 36 piezas de 1,8\u2033 de juguete peludo para gatos de colores del arco iris con sonajero, rat\u00f3n para gatitos, juego interactivo"},"content":{"rendered":"<p>Chiwava Color Arco Iris Raton Sonajero Juguetes para Gato con Exterior de Piel de Imitaci\u00f3n. 36PCS Por caja, cada juguete tiene una perla a\u00f1adir una capa extra de emoci\u00f3n mediante la inclusi\u00f3n de un peque\u00f1o sonajero en el interior, por lo que son perfectos para despertar la curiosidad de un gato y fomentar el juego activo. Estupendo juguete interactivo y activo para interiores, estimula los instintos cazadores de los gatos, anim\u00e1ndoles a dar manotazos, abalanzarse y perseguir el juguete. Alivia la ansiedad, el estr\u00e9s y el aburrimiento.<\/p>","protected":false},"excerpt":{"rendered":"<p><a href=\"https:\/\/www.chiwava.com\/es\/tienda-de-marca\/\"><img loading=\"lazy\" decoding=\"async\" class=\"alignnone size-medium wp-image-94\" src=\"https:\/\/www.chiwava.com\/wp-content\/uploads\/2019\/06\/Amazon-300x73.png\" alt=\"\" width=\"300\" height=\"73\" srcset=\"https:\/\/www.chiwava.com\/wp-content\/uploads\/2019\/06\/Amazon-300x73.png 300w, https:\/\/www.chiwava.com\/wp-content\/uploads\/2019\/06\/Amazon.png 364w\" sizes=\"auto, (max-width: 300px) 100vw, 300px\" \/><\/a><\/p>\n<p>Chiwava 36 piezas de 1,8\u2033 de juguete peludo para gatos de colores del arco iris con sonajero, rat\u00f3n para gatitos, juego interactivo<\/p>\n<ul>\n<li>Tejido suave de peluche en el exterior y pl\u00e1stico en el interior. Esta textura es adecuada para que los gatos la agarren, la bateen y la lleven en la boca.<\/li>\n<li>En el interior de cada rat\u00f3n se esconde un peque\u00f1o cascabel que crea un sonido traqueteante que atrae la atenci\u00f3n del gato con cada manotazo y cada zarpazo.<\/li>\n<li>Dise\u00f1o de ratones de colores arco iris de 1,8 pulgadas, que atrae el sentido de la curiosidad de los gatos y facilita su localizaci\u00f3n.<\/li>\n<li>Perfecto para proporcionar a los gatos un juego activo y estimulaci\u00f3n mental, Fomentar sus instintos de caza puede evitar el aburrimiento.<\/li>\n<li>36PCS por caja PDQ, mantiene a sus gatos entretenidos y ocupados.<\/li>\n<\/ul>\n<p> \u2026 <span class=\"more-button\"><a href=\"https:\/\/www.chiwava.com\/es\/producto\/ctm12005-36-piezas\/\" class=\"more-link\">Continuar<span class=\"screen-reader-text\">Chiwava 36 piezas de 1,8\u2033 de juguete peludo para gatos de colores del arco iris con sonajero, rat\u00f3n para gatitos, juego interactivo<\/span><\/a><\/span><\/p>","protected":false},"featured_media":77682,"template":"","meta":[],"product_brand":[],"product_cat":[17,15],"product_tag":[25,242,50],"class_list":{"0":"post-77612","1":"product","2":"type-product","3":"status-publish","4":"has-post-thumbnail","6":"product_cat-cat_toys","7":"product_cat-pet_toys","8":"product_tag-cat-toys-mice","9":"product_tag-fur-cat-toy-mice","10":"product_tag-rattle-cat-toys-mice","12":"first","13":"instock","14":"shipping-taxable","15":"product-type-simple"},"_links":{"self":[{"href":"https:\/\/www.chiwava.com\/es\/wp-json\/wp\/v2\/product\/77612","targetHints":{"allow":["GET"]}}],"collection":[{"href":"https:\/\/www.chiwava.com\/es\/wp-json\/wp\/v2\/product"}],"about":[{"href":"https:\/\/www.chiwava.com\/es\/wp-json\/wp\/v2\/types\/product"}],"wp:featuredmedia":[{"embeddable":true,"href":"https:\/\/www.chiwava.com\/es\/wp-json\/wp\/v2\/media\/77682"}],"wp:attachment":[{"href":"https:\/\/www.chiwava.com\/es\/wp-json\/wp\/v2\/media?parent=77612"}],"wp:term":[{"taxonomy":"product_brand","embeddable":true,"href":"https:\/\/www.chiwava.com\/es\/wp-json\/wp\/v2\/product_brand?post=77612"},{"taxonomy":"product_cat","embeddable":true,"href":"https:\/\/www.chiwava.com\/es\/wp-json\/wp\/v2\/product_cat?post=77612"},{"taxonomy":"product_tag","embeddable":true,"href":"https:\/\/www.chiwava.com\/es\/wp-json\/wp\/v2\/product_tag?post=77612"}],"curies":[{"name":"wp","href":"https:\/\/api.w.org\/{rel}","templated":true}]}}