{"id":77103,"date":"2024-06-28T03:08:23","date_gmt":"2024-06-28T03:08:23","guid":{"rendered":"https:\/\/www.chiwava.com\/?post_type=product&#038;p=77103"},"modified":"2025-10-10T06:40:56","modified_gmt":"2025-10-10T06:40:56","slug":"er222-bu","status":"publish","type":"product","link":"https:\/\/www.chiwava.com\/es\/producto\/er222-bu\/","title":{"rendered":"Chiwava Juguete para perros con anillo de goma de 6,4 \u2033 con cuenco para refrigerios, juguetes de entrenamiento para perros grandes, color azul"},"content":{"rendered":"<p>El juguete para perros Ring Dog Toy con taz\u00f3n para bocadillos es un juguete interactivo de doble prop\u00f3sito dise\u00f1ado para mantener a los perros entretenidos y, al mismo tiempo, ofrecer una excelente manera de servir golosinas o bocadillos. Tiene un dise\u00f1o en forma de anillo y est\u00e1 hecho de caucho natural, no t\u00f3xico. El orificio del anillo tambi\u00e9n funciona como un taz\u00f3n para bocadillos, donde puede colocar las golosinas o croquetas favoritas de su perro. Ideal para masticar, lanzar, buscar o llevar el anillo mientras disfruta de sus bocadillos. Puede ayudar a limpiar los dientes y masajear las enc\u00edas, lo que promueve la salud bucal durante el tiempo de juego.<\/p>","protected":false},"excerpt":{"rendered":"<p><a href=\"https:\/\/www.chiwava.com\/es\/tienda-de-marca\/\"><img loading=\"lazy\" decoding=\"async\" class=\"alignnone size-medium wp-image-94\" src=\"https:\/\/www.chiwava.com\/wp-content\/uploads\/2019\/06\/Amazon-300x73.png\" alt=\"\" width=\"300\" height=\"73\" srcset=\"https:\/\/www.chiwava.com\/wp-content\/uploads\/2019\/06\/Amazon-300x73.png 300w, https:\/\/www.chiwava.com\/wp-content\/uploads\/2019\/06\/Amazon.png 364w\" sizes=\"auto, (max-width: 300px) 100vw, 300px\" \/><\/a><\/p>\n<p>Chiwava Juguete para perros con anillo de goma de 6,4 \u2033 con cuenco para refrigerios, juguetes de entrenamiento para perros grandes, color azul<\/p>\n<p>\u2764Hecho de caucho natural, no t\u00f3xico.<br \/>\n\u2764 El bolsillo del Ring Stuffer mantiene el anillo en \u00e1ngulo alejado del piso, f\u00e1cil de levantar, masticar y limpiar los dientes.<br \/>\n\u2764 Puede agregar el bocadillo o la mantequilla de man\u00ed en el agujero para hacerlo m\u00e1s interesante.<br \/>\n\u2764 Ideal para buscar y lanzar, brindando un v\u00ednculo divertido y divertido con su mascota.<br \/>\n\u2764 Adecuado para perros grandes: 31 ~ 40 kg (68,3 ~ 88,2 lb). F\u00e1cil de limpiar. \u2026 <span class=\"more-button\"><a href=\"https:\/\/www.chiwava.com\/es\/producto\/er222-bu\/\" class=\"more-link\">Continuar<span class=\"screen-reader-text\">Chiwava Juguete para perros con anillo de goma de 6,4 \u2033 con cuenco para refrigerios, juguetes de entrenamiento para perros grandes, color azul<\/span><\/a><\/span><\/p>","protected":false},"featured_media":77253,"template":"","meta":[],"product_brand":[],"product_cat":[16,15,287],"product_tag":[279,156,282],"class_list":{"0":"post-77103","1":"product","2":"type-product","3":"status-publish","4":"has-post-thumbnail","6":"product_cat-dog_toys","7":"product_cat-pet_toys","8":"product_cat-rubber-dog-toys","9":"product_tag-dog-fetch-toy","10":"product_tag-rubber-dog-toy","11":"product_tag-treat-dispensing-dog-toy","13":"first","14":"instock","15":"shipping-taxable","16":"product-type-simple"},"_links":{"self":[{"href":"https:\/\/www.chiwava.com\/es\/wp-json\/wp\/v2\/product\/77103","targetHints":{"allow":["GET"]}}],"collection":[{"href":"https:\/\/www.chiwava.com\/es\/wp-json\/wp\/v2\/product"}],"about":[{"href":"https:\/\/www.chiwava.com\/es\/wp-json\/wp\/v2\/types\/product"}],"wp:featuredmedia":[{"embeddable":true,"href":"https:\/\/www.chiwava.com\/es\/wp-json\/wp\/v2\/media\/77253"}],"wp:attachment":[{"href":"https:\/\/www.chiwava.com\/es\/wp-json\/wp\/v2\/media?parent=77103"}],"wp:term":[{"taxonomy":"product_brand","embeddable":true,"href":"https:\/\/www.chiwava.com\/es\/wp-json\/wp\/v2\/product_brand?post=77103"},{"taxonomy":"product_cat","embeddable":true,"href":"https:\/\/www.chiwava.com\/es\/wp-json\/wp\/v2\/product_cat?post=77103"},{"taxonomy":"product_tag","embeddable":true,"href":"https:\/\/www.chiwava.com\/es\/wp-json\/wp\/v2\/product_tag?post=77103"}],"curies":[{"name":"wp","href":"https:\/\/api.w.org\/{rel}","templated":true}]}}