{"id":77102,"date":"2024-06-28T02:46:21","date_gmt":"2024-06-28T02:46:21","guid":{"rendered":"https:\/\/www.chiwava.com\/?post_type=product&#038;p=77102"},"modified":"2025-10-10T06:40:57","modified_gmt":"2025-10-10T06:40:57","slug":"er216-o","status":"publish","type":"product","link":"https:\/\/www.chiwava.com\/es\/producto\/er216-o\/","title":{"rendered":"Chiwava 5.2 \u2033 Roller Dog Toy Puzzle Ball Tug Juguetes interactivos para perros grandes Color Naranja"},"content":{"rendered":"<p>El juguete de pelota para perros Roller Dog Toy es un juguete multifuncional dise\u00f1ado para desafiar y entretener a los perros. Combina los elementos de un rodillo, una pelota de rompecabezas y un juguete de tira y afloja, y ofrece una variedad de opciones de juego. Fabricado en caucho natural, no t\u00f3xico. La pelota de rodillo anima a los perros a perseguir. El dise\u00f1o de rompecabezas incluye un orificio donde se pueden esconder golosinas, lo que convierte el juguete en un juego mental gratificante mientras los perros trabajan para liberar las golosinas. Y las asas tambi\u00e9n son adecuadas para el tira y afloja que ayudan a limpiar los dientes y masajear las enc\u00edas durante el juego, lo que lo hace ideal para el juego interactivo entre perros y sus due\u00f1os o entre varios perros, lo que ofrece una experiencia de juego divertida y mentalmente estimulante.<\/p>","protected":false},"excerpt":{"rendered":"<p><a href=\"https:\/\/www.chiwava.com\/es\/tienda-de-marca\/\"><img loading=\"lazy\" decoding=\"async\" class=\"alignnone size-medium wp-image-94\" src=\"https:\/\/www.chiwava.com\/wp-content\/uploads\/2019\/06\/Amazon-300x73.png\" alt=\"\" width=\"300\" height=\"73\" srcset=\"https:\/\/www.chiwava.com\/wp-content\/uploads\/2019\/06\/Amazon-300x73.png 300w, https:\/\/www.chiwava.com\/wp-content\/uploads\/2019\/06\/Amazon.png 364w\" sizes=\"auto, (max-width: 300px) 100vw, 300px\" \/><\/a><\/p>\n<p>Chiwava 5.2 \u2033 Roller Dog Toy Puzzle Ball Tug Juguetes interactivos para perros grandes Color Naranja<\/p>\n<p>\u2764Hecho de caucho natural, no t\u00f3xico.<br \/>\n\u2764 Proporciona una forma segura y ayuda a limpiar dientes y enc\u00edas.<br \/>\n\u2764 Puede agregar el refrigerio o el chirriador en el orificio para atraer la atenci\u00f3n de su mascota.<br \/>\n\u2764 Mangos c\u00f3modos ideales para buscar y lanzar para aumentar la relaci\u00f3n entre usted y sus mascotas.<br \/>\n\u2764 Adecuado para perros grandes: 31 ~ 40 kg (68,3 ~ 88,2 lb). F\u00e1cil de limpiar. \u2026 <span class=\"more-button\"><a href=\"https:\/\/www.chiwava.com\/es\/producto\/er216-o\/\" class=\"more-link\">Continuar<span class=\"screen-reader-text\">Chiwava 5.2 \u2033 Roller Dog Toy Puzzle Ball Tug Juguetes interactivos para perros grandes Color Naranja<\/span><\/a><\/span><\/p>","protected":false},"featured_media":77428,"template":"","meta":[],"product_brand":[],"product_cat":[16,15,287],"product_tag":[156,278],"class_list":{"0":"post-77102","1":"product","2":"type-product","3":"status-publish","4":"has-post-thumbnail","6":"product_cat-dog_toys","7":"product_cat-pet_toys","8":"product_cat-rubber-dog-toys","9":"product_tag-rubber-dog-toy","10":"product_tag-tug-dog-toy","12":"first","13":"instock","14":"shipping-taxable","15":"product-type-simple"},"_links":{"self":[{"href":"https:\/\/www.chiwava.com\/es\/wp-json\/wp\/v2\/product\/77102","targetHints":{"allow":["GET"]}}],"collection":[{"href":"https:\/\/www.chiwava.com\/es\/wp-json\/wp\/v2\/product"}],"about":[{"href":"https:\/\/www.chiwava.com\/es\/wp-json\/wp\/v2\/types\/product"}],"wp:featuredmedia":[{"embeddable":true,"href":"https:\/\/www.chiwava.com\/es\/wp-json\/wp\/v2\/media\/77428"}],"wp:attachment":[{"href":"https:\/\/www.chiwava.com\/es\/wp-json\/wp\/v2\/media?parent=77102"}],"wp:term":[{"taxonomy":"product_brand","embeddable":true,"href":"https:\/\/www.chiwava.com\/es\/wp-json\/wp\/v2\/product_brand?post=77102"},{"taxonomy":"product_cat","embeddable":true,"href":"https:\/\/www.chiwava.com\/es\/wp-json\/wp\/v2\/product_cat?post=77102"},{"taxonomy":"product_tag","embeddable":true,"href":"https:\/\/www.chiwava.com\/es\/wp-json\/wp\/v2\/product_tag?post=77102"}],"curies":[{"name":"wp","href":"https:\/\/api.w.org\/{rel}","templated":true}]}}