{"id":77098,"date":"2024-06-28T02:39:50","date_gmt":"2024-06-28T02:39:50","guid":{"rendered":"https:\/\/www.chiwava.com\/?post_type=product&#038;p=77098"},"modified":"2025-10-10T06:40:58","modified_gmt":"2025-10-10T06:40:58","slug":"er215-rd","status":"publish","type":"product","link":"https:\/\/www.chiwava.com\/es\/producto\/er215-rd\/","title":{"rendered":"Juguete para perros Chiwava de 9,1\u2033 con forma de palo de goma y dispensador de golosinas, juguetes para buscar para perros medianos y grandes, color rojo"},"content":{"rendered":"<p>El juguete para perros con forma de palo de goma y dispensador de golosinas es un juguete vers\u00e1til e interesante dise\u00f1ado para mantener entretenidos a los perros mientras los recompensa con golosinas. Este juguete, que tiene forma de palo, est\u00e1 hecho de caucho natural y no es t\u00f3xico. La caracter\u00edstica \u00fanica de este juguete es su mecanismo de dispensaci\u00f3n de golosinas incorporado; el orificio del juguete le permite insertar las golosinas o croquetas favoritas de su perro. A medida que su perro mastica, hace rodar o lanza el juguete, las golosinas caen gradualmente, lo que fomenta el juego prolongado y la estimulaci\u00f3n mental. La superficie del juguete incluye textura que agrega una diversi\u00f3n adicional al mismo tiempo que ayuda a limpiar los dientes y masajear las enc\u00edas. Es ideal como juguete para buscar y brinda una experiencia de juego divertida y gratificante que combina el ejercicio con un incentivo sabroso.<\/p>","protected":false},"excerpt":{"rendered":"<p><a href=\"https:\/\/www.chiwava.com\/es\/tienda-de-marca\/\"><img loading=\"lazy\" decoding=\"async\" class=\"alignnone size-medium wp-image-94\" src=\"https:\/\/www.chiwava.com\/wp-content\/uploads\/2019\/06\/Amazon-300x73.png\" alt=\"\" width=\"300\" height=\"73\" srcset=\"https:\/\/www.chiwava.com\/wp-content\/uploads\/2019\/06\/Amazon-300x73.png 300w, https:\/\/www.chiwava.com\/wp-content\/uploads\/2019\/06\/Amazon.png 364w\" sizes=\"auto, (max-width: 300px) 100vw, 300px\" \/><\/a><\/p>\n<p>Chiwava Juguete para Perros con Palo de Goma de 9.1 \u2033, Juguetes para Perros medianos y Grandes, Color Rojo<\/p>\n<p>\u2764Hecho de caucho natural, no t\u00f3xico.<br \/>\n\u2764 El dise\u00f1o de textura de la superficie limpia eficazmente los dientes.<br \/>\n\u2764 Puede agregar el bocadillo o la mantequilla de man\u00ed en el orificio para atraer la atenci\u00f3n de su mascota.<br \/>\n\u2764 Las c\u00f3modas asas facilitan la b\u00fasqueda y el lanzamiento, ideales como juguete para perros en interiores y exteriores.<br \/>\n\u2764 Adecuado para perros medianos y grandes: 11 ~ 40 kg (24 ~ 88,2 lb). F\u00e1cil de limpiar. \u2026 <span class=\"more-button\"><a href=\"https:\/\/www.chiwava.com\/es\/producto\/er215-rd\/\" class=\"more-link\">Continuar<span class=\"screen-reader-text\">Juguete para perros Chiwava de 9,1\u2033 con forma de palo de goma y dispensador de golosinas, juguetes para buscar para perros medianos y grandes, color rojo<\/span><\/a><\/span><\/p>","protected":false},"featured_media":77167,"template":"","meta":[],"product_brand":[],"product_cat":[16,15,287],"product_tag":[166,156,281],"class_list":{"0":"post-77098","1":"product","2":"type-product","3":"status-publish","4":"has-post-thumbnail","6":"product_cat-dog_toys","7":"product_cat-pet_toys","8":"product_cat-rubber-dog-toys","9":"product_tag-fetch-dog-toy","10":"product_tag-rubber-dog-toy","11":"product_tag-stick-dog-toy","13":"first","14":"instock","15":"shipping-taxable","16":"product-type-simple"},"_links":{"self":[{"href":"https:\/\/www.chiwava.com\/es\/wp-json\/wp\/v2\/product\/77098","targetHints":{"allow":["GET"]}}],"collection":[{"href":"https:\/\/www.chiwava.com\/es\/wp-json\/wp\/v2\/product"}],"about":[{"href":"https:\/\/www.chiwava.com\/es\/wp-json\/wp\/v2\/types\/product"}],"wp:featuredmedia":[{"embeddable":true,"href":"https:\/\/www.chiwava.com\/es\/wp-json\/wp\/v2\/media\/77167"}],"wp:attachment":[{"href":"https:\/\/www.chiwava.com\/es\/wp-json\/wp\/v2\/media?parent=77098"}],"wp:term":[{"taxonomy":"product_brand","embeddable":true,"href":"https:\/\/www.chiwava.com\/es\/wp-json\/wp\/v2\/product_brand?post=77098"},{"taxonomy":"product_cat","embeddable":true,"href":"https:\/\/www.chiwava.com\/es\/wp-json\/wp\/v2\/product_cat?post=77098"},{"taxonomy":"product_tag","embeddable":true,"href":"https:\/\/www.chiwava.com\/es\/wp-json\/wp\/v2\/product_tag?post=77098"}],"curies":[{"name":"wp","href":"https:\/\/api.w.org\/{rel}","templated":true}]}}