{"id":77095,"date":"2024-06-28T02:28:05","date_gmt":"2024-06-28T02:28:05","guid":{"rendered":"https:\/\/www.chiwava.com\/?post_type=product&#038;p=77095"},"modified":"2025-10-10T06:44:34","modified_gmt":"2025-10-10T06:44:34","slug":"er210-o","status":"publish","type":"product","link":"https:\/\/www.chiwava.com\/es\/producto\/er210-o\/","title":{"rendered":"Chiwava Anillo de juguete para perros con remolcador de goma de 9,4 \u2033, juguetes interactivos para perros medianos y grandes, color naranja"},"content":{"rendered":"<p>El juguete para perros Ring Pull es un juguete interactivo dise\u00f1ado para perros que aman jugar al tira y afloja. Presenta un dise\u00f1o en forma de anillo, hecho de caucho natural, no t\u00f3xico, que proporciona un agarre seguro y c\u00f3modo tanto para perros como para sus due\u00f1os. Su flexibilidad recupera su forma original para una gran cantidad de acciones de tir\u00f3n con giros. Tiene superficies texturizadas, lo que ofrece una diversi\u00f3n adicional al mismo tiempo que ayuda a limpiar los dientes y masajear las enc\u00edas. Adecuado para tirar y buscar, lo que lo hace ideal para sesiones de juego interactivas que fortalecen el v\u00ednculo entre el perro y el due\u00f1o. Fomenta el ejercicio, el entrenamiento de tirones y los h\u00e1bitos de juego saludables.<\/p>","protected":false},"excerpt":{"rendered":"<p><a href=\"https:\/\/www.chiwava.com\/es\/tienda-de-marca\/\"><img loading=\"lazy\" decoding=\"async\" class=\"alignnone size-medium wp-image-94\" src=\"https:\/\/www.chiwava.com\/wp-content\/uploads\/2019\/06\/Amazon-300x73.png\" alt=\"\" width=\"300\" height=\"73\" srcset=\"https:\/\/www.chiwava.com\/wp-content\/uploads\/2019\/06\/Amazon-300x73.png 300w, https:\/\/www.chiwava.com\/wp-content\/uploads\/2019\/06\/Amazon.png 364w\" sizes=\"auto, (max-width: 300px) 100vw, 300px\" \/><\/a><\/p>\n<p>Chiwava Anillo de juguete para perros con remolcador de goma de 9,4 \u2033, juguetes interactivos para perros medianos y grandes, color naranja<\/p>\n<p>\u2764Hecho de caucho natural, no t\u00f3xico.<br \/>\n\u2764 Este juguete para perros vuelve a su forma para toneladas de acci\u00f3n de tir\u00f3n sinuosa.<br \/>\n\u2764 Los c\u00f3modos mangos le permiten sujetarlo f\u00e1cilmente mientras disfruta de sesiones de juego interactivas.<br \/>\n\u2764 Ideal para tirar de juguetes interactivos, fomenta un v\u00ednculo duradero entre usted y su perro.<br \/>\n\u2764 Adecuado para perros medianos y grandes: 11 ~ 40 kg (24 ~ 88,2 lb). F\u00e1cil de limpiar. \u2026 <span class=\"more-button\"><a href=\"https:\/\/www.chiwava.com\/es\/producto\/er210-o\/\" class=\"more-link\">Continuar<span class=\"screen-reader-text\">Chiwava Anillo de juguete para perros con remolcador de goma de 9,4 \u2033, juguetes interactivos para perros medianos y grandes, color naranja<\/span><\/a><\/span><\/p>","protected":false},"featured_media":77488,"template":"","meta":[],"product_brand":[],"product_cat":[16,15,287],"product_tag":[166,156,278],"class_list":{"0":"post-77095","1":"product","2":"type-product","3":"status-publish","4":"has-post-thumbnail","6":"product_cat-dog_toys","7":"product_cat-pet_toys","8":"product_cat-rubber-dog-toys","9":"product_tag-fetch-dog-toy","10":"product_tag-rubber-dog-toy","11":"product_tag-tug-dog-toy","13":"first","14":"instock","15":"shipping-taxable","16":"product-type-simple"},"_links":{"self":[{"href":"https:\/\/www.chiwava.com\/es\/wp-json\/wp\/v2\/product\/77095","targetHints":{"allow":["GET"]}}],"collection":[{"href":"https:\/\/www.chiwava.com\/es\/wp-json\/wp\/v2\/product"}],"about":[{"href":"https:\/\/www.chiwava.com\/es\/wp-json\/wp\/v2\/types\/product"}],"wp:featuredmedia":[{"embeddable":true,"href":"https:\/\/www.chiwava.com\/es\/wp-json\/wp\/v2\/media\/77488"}],"wp:attachment":[{"href":"https:\/\/www.chiwava.com\/es\/wp-json\/wp\/v2\/media?parent=77095"}],"wp:term":[{"taxonomy":"product_brand","embeddable":true,"href":"https:\/\/www.chiwava.com\/es\/wp-json\/wp\/v2\/product_brand?post=77095"},{"taxonomy":"product_cat","embeddable":true,"href":"https:\/\/www.chiwava.com\/es\/wp-json\/wp\/v2\/product_cat?post=77095"},{"taxonomy":"product_tag","embeddable":true,"href":"https:\/\/www.chiwava.com\/es\/wp-json\/wp\/v2\/product_tag?post=77095"}],"curies":[{"name":"wp","href":"https:\/\/api.w.org\/{rel}","templated":true}]}}