{"id":77090,"date":"2024-06-27T11:14:33","date_gmt":"2024-06-27T11:14:33","guid":{"rendered":"https:\/\/www.chiwava.com\/?post_type=product&#038;p=77090"},"modified":"2025-10-10T06:44:35","modified_gmt":"2025-10-10T06:44:35","slug":"er164-mg","status":"publish","type":"product","link":"https:\/\/www.chiwava.com\/es\/producto\/er164-mg\/","title":{"rendered":"Chiwava 7.1 \u2033 Hueso de goma Juguete dental para perros Huesos s\u00f3lidos Limpieza de dientes para perros medianos y grandes Verde menta"},"content":{"rendered":"<p>Juguete Chiwava con forma de hueso cl\u00e1sico, dise\u00f1ado espec\u00edficamente para perros. Fabricado en caucho natural, no t\u00f3xico. Proporciona una salida segura y duradera para el impulso natural de un perro de roer. La superficie del juguete incluye texturas que ayudan a limpiar los dientes y masajear las enc\u00edas, lo que promueve la salud bucal. Hueso cl\u00e1sico de caucho macizo f\u00e1cil de agarrar, masticar y transportar, ideal para buscar y lanzar. Ofrece horas de entretenimiento y satisfacci\u00f3n al masticar.<\/p>","protected":false},"excerpt":{"rendered":"<p><a href=\"https:\/\/www.chiwava.com\/es\/tienda-de-marca\/\"><img loading=\"lazy\" decoding=\"async\" class=\"alignnone size-medium wp-image-94\" src=\"https:\/\/www.chiwava.com\/wp-content\/uploads\/2019\/06\/Amazon-300x73.png\" alt=\"\" width=\"300\" height=\"73\" srcset=\"https:\/\/www.chiwava.com\/wp-content\/uploads\/2019\/06\/Amazon-300x73.png 300w, https:\/\/www.chiwava.com\/wp-content\/uploads\/2019\/06\/Amazon.png 364w\" sizes=\"auto, (max-width: 300px) 100vw, 300px\" \/><\/a><\/p>\n<p>Chiwava 7.1 \u2033 Hueso de goma Juguete dental para perros Huesos s\u00f3lidos Limpieza de dientes para perros medianos y grandes Verde menta<\/p>\n<p>\u2764Hecho de caucho natural, no t\u00f3xico.<br \/>\n\u2764 El dise\u00f1o est\u00e1 inspirado en los huesos que les gustan a los perros, puede ayudar a rechinar los dientes y aliviar la picaz\u00f3n.<br \/>\n\u2764 Solid Bone es bueno para agarrar y morder, satisface los instintos naturales de tu perro.<br \/>\n\u2764 Ideal para juegos de lanzar y buscar. Puedes aplicar una fina capa de mantequilla de man\u00ed sobre el hueso para mantenerlos ocupados.<br \/>\n\u2764 Adecuado para perros medianos y grandes: 11 ~ 40 kg (24 ~ 88,2 lb). F\u00e1cil de limpiar. \u2026 <span class=\"more-button\"><a href=\"https:\/\/www.chiwava.com\/es\/producto\/er164-mg\/\" class=\"more-link\">Continuar<span class=\"screen-reader-text\">Chiwava 7.1 \u2033 Hueso de goma Juguete dental para perros Huesos s\u00f3lidos Limpieza de dientes para perros medianos y grandes Verde menta<\/span><\/a><\/span><\/p>","protected":false},"featured_media":77361,"template":"","meta":[],"product_brand":[],"product_cat":[16,15,287],"product_tag":[166,156],"class_list":{"0":"post-77090","1":"product","2":"type-product","3":"status-publish","4":"has-post-thumbnail","6":"product_cat-dog_toys","7":"product_cat-pet_toys","8":"product_cat-rubber-dog-toys","9":"product_tag-fetch-dog-toy","10":"product_tag-rubber-dog-toy","12":"first","13":"instock","14":"shipping-taxable","15":"product-type-simple"},"_links":{"self":[{"href":"https:\/\/www.chiwava.com\/es\/wp-json\/wp\/v2\/product\/77090","targetHints":{"allow":["GET"]}}],"collection":[{"href":"https:\/\/www.chiwava.com\/es\/wp-json\/wp\/v2\/product"}],"about":[{"href":"https:\/\/www.chiwava.com\/es\/wp-json\/wp\/v2\/types\/product"}],"wp:featuredmedia":[{"embeddable":true,"href":"https:\/\/www.chiwava.com\/es\/wp-json\/wp\/v2\/media\/77361"}],"wp:attachment":[{"href":"https:\/\/www.chiwava.com\/es\/wp-json\/wp\/v2\/media?parent=77090"}],"wp:term":[{"taxonomy":"product_brand","embeddable":true,"href":"https:\/\/www.chiwava.com\/es\/wp-json\/wp\/v2\/product_brand?post=77090"},{"taxonomy":"product_cat","embeddable":true,"href":"https:\/\/www.chiwava.com\/es\/wp-json\/wp\/v2\/product_cat?post=77090"},{"taxonomy":"product_tag","embeddable":true,"href":"https:\/\/www.chiwava.com\/es\/wp-json\/wp\/v2\/product_tag?post=77090"}],"curies":[{"name":"wp","href":"https:\/\/api.w.org\/{rel}","templated":true}]}}