{"id":77087,"date":"2024-06-27T11:12:50","date_gmt":"2024-06-27T11:12:50","guid":{"rendered":"https:\/\/www.chiwava.com\/?post_type=product&#038;p=77087"},"modified":"2025-10-10T06:44:37","modified_gmt":"2025-10-10T06:44:37","slug":"er003-bu","status":"publish","type":"product","link":"https:\/\/www.chiwava.com\/es\/producto\/er003-bu\/","title":{"rendered":"Chiwava Pelota de rugby dental de goma de 4,5 \u2033 Rugby ovalada para perros medianos y grandes Color azul"},"content":{"rendered":"<p>Juguete dental de rugby Chiwava con caucho natural, no t\u00f3xico y apto para perros medianos y grandes. Con forma de pelota de rugby y forma ovalada, el dise\u00f1o con forma de diente permite agregar comida, mantequilla de man\u00ed o pastas. El orificio central tambi\u00e9n permite colocar bocadillos para agregar diversi\u00f3n. Su superficie texturizada presenta ranuras que ayudan a limpiar los dientes del perro y masajear sus enc\u00edas durante el juego. F\u00e1cil de lanzar y buscar. Ideal para sesiones de juego en interiores y exteriores, lo que lo convierte en un complemento divertido y beneficioso para el tiempo de juego del perro.<\/p>","protected":false},"excerpt":{"rendered":"<p><a href=\"https:\/\/www.chiwava.com\/es\/tienda-de-marca\/\"><img loading=\"lazy\" decoding=\"async\" class=\"alignnone size-medium wp-image-94\" src=\"https:\/\/www.chiwava.com\/wp-content\/uploads\/2019\/06\/Amazon-300x73.png\" alt=\"\" width=\"300\" height=\"73\" srcset=\"https:\/\/www.chiwava.com\/wp-content\/uploads\/2019\/06\/Amazon-300x73.png 300w, https:\/\/www.chiwava.com\/wp-content\/uploads\/2019\/06\/Amazon.png 364w\" sizes=\"auto, (max-width: 300px) 100vw, 300px\" \/><\/a><\/p>\n<p>Chiwava Pelota de rugby dental de goma de 4,5 \u2033 Rugby ovalada para perros medianos y grandes Color azul<\/p>\n<p>\u2764Hecho de caucho natural, forma de rugby ovalada \u00fanica, no t\u00f3xico.<br \/>\n\u2764 El dise\u00f1o de dientes de sierra puede ayudar a limpiar los dientes y masajear las enc\u00edas.<br \/>\n\u2764 Dise\u00f1o de bolas dispensadoras de golosinas, puede colocar la comida para perros en el orificio para agregar inter\u00e9s.<br \/>\n\u2764 Ideal para rebotar y buscar. proporcionando un v\u00ednculo divertido y divertido con su mascota.<br \/>\n\u2764 Adecuado para perros medianos y grandes: 11 ~ 40 kg (24 ~ 88,2 lb). F\u00e1cil de limpiar. \u2026 <span class=\"more-button\"><a href=\"https:\/\/www.chiwava.com\/es\/producto\/er003-bu\/\" class=\"more-link\">Continuar<span class=\"screen-reader-text\">Chiwava Pelota de rugby dental de goma de 4,5 \u2033 Rugby ovalada para perros medianos y grandes Color azul<\/span><\/a><\/span><\/p>","protected":false},"featured_media":77148,"template":"","meta":[],"product_brand":[],"product_cat":[16,15,287],"product_tag":[166,156,280],"class_list":{"0":"post-77087","1":"product","2":"type-product","3":"status-publish","4":"has-post-thumbnail","6":"product_cat-dog_toys","7":"product_cat-pet_toys","8":"product_cat-rubber-dog-toys","9":"product_tag-fetch-dog-toy","10":"product_tag-rubber-dog-toy","11":"product_tag-rugbys-dog-toy","13":"first","14":"instock","15":"shipping-taxable","16":"product-type-simple"},"_links":{"self":[{"href":"https:\/\/www.chiwava.com\/es\/wp-json\/wp\/v2\/product\/77087","targetHints":{"allow":["GET"]}}],"collection":[{"href":"https:\/\/www.chiwava.com\/es\/wp-json\/wp\/v2\/product"}],"about":[{"href":"https:\/\/www.chiwava.com\/es\/wp-json\/wp\/v2\/types\/product"}],"wp:featuredmedia":[{"embeddable":true,"href":"https:\/\/www.chiwava.com\/es\/wp-json\/wp\/v2\/media\/77148"}],"wp:attachment":[{"href":"https:\/\/www.chiwava.com\/es\/wp-json\/wp\/v2\/media?parent=77087"}],"wp:term":[{"taxonomy":"product_brand","embeddable":true,"href":"https:\/\/www.chiwava.com\/es\/wp-json\/wp\/v2\/product_brand?post=77087"},{"taxonomy":"product_cat","embeddable":true,"href":"https:\/\/www.chiwava.com\/es\/wp-json\/wp\/v2\/product_cat?post=77087"},{"taxonomy":"product_tag","embeddable":true,"href":"https:\/\/www.chiwava.com\/es\/wp-json\/wp\/v2\/product_tag?post=77087"}],"curies":[{"name":"wp","href":"https:\/\/api.w.org\/{rel}","templated":true}]}}