{"id":77085,"date":"2024-06-27T11:11:45","date_gmt":"2024-06-27T11:11:45","guid":{"rendered":"https:\/\/www.chiwava.com\/?post_type=product&#038;p=77085"},"modified":"2025-10-10T06:44:38","modified_gmt":"2025-10-10T06:44:38","slug":"er166s","status":"publish","type":"product","link":"https:\/\/www.chiwava.com\/es\/producto\/er166s\/","title":{"rendered":"Chiwava Paquete de 2 huesos de goma de 5,1 \u2033, juguete dental para perros, huesos en barra, limpieza de dientes para perros peque\u00f1os, colores surtidos"},"content":{"rendered":"<p>Juguete de hueso en forma de palo Chiwava con caucho natural, no t\u00f3xico y adecuado para perros peque\u00f1os. El dise\u00f1o en forma de diente puede agregar comida, mantequilla de man\u00ed o pastas, el orificio del medio tambi\u00e9n puede colocar el bocadillo para agregar diversi\u00f3n. Es una buena herramienta para limpiar los dientes de su perro y masajear las enc\u00edas por s\u00ed solo. El juguete masticable de hueso en forma de palo es ideal para interiores, exteriores y para buscar, est\u00e1 dise\u00f1ado para ser entretenido y beneficioso para la salud dental, brindando una salida segura para el instinto natural de masticaci\u00f3n de un perro.<\/p>\n<p>&nbsp;<\/p>","protected":false},"excerpt":{"rendered":"<p><a href=\"https:\/\/www.chiwava.com\/es\/tienda-de-marca\/\"><img loading=\"lazy\" decoding=\"async\" class=\"alignnone size-medium wp-image-94\" src=\"https:\/\/www.chiwava.com\/wp-content\/uploads\/2019\/06\/Amazon-300x73.png\" alt=\"\" width=\"300\" height=\"73\" srcset=\"https:\/\/www.chiwava.com\/wp-content\/uploads\/2019\/06\/Amazon-300x73.png 300w, https:\/\/www.chiwava.com\/wp-content\/uploads\/2019\/06\/Amazon.png 364w\" sizes=\"auto, (max-width: 300px) 100vw, 300px\" \/><\/a><\/p>\n<p>Chiwava Paquete de 2 huesos de goma de 5,1 \u2033, juguete dental para perros, huesos en barra, limpieza de dientes para perros peque\u00f1os, colores surtidos<\/p>\n<p>\u2764Hecho de caucho natural, no t\u00f3xico.<br \/>\n\u2764El dise\u00f1o en forma de diente puede ayudar a limpiar los dientes y masajear las enc\u00edas.<br \/>\n\u2764 Puede poner la comida para perros en el agujero y aumentar el inter\u00e9s del perro.<br \/>\n\u2764 Ideal para lanzar y buscar. ampliar el tiempo de juego y hacer que tengan salud y felicidad.<br \/>\n\u2764 Adecuado para perros peque\u00f1os: menos de 11 kg (24,25 lb). 2 unids\/set, f\u00e1cil de limpiar. \u2026 <span class=\"more-button\"><a href=\"https:\/\/www.chiwava.com\/es\/producto\/er166s\/\" class=\"more-link\">Continuar<span class=\"screen-reader-text\">Chiwava Paquete de 2 huesos de goma de 5,1 \u2033, juguete dental para perros, huesos en barra, limpieza de dientes para perros peque\u00f1os, colores surtidos<\/span><\/a><\/span><\/p>","protected":false},"featured_media":77240,"template":"","meta":[],"product_brand":[],"product_cat":[16,15,287],"product_tag":[279,156],"class_list":{"0":"post-77085","1":"product","2":"type-product","3":"status-publish","4":"has-post-thumbnail","6":"product_cat-dog_toys","7":"product_cat-pet_toys","8":"product_cat-rubber-dog-toys","9":"product_tag-dog-fetch-toy","10":"product_tag-rubber-dog-toy","12":"first","13":"instock","14":"shipping-taxable","15":"product-type-simple"},"_links":{"self":[{"href":"https:\/\/www.chiwava.com\/es\/wp-json\/wp\/v2\/product\/77085","targetHints":{"allow":["GET"]}}],"collection":[{"href":"https:\/\/www.chiwava.com\/es\/wp-json\/wp\/v2\/product"}],"about":[{"href":"https:\/\/www.chiwava.com\/es\/wp-json\/wp\/v2\/types\/product"}],"wp:featuredmedia":[{"embeddable":true,"href":"https:\/\/www.chiwava.com\/es\/wp-json\/wp\/v2\/media\/77240"}],"wp:attachment":[{"href":"https:\/\/www.chiwava.com\/es\/wp-json\/wp\/v2\/media?parent=77085"}],"wp:term":[{"taxonomy":"product_brand","embeddable":true,"href":"https:\/\/www.chiwava.com\/es\/wp-json\/wp\/v2\/product_brand?post=77085"},{"taxonomy":"product_cat","embeddable":true,"href":"https:\/\/www.chiwava.com\/es\/wp-json\/wp\/v2\/product_cat?post=77085"},{"taxonomy":"product_tag","embeddable":true,"href":"https:\/\/www.chiwava.com\/es\/wp-json\/wp\/v2\/product_tag?post=77085"}],"curies":[{"name":"wp","href":"https:\/\/api.w.org\/{rel}","templated":true}]}}