{"id":77083,"date":"2024-06-27T11:10:58","date_gmt":"2024-06-27T11:10:58","guid":{"rendered":"https:\/\/www.chiwava.com\/?post_type=product&#038;p=77083"},"modified":"2025-10-10T06:44:39","modified_gmt":"2025-10-10T06:44:39","slug":"er166-bu","status":"publish","type":"product","link":"https:\/\/www.chiwava.com\/es\/producto\/er166-bu\/","title":{"rendered":"Juguete dental para perros Chiwava de 6,7\u2033 con forma de hueso de goma, para limpieza de dientes de perros medianos y grandes, color azul"},"content":{"rendered":"<p>Juguete Chiwava Stick Bones con caucho natural, no t\u00f3xico y adecuado para perros medianos y grandes. El dise\u00f1o en forma de diente puede agregar comida, mantequilla de man\u00ed o pastas, el orificio del medio tambi\u00e9n puede colocar el bocadillo para agregar diversi\u00f3n. Es una buena herramienta para limpiar los dientes de su perro y masajear las enc\u00edas por s\u00ed solo. El juguete masticable con forma de hueso es ideal para interiores, exteriores y para buscar, est\u00e1 dise\u00f1ado para ser entretenido y beneficioso para la salud dental, brindando una salida segura para el instinto natural de masticaci\u00f3n de un perro.<\/p>\n<p>&nbsp;<\/p>\n<p>&nbsp;<\/p>","protected":false},"excerpt":{"rendered":"<p><a href=\"https:\/\/www.chiwava.com\/es\/tienda-de-marca\/\"><img loading=\"lazy\" decoding=\"async\" class=\"alignnone size-medium wp-image-94\" src=\"https:\/\/www.chiwava.com\/wp-content\/uploads\/2019\/06\/Amazon-300x73.png\" alt=\"\" width=\"300\" height=\"73\" srcset=\"https:\/\/www.chiwava.com\/wp-content\/uploads\/2019\/06\/Amazon-300x73.png 300w, https:\/\/www.chiwava.com\/wp-content\/uploads\/2019\/06\/Amazon.png 364w\" sizes=\"auto, (max-width: 300px) 100vw, 300px\" \/><\/a><\/p>\n<p>Chiwava 6.7 \u2033 Hueso de Goma Dental Perro Juguete Stick Huesos Limpieza de Dientes para Perros Medianos Grandes Color Azul<\/p>\n<p>\u2764Hecho de caucho natural, no t\u00f3xico.<br \/>\n\u2764 El dise\u00f1o de dientes de sierra puede ayudar a limpiar los dientes y masajear las enc\u00edas.<br \/>\n\u2764 Puede poner la comida para perros en el agujero y aumentar el inter\u00e9s del perro.<br \/>\n\u2764 Ideal para lanzar y buscar. ampliar el tiempo de juego y hacer que tengan salud y felicidad.<br \/>\n\u2764 Adecuado para perros medianos y grandes: 11 ~ 40 kg (24 ~ 88,2 lb). F\u00e1cil de limpiar. \u2026 <span class=\"more-button\"><a href=\"https:\/\/www.chiwava.com\/es\/producto\/er166-bu\/\" class=\"more-link\">Continuar<span class=\"screen-reader-text\">Juguete dental para perros Chiwava de 6,7\u2033 con forma de hueso de goma, para limpieza de dientes de perros medianos y grandes, color azul<\/span><\/a><\/span><\/p>","protected":false},"featured_media":77549,"template":"","meta":[],"product_brand":[],"product_cat":[16,15,287],"product_tag":[279,156],"class_list":{"0":"post-77083","1":"product","2":"type-product","3":"status-publish","4":"has-post-thumbnail","6":"product_cat-dog_toys","7":"product_cat-pet_toys","8":"product_cat-rubber-dog-toys","9":"product_tag-dog-fetch-toy","10":"product_tag-rubber-dog-toy","12":"first","13":"instock","14":"shipping-taxable","15":"product-type-simple"},"_links":{"self":[{"href":"https:\/\/www.chiwava.com\/es\/wp-json\/wp\/v2\/product\/77083","targetHints":{"allow":["GET"]}}],"collection":[{"href":"https:\/\/www.chiwava.com\/es\/wp-json\/wp\/v2\/product"}],"about":[{"href":"https:\/\/www.chiwava.com\/es\/wp-json\/wp\/v2\/types\/product"}],"wp:featuredmedia":[{"embeddable":true,"href":"https:\/\/www.chiwava.com\/es\/wp-json\/wp\/v2\/media\/77549"}],"wp:attachment":[{"href":"https:\/\/www.chiwava.com\/es\/wp-json\/wp\/v2\/media?parent=77083"}],"wp:term":[{"taxonomy":"product_brand","embeddable":true,"href":"https:\/\/www.chiwava.com\/es\/wp-json\/wp\/v2\/product_brand?post=77083"},{"taxonomy":"product_cat","embeddable":true,"href":"https:\/\/www.chiwava.com\/es\/wp-json\/wp\/v2\/product_cat?post=77083"},{"taxonomy":"product_tag","embeddable":true,"href":"https:\/\/www.chiwava.com\/es\/wp-json\/wp\/v2\/product_tag?post=77083"}],"curies":[{"name":"wp","href":"https:\/\/api.w.org\/{rel}","templated":true}]}}