{"id":77082,"date":"2024-06-27T11:08:46","date_gmt":"2024-06-27T11:08:46","guid":{"rendered":"https:\/\/www.chiwava.com\/?post_type=product&#038;p=77082"},"modified":"2025-10-10T06:44:40","modified_gmt":"2025-10-10T06:44:40","slug":"er116","status":"publish","type":"product","link":"https:\/\/www.chiwava.com\/es\/producto\/er116\/","title":{"rendered":"Chiwava Paquete de 2 pelotas de entrenamiento para perros de 2 \u2033 con cuerda, pelota de juguetes para perros con cuerda de goma con mango para recompensas de entrenamiento de tira y afloja para perros peque\u00f1os"},"content":{"rendered":"<p>Pelota de cuerda de juguete Chiwava con material de caucho natural y cuerda de algod\u00f3n, no t\u00f3xica y adecuada para perros peque\u00f1os. El dise\u00f1o de dientes de sierra puede agregar bocadillos, mantequilla de man\u00ed o pastas a la pelota. No solo atrae la atenci\u00f3n para morder, sino que tambi\u00e9n ayuda a limpiar los dientes de su perro para apoyar la salud bucal. Mango suave y antideslizante f\u00e1cil de agarrar y lanzar. Juego de larga duraci\u00f3n, ideal para promover el juego activo y el ejercicio, tira y afloja, lanzamiento y b\u00fasqueda interactivos, ayudando a mantener a sus perros ocupados y entretenidos, promoviendo la uni\u00f3n y el ejercicio f\u00edsico.<\/p>\n<p>&nbsp;<\/p>","protected":false},"excerpt":{"rendered":"<p><a href=\"https:\/\/www.chiwava.com\/es\/tienda-de-marca\/\"><img loading=\"lazy\" decoding=\"async\" class=\"alignnone size-medium wp-image-94\" src=\"https:\/\/www.chiwava.com\/wp-content\/uploads\/2019\/06\/Amazon-300x73.png\" alt=\"\" width=\"300\" height=\"73\" srcset=\"https:\/\/www.chiwava.com\/wp-content\/uploads\/2019\/06\/Amazon-300x73.png 300w, https:\/\/www.chiwava.com\/wp-content\/uploads\/2019\/06\/Amazon.png 364w\" sizes=\"auto, (max-width: 300px) 100vw, 300px\" \/><\/a><\/p>\n<p>Chiwava Paquete de 2 pelotas de entrenamiento para perros de 2 \u2033 con cuerda, pelota de juguetes para perros con cuerda de goma con mango para recompensas de entrenamiento de tira y afloja para perros peque\u00f1os y medianos<\/p>\n<p>\u2764Hecho de caucho natural y cuerda de algod\u00f3n, no t\u00f3xico.<br \/>\n\u2764 El dise\u00f1o de bola de dientes de sierra puede ayudar a limpiar los dientes, el bucle antideslizante facilita su lanzamiento.<br \/>\n\u2764 Puede poner la comida para perros en la pelota y aumentar el inter\u00e9s del perro.<br \/>\n\u2764 Juguete de cuerda ideal para tira y afloja, lanzar y buscar. mejorar la relaci\u00f3n entre usted y los perros.<br \/>\n\u2764 Adecuado para perros peque\u00f1os: menos de 11 kg (24,25 lb). 2 piezas\/juego, f\u00e1cil de limpiar. \u2026 <span class=\"more-button\"><a href=\"https:\/\/www.chiwava.com\/es\/producto\/er116\/\" class=\"more-link\">Continuar<span class=\"screen-reader-text\">Chiwava Paquete de 2 pelotas de entrenamiento para perros de 2 \u2033 con cuerda, pelota de juguetes para perros con cuerda de goma con mango para recompensas de entrenamiento de tira y afloja para perros peque\u00f1os<\/span><\/a><\/span><\/p>","protected":false},"featured_media":77561,"template":"","meta":[],"product_brand":[],"product_cat":[16,15,287],"product_tag":[277,276,278],"class_list":{"0":"post-77082","1":"product","2":"type-product","3":"status-publish","4":"has-post-thumbnail","6":"product_cat-dog_toys","7":"product_cat-pet_toys","8":"product_cat-rubber-dog-toys","9":"product_tag-ball-on-rope","10":"product_tag-rubber-rope-dog-toy","11":"product_tag-tug-dog-toy","13":"first","14":"instock","15":"shipping-taxable","16":"product-type-simple"},"_links":{"self":[{"href":"https:\/\/www.chiwava.com\/es\/wp-json\/wp\/v2\/product\/77082","targetHints":{"allow":["GET"]}}],"collection":[{"href":"https:\/\/www.chiwava.com\/es\/wp-json\/wp\/v2\/product"}],"about":[{"href":"https:\/\/www.chiwava.com\/es\/wp-json\/wp\/v2\/types\/product"}],"wp:featuredmedia":[{"embeddable":true,"href":"https:\/\/www.chiwava.com\/es\/wp-json\/wp\/v2\/media\/77561"}],"wp:attachment":[{"href":"https:\/\/www.chiwava.com\/es\/wp-json\/wp\/v2\/media?parent=77082"}],"wp:term":[{"taxonomy":"product_brand","embeddable":true,"href":"https:\/\/www.chiwava.com\/es\/wp-json\/wp\/v2\/product_brand?post=77082"},{"taxonomy":"product_cat","embeddable":true,"href":"https:\/\/www.chiwava.com\/es\/wp-json\/wp\/v2\/product_cat?post=77082"},{"taxonomy":"product_tag","embeddable":true,"href":"https:\/\/www.chiwava.com\/es\/wp-json\/wp\/v2\/product_tag?post=77082"}],"curies":[{"name":"wp","href":"https:\/\/api.w.org\/{rel}","templated":true}]}}