{"id":77078,"date":"2024-06-27T09:31:46","date_gmt":"2024-06-27T09:31:46","guid":{"rendered":"https:\/\/www.chiwava.com\/?post_type=product&#038;p=77078"},"modified":"2025-10-10T06:44:42","modified_gmt":"2025-10-10T06:44:42","slug":"er126s","status":"publish","type":"product","link":"https:\/\/www.chiwava.com\/es\/producto\/er126s\/","title":{"rendered":"Chiwava Paquete de 2 juguetes de goma para perros con cuerda de 2 \u2033, pelota dental con cuerda, pelota para tirar y buscar para perros peque\u00f1os, colores surtidos"},"content":{"rendered":"<p>El juguete Chiwava Rope Ball combina una cuerda de algod\u00f3n con una pelota de caucho natural, NO T\u00d3XICO y adecuado para perros peque\u00f1os. El dise\u00f1o de superficie antideslizante con dientes de sierra ayuda a limpiar los dientes y masajear las enc\u00edas, promoviendo una mejor salud dental. Tambi\u00e9n puede agregar refrigerios para atraer el inter\u00e9s de sus mascotas. Bucle antideslizante f\u00e1cil de agarrar y tirar. ideal para juegos de tira y afloja, buscar, lanzar y masticar. Proporciona horas de diversi\u00f3n y ejercicio para perros. fortaleciendo el v\u00ednculo entre usted y su mascota.<\/p>\n<p>&nbsp;<\/p>","protected":false},"excerpt":{"rendered":"<p><a href=\"https:\/\/www.chiwava.com\/es\/tienda-de-marca\/\"><img loading=\"lazy\" decoding=\"async\" class=\"alignnone size-medium wp-image-94\" src=\"https:\/\/www.chiwava.com\/wp-content\/uploads\/2019\/06\/Amazon-300x73.png\" alt=\"\" width=\"300\" height=\"73\" srcset=\"https:\/\/www.chiwava.com\/wp-content\/uploads\/2019\/06\/Amazon-300x73.png 300w, https:\/\/www.chiwava.com\/wp-content\/uploads\/2019\/06\/Amazon.png 364w\" sizes=\"auto, (max-width: 300px) 100vw, 300px\" \/><\/a><\/p>\n<p>Chiwava Paquete de 2 juguetes de goma para perros con cuerda de 2 \u2033, pelota dental con cuerda, pelota para tirar y buscar para perros peque\u00f1os, colores surtidos<\/p>\n<p>\u2764 Hecho de caucho natural y cuerda de algod\u00f3n, no t\u00f3xico. (2 piezas\/juego, 2\u2033, 1*verde + 1*naranja).<br \/>\n\u2764 El dise\u00f1o de superficie antideslizante con dientes de sierra puede ayudar a limpiar los dientes, el bucle antideslizante facilita el lanzamiento.<br \/>\n\u2764 Puede poner la comida para perros en la pelota y aumentar el inter\u00e9s de la mascota.<br \/>\n\u2764 Juguete de cuerda ideal para tira y afloja, lanzar y buscar. proporcionando un v\u00ednculo divertido y divertido con su mascota.<br \/>\n\u2764 Adecuado para perros peque\u00f1os: menos de 11 kg (24,25 lb). F\u00e1cil de limpiar. \u2026 <span class=\"more-button\"><a href=\"https:\/\/www.chiwava.com\/es\/producto\/er126s\/\" class=\"more-link\">Continuar<span class=\"screen-reader-text\">Chiwava Paquete de 2 juguetes de goma para perros con cuerda de 2 \u2033, pelota dental con cuerda, pelota para tirar y buscar para perros peque\u00f1os, colores surtidos<\/span><\/a><\/span><\/p>","protected":false},"featured_media":77265,"template":"","meta":[],"product_brand":[],"product_cat":[16,15,287],"product_tag":[277,276,278],"class_list":{"0":"post-77078","1":"product","2":"type-product","3":"status-publish","4":"has-post-thumbnail","6":"product_cat-dog_toys","7":"product_cat-pet_toys","8":"product_cat-rubber-dog-toys","9":"product_tag-ball-on-rope","10":"product_tag-rubber-rope-dog-toy","11":"product_tag-tug-dog-toy","13":"first","14":"instock","15":"shipping-taxable","16":"product-type-simple"},"_links":{"self":[{"href":"https:\/\/www.chiwava.com\/es\/wp-json\/wp\/v2\/product\/77078","targetHints":{"allow":["GET"]}}],"collection":[{"href":"https:\/\/www.chiwava.com\/es\/wp-json\/wp\/v2\/product"}],"about":[{"href":"https:\/\/www.chiwava.com\/es\/wp-json\/wp\/v2\/types\/product"}],"wp:featuredmedia":[{"embeddable":true,"href":"https:\/\/www.chiwava.com\/es\/wp-json\/wp\/v2\/media\/77265"}],"wp:attachment":[{"href":"https:\/\/www.chiwava.com\/es\/wp-json\/wp\/v2\/media?parent=77078"}],"wp:term":[{"taxonomy":"product_brand","embeddable":true,"href":"https:\/\/www.chiwava.com\/es\/wp-json\/wp\/v2\/product_brand?post=77078"},{"taxonomy":"product_cat","embeddable":true,"href":"https:\/\/www.chiwava.com\/es\/wp-json\/wp\/v2\/product_cat?post=77078"},{"taxonomy":"product_tag","embeddable":true,"href":"https:\/\/www.chiwava.com\/es\/wp-json\/wp\/v2\/product_tag?post=77078"}],"curies":[{"name":"wp","href":"https:\/\/api.w.org\/{rel}","templated":true}]}}