{"id":77076,"date":"2024-06-27T09:30:42","date_gmt":"2024-06-27T09:30:42","guid":{"rendered":"https:\/\/www.chiwava.com\/?post_type=product&#038;p=77076"},"modified":"2025-10-10T06:44:42","modified_gmt":"2025-10-10T06:44:42","slug":"er126-mg","status":"publish","type":"product","link":"https:\/\/www.chiwava.com\/es\/producto\/er126-mg\/","title":{"rendered":"Chiwava Juguetes de goma para perros con cuerda de 2,8 \u2033, pelota dental con cuerda, pelota para tirar y buscar para perros medianos, verde menta"},"content":{"rendered":"<p>El juguete de pelota de cuerda Chiwava combina una cuerda de algod\u00f3n con una pelota de caucho natural, NO T\u00d3XICO y adecuado para perros medianos. El dise\u00f1o de superficie antideslizante con dientes de sierra ayuda a limpiar los dientes y masajear las enc\u00edas, lo que promueve una mejor salud dental. Tambi\u00e9n puede agregar bocadillos para atraer el inter\u00e9s de sus mascotas. Lazo antideslizante f\u00e1cil de agarrar y lanzar. Ideal para juegos de tira y afloja, buscar, lanzar y masticar. Proporciona horas de diversi\u00f3n y ejercicio para perros. Fortalece el v\u00ednculo entre usted y su mascota.<\/p>","protected":false},"excerpt":{"rendered":"<p><a href=\"https:\/\/www.chiwava.com\/es\/tienda-de-marca\/\"><img loading=\"lazy\" decoding=\"async\" class=\"alignnone size-medium wp-image-94\" src=\"https:\/\/www.chiwava.com\/wp-content\/uploads\/2019\/06\/Amazon-300x73.png\" alt=\"\" width=\"300\" height=\"73\" srcset=\"https:\/\/www.chiwava.com\/wp-content\/uploads\/2019\/06\/Amazon-300x73.png 300w, https:\/\/www.chiwava.com\/wp-content\/uploads\/2019\/06\/Amazon.png 364w\" sizes=\"auto, (max-width: 300px) 100vw, 300px\" \/><\/a><\/p>\n<p>Chiwava Juguetes de goma para perros con cuerda de 2,8 \u2033, pelota dental con cuerda, pelota para tirar y buscar para perros medianos y grandes, verde menta<\/p>\n<p>\u2764Hecho de caucho natural y cuerda de algod\u00f3n, no t\u00f3xico.<br \/>\n\u2764 El dise\u00f1o de superficie antideslizante con dientes de sierra puede ayudar a limpiar los dientes, el bucle antideslizante facilita el lanzamiento.<br \/>\n\u2764 Puede poner la comida para perros en la pelota y aumentar el inter\u00e9s de la mascota.<br \/>\n\u2764 Juguete de cuerda ideal para tira y afloja, lanzar y buscar. proporcionando un v\u00ednculo divertido y divertido con su mascota.<br \/>\n\u2764 Adecuado para perros medianos: 11 ~ 30 kg (24 ~ 66 lb). F\u00e1cil de limpiar.<\/p>\n<p>&nbsp; \u2026 <span class=\"more-button\"><a href=\"https:\/\/www.chiwava.com\/es\/producto\/er126-mg\/\" class=\"more-link\">Continuar<span class=\"screen-reader-text\">Chiwava Juguetes de goma para perros con cuerda de 2,8 \u2033, pelota dental con cuerda, pelota para tirar y buscar para perros medianos, verde menta<\/span><\/a><\/span><\/p>","protected":false},"featured_media":77190,"template":"","meta":[],"product_brand":[],"product_cat":[16,15,287],"product_tag":[277,166,156,276],"class_list":{"0":"post-77076","1":"product","2":"type-product","3":"status-publish","4":"has-post-thumbnail","6":"product_cat-dog_toys","7":"product_cat-pet_toys","8":"product_cat-rubber-dog-toys","9":"product_tag-ball-on-rope","10":"product_tag-fetch-dog-toy","11":"product_tag-rubber-dog-toy","12":"product_tag-rubber-rope-dog-toy","14":"first","15":"instock","16":"shipping-taxable","17":"product-type-simple"},"_links":{"self":[{"href":"https:\/\/www.chiwava.com\/es\/wp-json\/wp\/v2\/product\/77076","targetHints":{"allow":["GET"]}}],"collection":[{"href":"https:\/\/www.chiwava.com\/es\/wp-json\/wp\/v2\/product"}],"about":[{"href":"https:\/\/www.chiwava.com\/es\/wp-json\/wp\/v2\/types\/product"}],"wp:featuredmedia":[{"embeddable":true,"href":"https:\/\/www.chiwava.com\/es\/wp-json\/wp\/v2\/media\/77190"}],"wp:attachment":[{"href":"https:\/\/www.chiwava.com\/es\/wp-json\/wp\/v2\/media?parent=77076"}],"wp:term":[{"taxonomy":"product_brand","embeddable":true,"href":"https:\/\/www.chiwava.com\/es\/wp-json\/wp\/v2\/product_brand?post=77076"},{"taxonomy":"product_cat","embeddable":true,"href":"https:\/\/www.chiwava.com\/es\/wp-json\/wp\/v2\/product_cat?post=77076"},{"taxonomy":"product_tag","embeddable":true,"href":"https:\/\/www.chiwava.com\/es\/wp-json\/wp\/v2\/product_tag?post=77076"}],"curies":[{"name":"wp","href":"https:\/\/api.w.org\/{rel}","templated":true}]}}