{"id":77073,"date":"2024-06-27T09:15:36","date_gmt":"2024-06-27T09:15:36","guid":{"rendered":"https:\/\/www.chiwava.com\/?post_type=product&#038;p=77073"},"modified":"2025-10-10T06:44:44","modified_gmt":"2025-10-10T06:44:44","slug":"er173-bu","status":"publish","type":"product","link":"https:\/\/www.chiwava.com\/es\/producto\/er173-bu\/","title":{"rendered":"Disco volador de goma para perros Chiwava de 8,7\u2033, juguete para buscar y jugar al aire libre para perros grandes, color azul"},"content":{"rendered":"<p>Los discos voladores Chiwava est\u00e1n hechos de caucho natural, NO T\u00d3XICOS. Suaves, flexibles y de f\u00e1cil agarre. Pueden ayudar a limpiar los dientes y masajear las enc\u00edas. Hechos para perros grandes, ideales para vuelos de larga distancia y juegos de b\u00fasqueda. Una buena herramienta para el entrenamiento en interiores o exteriores, adecuados para parques, playas y patios traseros. Incluso puedes darle la vuelta y usarlo como un recipiente de viaje para mascotas para comida o agua. Fomenta el ejercicio saludable y el tiempo de uni\u00f3n. Libera energ\u00eda y estr\u00e9s.<\/p>","protected":false},"excerpt":{"rendered":"<p><a href=\"https:\/\/www.chiwava.com\/es\/tienda-de-marca\/\"><img loading=\"lazy\" decoding=\"async\" class=\"alignnone size-medium wp-image-94\" src=\"https:\/\/www.chiwava.com\/wp-content\/uploads\/2019\/06\/Amazon-300x73.png\" alt=\"\" width=\"300\" height=\"73\" srcset=\"https:\/\/www.chiwava.com\/wp-content\/uploads\/2019\/06\/Amazon-300x73.png 300w, https:\/\/www.chiwava.com\/wp-content\/uploads\/2019\/06\/Amazon.png 364w\" sizes=\"auto, (max-width: 300px) 100vw, 300px\" \/><\/a><\/p>\n<p>Disco volador de goma para perros Chiwava de 8,7\u2033, juguete para buscar y jugar al aire libre para perros grandes, color azul<\/p>\n<p>\u2764Hecho de caucho natural, no t\u00f3xico, suave al tacto.<br \/>\n\u2764 Este disco antimoscas proporciona seguridad y ayuda a limpiar los dientes y las enc\u00edas.<br \/>\n\u2764 El volante interactivo es el juguete perfecto en el agua, el c\u00e9sped o la nieve. Incluso puedes darle la vuelta y utilizarlo como cuenco de viaje para mascotas para comida o agua.<br \/>\n\u2764 Los livianos son ideales para lanzar, lanzar y buscar. Apelando a los instintos naturales y la emoci\u00f3n adicional de su mascota.<br \/>\n\u2764 Adecuado para perros grandes: 31 ~ 40 kg (68,3 ~ 88,2 lb). F\u00e1cil de limpiar. \u2026 <span class=\"more-button\"><a href=\"https:\/\/www.chiwava.com\/es\/producto\/er173-bu\/\" class=\"more-link\">Continuar<span class=\"screen-reader-text\">Disco volador de goma para perros Chiwava de 8,7\u2033, juguete para buscar y jugar al aire libre para perros grandes, color azul<\/span><\/a><\/span><\/p>","protected":false},"featured_media":77187,"template":"","meta":[],"product_brand":[],"product_cat":[16,15,287],"product_tag":[273,275,156,274],"class_list":{"0":"post-77073","1":"product","2":"type-product","3":"status-publish","4":"has-post-thumbnail","6":"product_cat-dog_toys","7":"product_cat-pet_toys","8":"product_cat-rubber-dog-toys","9":"product_tag-dog-fly-disc","10":"product_tag-dog-frisbee","11":"product_tag-rubber-dog-toy","12":"product_tag-rubber-fetch-dog-toy","14":"first","15":"instock","16":"shipping-taxable","17":"product-type-simple"},"_links":{"self":[{"href":"https:\/\/www.chiwava.com\/es\/wp-json\/wp\/v2\/product\/77073","targetHints":{"allow":["GET"]}}],"collection":[{"href":"https:\/\/www.chiwava.com\/es\/wp-json\/wp\/v2\/product"}],"about":[{"href":"https:\/\/www.chiwava.com\/es\/wp-json\/wp\/v2\/types\/product"}],"wp:featuredmedia":[{"embeddable":true,"href":"https:\/\/www.chiwava.com\/es\/wp-json\/wp\/v2\/media\/77187"}],"wp:attachment":[{"href":"https:\/\/www.chiwava.com\/es\/wp-json\/wp\/v2\/media?parent=77073"}],"wp:term":[{"taxonomy":"product_brand","embeddable":true,"href":"https:\/\/www.chiwava.com\/es\/wp-json\/wp\/v2\/product_brand?post=77073"},{"taxonomy":"product_cat","embeddable":true,"href":"https:\/\/www.chiwava.com\/es\/wp-json\/wp\/v2\/product_cat?post=77073"},{"taxonomy":"product_tag","embeddable":true,"href":"https:\/\/www.chiwava.com\/es\/wp-json\/wp\/v2\/product_tag?post=77073"}],"curies":[{"name":"wp","href":"https:\/\/api.w.org\/{rel}","templated":true}]}}