{"id":77068,"date":"2024-06-27T08:57:09","date_gmt":"2024-06-27T08:57:09","guid":{"rendered":"https:\/\/www.chiwava.com\/?post_type=product&#038;p=77068"},"modified":"2025-06-09T07:35:48","modified_gmt":"2025-06-09T07:35:48","slug":"er200","status":"publish","type":"product","link":"https:\/\/www.chiwava.com\/es\/producto\/er200\/","title":{"rendered":"Juguete para perros Chiwava de 8,7\u2033 con forma de disco volador de goma para tirar de la cuerda, para jugar al aire libre para perros medianos y grandes"},"content":{"rendered":"<p>Este disco volador para perros est\u00e1 dise\u00f1ado para brindar un tiempo de juego divertido y atractivo para los perros, est\u00e1 hecho de caucho natural y NO ES T\u00d3XICO. El mango de caucho es c\u00f3modo de agarrar, lo que facilita que tanto usted como su perro puedan agarrarse bien durante nuestras batallas de tira y afloja. Disco volador hueco para perros f\u00e1cil de tirar y lanzar, ideal para la emoci\u00f3n de un disco volador y divertidos juegos de tira y afloja. Ideal para promover el juego activo y el ejercicio, el disco volador fomenta correr, saltar y buscar.<\/p>","protected":false},"excerpt":{"rendered":"<p><a href=\"https:\/\/www.chiwava.com\/es\/tienda-de-marca\/\"><img loading=\"lazy\" decoding=\"async\" class=\"alignnone size-medium wp-image-94\" src=\"https:\/\/www.chiwava.com\/wp-content\/uploads\/2019\/06\/Amazon-300x73.png\" alt=\"\" width=\"300\" height=\"73\" srcset=\"https:\/\/www.chiwava.com\/wp-content\/uploads\/2019\/06\/Amazon-300x73.png 300w, https:\/\/www.chiwava.com\/wp-content\/uploads\/2019\/06\/Amazon.png 364w\" sizes=\"auto, (max-width: 300px) 100vw, 300px\" \/><\/a><\/p>\n<p>Disco volador de goma para perros Chiwava de 8,7\u2033, juguete para buscar y tirar al aire libre para perros medianos y grandes<\/p>\n<p>\u2764Hecho de caucho natural, no t\u00f3xico, suave al tacto.<br \/>\n\u2764 Disco de mosca interactivo ideal para lanzar, buscar, lanzar, entrenar y atrapar.<br \/>\n\u2764 Lo suficientemente suave como para ser suave con los dientes y las enc\u00edas de un perro, agarre c\u00f3modo para su mascota.<br \/>\n\u2764 Este disco volador hueco para perros est\u00e1 dise\u00f1ado tanto para juegos de tira y afloja como para buscar, y proporciona a la mascota horas de entretenimiento y ejercicio.<br \/>\n\u2764 Adecuado para perros grandes: 31 ~ 40 kg (68,3 ~ 88,2 lb). F\u00e1cil de limpiar. \u2026 <span class=\"more-button\"><a href=\"https:\/\/www.chiwava.com\/es\/producto\/er200\/\" class=\"more-link\">Continuar<span class=\"screen-reader-text\">Juguete para perros Chiwava de 8,7\u2033 con forma de disco volador de goma para tirar de la cuerda, para jugar al aire libre para perros medianos y grandes<\/span><\/a><\/span><\/p>","protected":false},"featured_media":78061,"template":"","meta":[],"product_brand":[],"product_cat":[16,15],"product_tag":[273,156,274],"class_list":{"0":"post-77068","1":"product","2":"type-product","3":"status-publish","4":"has-post-thumbnail","6":"product_cat-dog_toys","7":"product_cat-pet_toys","8":"product_tag-dog-fly-disc","9":"product_tag-rubber-dog-toy","10":"product_tag-rubber-fetch-dog-toy","12":"first","13":"instock","14":"shipping-taxable","15":"product-type-simple"},"_links":{"self":[{"href":"https:\/\/www.chiwava.com\/es\/wp-json\/wp\/v2\/product\/77068","targetHints":{"allow":["GET"]}}],"collection":[{"href":"https:\/\/www.chiwava.com\/es\/wp-json\/wp\/v2\/product"}],"about":[{"href":"https:\/\/www.chiwava.com\/es\/wp-json\/wp\/v2\/types\/product"}],"wp:featuredmedia":[{"embeddable":true,"href":"https:\/\/www.chiwava.com\/es\/wp-json\/wp\/v2\/media\/78061"}],"wp:attachment":[{"href":"https:\/\/www.chiwava.com\/es\/wp-json\/wp\/v2\/media?parent=77068"}],"wp:term":[{"taxonomy":"product_brand","embeddable":true,"href":"https:\/\/www.chiwava.com\/es\/wp-json\/wp\/v2\/product_brand?post=77068"},{"taxonomy":"product_cat","embeddable":true,"href":"https:\/\/www.chiwava.com\/es\/wp-json\/wp\/v2\/product_cat?post=77068"},{"taxonomy":"product_tag","embeddable":true,"href":"https:\/\/www.chiwava.com\/es\/wp-json\/wp\/v2\/product_tag?post=77068"}],"curies":[{"name":"wp","href":"https:\/\/api.w.org\/{rel}","templated":true}]}}