{"id":77066,"date":"2024-06-27T08:38:00","date_gmt":"2024-06-27T08:38:00","guid":{"rendered":"https:\/\/www.chiwava.com\/?post_type=product&#038;p=77066"},"modified":"2024-08-21T09:45:59","modified_gmt":"2024-08-21T09:45:59","slug":"er021er001","status":"publish","type":"product","link":"https:\/\/www.chiwava.com\/es\/producto\/er021er001\/","title":{"rendered":"Chiwava Paquete de 2 bolas dentales de juguete para perros de goma con juegos de bolas de golosinas para perros grandes"},"content":{"rendered":"<p>Las bolas dentales de goma Chiwava est\u00e1n hechas de caucho natural, NO T\u00d3XICAS. Las bolas dentales con dise\u00f1o de superficie de diente de sierra y las bolas de golosinas utilizan el dise\u00f1o del dispensador de golosinas. Esta bola no solo puede ayudar a limpiar los dientes y masajear las enc\u00edas de la mascota, sino que tambi\u00e9n puede agregar el refrigerio al orificio o en forma de diente para aumentar el inter\u00e9s de su mascota, disfrutar de su comida y Desarrollar el buen h\u00e1bito de comer despacio. Es adecuado para actividades de buscar, lanzar y masticar, fomenta el juego activo y el ejercicio, disfruta de horas de vinculaci\u00f3n con tu mascota.<\/p>\n<p>&nbsp;<\/p>","protected":false},"excerpt":{"rendered":"<p><a href=\"https:\/\/www.chiwava.com\/es\/tienda-de-marca\/\"><img loading=\"lazy\" decoding=\"async\" class=\"alignnone size-medium wp-image-94\" src=\"https:\/\/www.chiwava.com\/wp-content\/uploads\/2019\/06\/Amazon-300x73.png\" alt=\"\" width=\"300\" height=\"73\" srcset=\"https:\/\/www.chiwava.com\/wp-content\/uploads\/2019\/06\/Amazon-300x73.png 300w, https:\/\/www.chiwava.com\/wp-content\/uploads\/2019\/06\/Amazon.png 364w\" sizes=\"auto, (max-width: 300px) 100vw, 300px\" \/><\/a><\/p>\n<p>Chiwava Paquete de 2 bolas dentales de juguete para perros de goma con juegos de bolas de golosinas para perros grandes<\/p>\n<p>\u2764 Hecho de caucho natural, no t\u00f3xico (2 piezas\/juego, 1 verde menta + 1 verde).<br \/>\n\u2764 Puede agregar la comida o golosinas favoritas de su perro a la pelota, lo que atraer\u00e1 m\u00e1s f\u00e1cilmente la atenci\u00f3n de su perro.<br \/>\n\u2764 Mint Green Teeth Ball puede ayudar a limpiar los dientes y masajear las enc\u00edas, promoviendo la salud dental.<br \/>\n\u2764 Green Treat Ball, como el juguete del rompecabezas, puede colocar los alimentos, mejorando sus habilidades para resolver problemas.<br \/>\n\u2764 Dise\u00f1ado para buscar y rodar, fomentando el juego activo y activando los instintos naturales del perro.<br \/>\n\u2764 Adecuado para perros grandes: 31 ~ 40 kg (68,3 ~ 88,2 lb). F\u00e1cil de limpiar. Simplemente enjuague con agua tibia y seque despu\u00e9s de su uso. \u2026 <span class=\"more-button\"><a href=\"https:\/\/www.chiwava.com\/es\/producto\/er021er001\/\" class=\"more-link\">Continuar<span class=\"screen-reader-text\">Chiwava Paquete de 2 bolas dentales de juguete para perros de goma con juegos de bolas de golosinas para perros grandes<\/span><\/a><\/span><\/p>","protected":false},"featured_media":77179,"template":"","meta":[],"product_brand":[],"product_cat":[16,15],"product_tag":[165,271,272],"class_list":{"0":"post-77066","1":"product","2":"type-product","3":"status-publish","4":"has-post-thumbnail","6":"product_cat-dog_toys","7":"product_cat-pet_toys","8":"product_tag-chew-dog-toy","9":"product_tag-rubber-dog-toy-ball","10":"product_tag-treat-dog-toy-ball","12":"first","13":"instock","14":"shipping-taxable","15":"product-type-simple"},"_links":{"self":[{"href":"https:\/\/www.chiwava.com\/es\/wp-json\/wp\/v2\/product\/77066","targetHints":{"allow":["GET"]}}],"collection":[{"href":"https:\/\/www.chiwava.com\/es\/wp-json\/wp\/v2\/product"}],"about":[{"href":"https:\/\/www.chiwava.com\/es\/wp-json\/wp\/v2\/types\/product"}],"wp:featuredmedia":[{"embeddable":true,"href":"https:\/\/www.chiwava.com\/es\/wp-json\/wp\/v2\/media\/77179"}],"wp:attachment":[{"href":"https:\/\/www.chiwava.com\/es\/wp-json\/wp\/v2\/media?parent=77066"}],"wp:term":[{"taxonomy":"product_brand","embeddable":true,"href":"https:\/\/www.chiwava.com\/es\/wp-json\/wp\/v2\/product_brand?post=77066"},{"taxonomy":"product_cat","embeddable":true,"href":"https:\/\/www.chiwava.com\/es\/wp-json\/wp\/v2\/product_cat?post=77066"},{"taxonomy":"product_tag","embeddable":true,"href":"https:\/\/www.chiwava.com\/es\/wp-json\/wp\/v2\/product_tag?post=77066"}],"curies":[{"name":"wp","href":"https:\/\/api.w.org\/{rel}","templated":true}]}}