{"id":77063,"date":"2024-06-27T08:36:17","date_gmt":"2024-06-27T08:36:17","guid":{"rendered":"https:\/\/www.chiwava.com\/?post_type=product&#038;p=77063"},"modified":"2025-07-04T03:49:57","modified_gmt":"2025-07-04T03:49:57","slug":"er001","status":"publish","type":"product","link":"https:\/\/www.chiwava.com\/es\/producto\/er001\/","title":{"rendered":"Chiwava Paquete de 2 bolas de goma para dentici\u00f3n de perro de 2,75 \u2033, bolas dentales, alimentador de golosinas, bola para masticar para perros grandes"},"content":{"rendered":"<p>Las bolas dentales de goma Chiwava est\u00e1n hechas de caucho natural, NO T\u00d3XICAS. Dise\u00f1o de superficie antideslizante con dientes de sierra, hecho para perros grandes, se adapta a la boca de su mascota. Esta bola no solo puede ayudar a la mascota a limpiar los dientes y masajear las enc\u00edas, sino que tambi\u00e9n puede agregar el refrigerio, untar mantequilla de man\u00ed o yogur en la forma de los dientes para aumentar el inter\u00e9s de su mascota, el orificio central se puede insertar con golosinas. Es adecuado para actividades de buscar, lanzar y masticar, fomenta el juego activo y el ejercicio, disfruta de horas de vinculaci\u00f3n con tu mascota.<\/p>","protected":false},"excerpt":{"rendered":"<p><a href=\"https:\/\/www.chiwava.com\/es\/tienda-de-marca\/\"><img loading=\"lazy\" decoding=\"async\" class=\"alignnone size-medium wp-image-94\" src=\"https:\/\/www.chiwava.com\/wp-content\/uploads\/2019\/06\/Amazon-300x73.png\" alt=\"\" width=\"300\" height=\"73\" srcset=\"https:\/\/www.chiwava.com\/wp-content\/uploads\/2019\/06\/Amazon-300x73.png 300w, https:\/\/www.chiwava.com\/wp-content\/uploads\/2019\/06\/Amazon.png 364w\" sizes=\"auto, (max-width: 300px) 100vw, 300px\" \/><\/a><\/p>\n<p>Chiwava Paquete de 2 bolas de goma para dentici\u00f3n de perro de 2,75 \u2033, bolas dentales, alimentador de golosinas, bola para masticar para perros grandes<\/p>\n<p>\u2764 Hecho de caucho natural, no t\u00f3xico (2 piezas\/juego, 2,75\u2033, 1 verde menta + 1 naranja).<br \/>\n\u2764 Puede agregar la comida o golosinas favoritas de su perro a la pelota, lo que atraer\u00e1 m\u00e1s f\u00e1cilmente la atenci\u00f3n de su perro.<br \/>\n\u2764 Dise\u00f1o de superficie antideslizante con dientes de sierra, ayuda a limpiar los dientes y masajear las enc\u00edas, promoviendo la salud dental.<br \/>\n\u2764 Dise\u00f1ado para buscar y rodar, fomentando el juego activo y activando los instintos naturales del perro.<br \/>\n\u2764 Adecuado para perros grandes: 31 ~ 40 kg (68,3 ~ 88,2 lb). F\u00e1cil de limpiar. Simplemente enjuague con agua tibia y seque despu\u00e9s de su uso. \u2026 <span class=\"more-button\"><a href=\"https:\/\/www.chiwava.com\/es\/producto\/er001\/\" class=\"more-link\">Continuar<span class=\"screen-reader-text\">Chiwava Paquete de 2 bolas de goma para dentici\u00f3n de perro de 2,75 \u2033, bolas dentales, alimentador de golosinas, bola para masticar para perros grandes<\/span><\/a><\/span><\/p>","protected":false},"featured_media":77176,"template":"","meta":[],"product_brand":[],"product_cat":[16,15],"product_tag":[165,156,271],"class_list":{"0":"post-77063","1":"product","2":"type-product","3":"status-publish","4":"has-post-thumbnail","6":"product_cat-dog_toys","7":"product_cat-pet_toys","8":"product_tag-chew-dog-toy","9":"product_tag-rubber-dog-toy","10":"product_tag-rubber-dog-toy-ball","12":"first","13":"instock","14":"shipping-taxable","15":"product-type-simple"},"_links":{"self":[{"href":"https:\/\/www.chiwava.com\/es\/wp-json\/wp\/v2\/product\/77063","targetHints":{"allow":["GET"]}}],"collection":[{"href":"https:\/\/www.chiwava.com\/es\/wp-json\/wp\/v2\/product"}],"about":[{"href":"https:\/\/www.chiwava.com\/es\/wp-json\/wp\/v2\/types\/product"}],"wp:featuredmedia":[{"embeddable":true,"href":"https:\/\/www.chiwava.com\/es\/wp-json\/wp\/v2\/media\/77176"}],"wp:attachment":[{"href":"https:\/\/www.chiwava.com\/es\/wp-json\/wp\/v2\/media?parent=77063"}],"wp:term":[{"taxonomy":"product_brand","embeddable":true,"href":"https:\/\/www.chiwava.com\/es\/wp-json\/wp\/v2\/product_brand?post=77063"},{"taxonomy":"product_cat","embeddable":true,"href":"https:\/\/www.chiwava.com\/es\/wp-json\/wp\/v2\/product_cat?post=77063"},{"taxonomy":"product_tag","embeddable":true,"href":"https:\/\/www.chiwava.com\/es\/wp-json\/wp\/v2\/product_tag?post=77063"}],"curies":[{"name":"wp","href":"https:\/\/api.w.org\/{rel}","templated":true}]}}