{"id":76877,"date":"2023-10-16T07:30:50","date_gmt":"2023-10-16T07:30:50","guid":{"rendered":"https:\/\/www.chiwava.com\/?post_type=product&#038;p=76877"},"modified":"2025-10-10T06:46:10","modified_gmt":"2025-10-10T06:46:10","slug":"dtl23001","status":"publish","type":"product","link":"https:\/\/www.chiwava.com\/es\/producto\/dtl23001\/","title":{"rendered":"CHIWAVA Paquete de 4 dados de juguetes para perros de l\u00e1tex chirriantes de 1,7 \u2033"},"content":{"rendered":"<p>Los dados de juguete para perros Chiwava Latex est\u00e1n hechos de l\u00e1tex natural. NO T\u00d3XICO. Tiene forma de dado de tama\u00f1o natural, lo que a\u00f1ade un toque emocionante a las sesiones de juego de su perro. Cada juguete tiene un peque\u00f1o chirriador. Con cada empuj\u00f3n juguet\u00f3n, tu compa\u00f1ero peludo ser\u00e1 recompensado con un chirrido divertido. Los colores vibrantes y el dise\u00f1o cl\u00e1sico cautivar\u00e1n la atenci\u00f3n de tu cachorro, convirti\u00e9ndolo en el compa\u00f1ero perfecto para buscar, atrapar o incluso jugar en solitario.<\/p>\n<p>&nbsp;<\/p>\n<p>&nbsp;<\/p>","protected":false},"excerpt":{"rendered":"<p><a href=\"https:\/\/www.chiwava.com\/es\/tienda-de-marca\/\"><img loading=\"lazy\" decoding=\"async\" class=\"alignnone size-medium wp-image-94\" src=\"https:\/\/www.chiwava.com\/wp-content\/uploads\/2019\/06\/Amazon-300x73.png\" alt=\"\" width=\"300\" height=\"73\" srcset=\"https:\/\/www.chiwava.com\/wp-content\/uploads\/2019\/06\/Amazon-300x73.png 300w, https:\/\/www.chiwava.com\/wp-content\/uploads\/2019\/06\/Amazon.png 364w\" sizes=\"auto, (max-width: 300px) 100vw, 300px\" \/><\/a><\/p>\n<p>CHIWAVA Paquete de 4 juguetes de l\u00e1tex chirriantes para perros de 1,7 \u2033, dados, juego interactivo para buscar cachorros para perros peque\u00f1os<\/p>\n<p>\u2764 Fabricado con caucho de l\u00e1tex natural, no t\u00f3xico.<br \/>\n\u2764 Suave, Squeeze Squeak, divertido dado cl\u00e1sico, relleno.<br \/>\n\u2764 Juguete interactivo para interiores y exteriores, ideal para buscar, lanzar y rebotar.<br \/>\n\u2764 Contiene 4 colores diferentes, agrega un elemento de novedad al tiempo de juego, manteniendo a su cachorro entretenido y entretenido.<br \/>\n\u2764 Adecuado para perros peque\u00f1os: menos de 11 kg (24,25 lb). \u2026 <span class=\"more-button\"><a href=\"https:\/\/www.chiwava.com\/es\/producto\/dtl23001\/\" class=\"more-link\">Continuar<span class=\"screen-reader-text\">CHIWAVA Paquete de 4 dados de juguetes para perros de l\u00e1tex chirriantes de 1,7 \u2033<\/span><\/a><\/span><\/p>","protected":false},"featured_media":76913,"template":"","meta":[],"product_brand":[],"product_cat":[16,286,15],"product_tag":[268,166,59,58],"class_list":{"0":"post-76877","1":"product","2":"type-product","3":"status-publish","4":"has-post-thumbnail","6":"product_cat-dog_toys","7":"product_cat-latex-dog-toys","8":"product_cat-pet_toys","9":"product_tag-dog-toy-dice","10":"product_tag-fetch-dog-toy","11":"product_tag-interactive-dog-toy","12":"product_tag-squeak-dog-toy","14":"first","15":"instock","16":"shipping-taxable","17":"product-type-simple"},"_links":{"self":[{"href":"https:\/\/www.chiwava.com\/es\/wp-json\/wp\/v2\/product\/76877","targetHints":{"allow":["GET"]}}],"collection":[{"href":"https:\/\/www.chiwava.com\/es\/wp-json\/wp\/v2\/product"}],"about":[{"href":"https:\/\/www.chiwava.com\/es\/wp-json\/wp\/v2\/types\/product"}],"wp:featuredmedia":[{"embeddable":true,"href":"https:\/\/www.chiwava.com\/es\/wp-json\/wp\/v2\/media\/76913"}],"wp:attachment":[{"href":"https:\/\/www.chiwava.com\/es\/wp-json\/wp\/v2\/media?parent=76877"}],"wp:term":[{"taxonomy":"product_brand","embeddable":true,"href":"https:\/\/www.chiwava.com\/es\/wp-json\/wp\/v2\/product_brand?post=76877"},{"taxonomy":"product_cat","embeddable":true,"href":"https:\/\/www.chiwava.com\/es\/wp-json\/wp\/v2\/product_cat?post=76877"},{"taxonomy":"product_tag","embeddable":true,"href":"https:\/\/www.chiwava.com\/es\/wp-json\/wp\/v2\/product_tag?post=76877"}],"curies":[{"name":"wp","href":"https:\/\/api.w.org\/{rel}","templated":true}]}}