{"id":76343,"date":"2023-04-19T06:26:32","date_gmt":"2023-04-19T06:26:32","guid":{"rendered":"https:\/\/www.chiwava.com\/?post_type=product&#038;p=76343"},"modified":"2023-10-08T03:53:50","modified_gmt":"2023-10-08T03:53:50","slug":"ctb12003-6pcs","status":"publish","type":"product","link":"https:\/\/www.chiwava.com\/es\/producto\/ctb12003-6pcs\/","title":{"rendered":"Chiwava 6 Pack 20\u2033 Pelotas de juguete de lana para gatos con juguetes interactivos Bell Kitten"},"content":{"rendered":"<p>Las bolas surtidas de Chiwava est\u00e1n hechas de hilo de lana suave. NO T\u00d3XICO. Estos ovillos combinan la suavidad de la lana con el sonido de un cascabel y la diversi\u00f3n a\u00f1adida de un hilo largo. La pelota de juguete cuenta con una campana adjunta que tintinea con cada movimiento. El sonido de la campana estimula la curiosidad de tu gato y capta su atenci\u00f3n. El dise\u00f1o de las cuerdas te da un buen apalancamiento para lanzar las bolas. puede usar la cuerda para arrastrar la pelota por el piso, excelente para rodar, saltar, batear y perseguir. proporcionando un sinf\u00edn de entretenimiento y estimulaci\u00f3n.<\/p>","protected":false},"excerpt":{"rendered":"<p><a href=\"https:\/\/www.chiwava.com\/es\/tienda-de-marca\/\"><img loading=\"lazy\" decoding=\"async\" class=\"alignnone size-medium wp-image-94\" src=\"https:\/\/www.chiwava.com\/wp-content\/uploads\/2019\/06\/Amazon-300x73.png\" alt=\"\" width=\"300\" height=\"73\" srcset=\"https:\/\/www.chiwava.com\/wp-content\/uploads\/2019\/06\/Amazon-300x73.png 300w, https:\/\/www.chiwava.com\/wp-content\/uploads\/2019\/06\/Amazon.png 364w\" sizes=\"auto, (max-width: 300px) 100vw, 300px\" \/><\/a><\/p>\n<p>Chiwava 6PCS 20\u2033 Bolas de juguete de lana para gatos con campana<\/p>\n<ul>\n<li>Fabricado con pl\u00e1stico en el interior, hilo de lana suave en el exterior.<\/li>\n<li>Ligero, f\u00e1cil de perseguir, transportar y colgar con cuerda, ideal para lanzar las bolas.<\/li>\n<li>Dise\u00f1o de campana, atractivo para los instintos naturales de tu gato y entretenimiento sin fin.<\/li>\n<li>La bola de hilo tiene el tama\u00f1o perfecto para rodar y lanzar, ideal para ejercicios y juegos de entrenamiento.<\/li>\n<li>Paquete: 6 piezas por caja, ideal para hogares interactivos en interiores y juguetes de actividad.<\/li>\n<\/ul>\n<p> \u2026 <span class=\"more-button\"><a href=\"https:\/\/www.chiwava.com\/es\/producto\/ctb12003-6pcs\/\" class=\"more-link\">Continuar<span class=\"screen-reader-text\">Chiwava 6 Pack 20\u2033 Pelotas de juguete de lana para gatos con juguetes interactivos Bell Kitten<\/span><\/a><\/span><\/p>","protected":false},"featured_media":76571,"template":"","meta":[],"product_brand":[],"product_cat":[17,15],"product_tag":[255,139,254],"class_list":{"0":"post-76343","1":"product","2":"type-product","3":"status-publish","4":"has-post-thumbnail","6":"product_cat-cat_toys","7":"product_cat-pet_toys","8":"product_tag-cat-toy-ball-with-bell","9":"product_tag-interactive-cat-toy","10":"product_tag-woolen-yarn-cat-toy-balls","12":"first","13":"instock","14":"shipping-taxable","15":"product-type-simple"},"_links":{"self":[{"href":"https:\/\/www.chiwava.com\/es\/wp-json\/wp\/v2\/product\/76343","targetHints":{"allow":["GET"]}}],"collection":[{"href":"https:\/\/www.chiwava.com\/es\/wp-json\/wp\/v2\/product"}],"about":[{"href":"https:\/\/www.chiwava.com\/es\/wp-json\/wp\/v2\/types\/product"}],"wp:featuredmedia":[{"embeddable":true,"href":"https:\/\/www.chiwava.com\/es\/wp-json\/wp\/v2\/media\/76571"}],"wp:attachment":[{"href":"https:\/\/www.chiwava.com\/es\/wp-json\/wp\/v2\/media?parent=76343"}],"wp:term":[{"taxonomy":"product_brand","embeddable":true,"href":"https:\/\/www.chiwava.com\/es\/wp-json\/wp\/v2\/product_brand?post=76343"},{"taxonomy":"product_cat","embeddable":true,"href":"https:\/\/www.chiwava.com\/es\/wp-json\/wp\/v2\/product_cat?post=76343"},{"taxonomy":"product_tag","embeddable":true,"href":"https:\/\/www.chiwava.com\/es\/wp-json\/wp\/v2\/product_tag?post=76343"}],"curies":[{"name":"wp","href":"https:\/\/api.w.org\/{rel}","templated":true}]}}