{"id":75626,"date":"2022-05-25T03:12:42","date_gmt":"2022-05-25T03:12:42","guid":{"rendered":"https:\/\/www.chiwava.com\/?post_type=product&#038;p=75626"},"modified":"2023-10-08T03:58:06","modified_gmt":"2023-10-08T03:58:06","slug":"cts00026-36-piezas","status":"publish","type":"product","link":"https:\/\/www.chiwava.com\/es\/producto\/cts00026-36-piezas\/","title":{"rendered":"Chiwava - Juego de 36 bolas de espuma para gatos de 1,7 pulgadas, color arco\u00edris"},"content":{"rendered":"<p>Juego de 36 bolas, para que no tengas que preocuparte por perder los juguetes de tu casa. Los gatos son animales nocturnos, y a muchos de ellos les encanta correr por el apartamento por la noche. Especialmente dise\u00f1ado para jugar en silencio, pero a\u00fan as\u00ed puede hacer que tu adorable gato se interese debido a su dise\u00f1o muy colorido y liviano. Pelotas de espuma suaves al tacto y no tan blandas, lo que las convierte en juguetes de larga duraci\u00f3n. Tu gato puede rodar y perseguir f\u00e1cilmente la pelota por la noche sin hacer ruido y sin interrumpir tu sue\u00f1o.<\/p>","protected":false},"excerpt":{"rendered":"<p><a href=\"https:\/\/www.chiwava.com\/es\/tienda-de-marca\/\"><img loading=\"lazy\" decoding=\"async\" class=\"alignnone size-medium wp-image-94\" src=\"https:\/\/www.chiwava.com\/wp-content\/uploads\/2019\/06\/Amazon-300x73.png\" alt=\"\" width=\"300\" height=\"73\" srcset=\"https:\/\/www.chiwava.com\/wp-content\/uploads\/2019\/06\/Amazon-300x73.png 300w, https:\/\/www.chiwava.com\/wp-content\/uploads\/2019\/06\/Amazon.png 364w\" sizes=\"auto, (max-width: 300px) 100vw, 300px\" \/><\/a><br \/>\nChiwava - Juego de 36 bolas de espuma para gatos de 1,7 pulgadas, bolas de colores arco\u00edris, actividades para gatitos, persecuci\u00f3n, juego silencioso, mezcla de colores<\/p>\n<hr \/>\n<ul class=\"a-unordered-list a-vertical a-spacing-none\">\n<li><span class=\"a-list-item\">Pelota ligera, hecha de espuma EVA.<\/span><\/li>\n<li><span class=\"a-list-item\">Bolas de colores del arco iris<\/span><\/li>\n<li><span class=\"a-list-item\">Juguetes tranquilos para gatos<\/span><\/li>\n<li><span class=\"a-list-item\">Paquete de 36 juguetes para gatos a granel.<\/span><\/li>\n<li><span class=\"a-list-item\">Ideal para juegos interactivos o independientes, f\u00e1cil de rodar y perseguir.<\/span><\/li>\n<\/ul>\n<p> \u2026 <span class=\"more-button\"><a href=\"https:\/\/www.chiwava.com\/es\/producto\/cts00026-36-piezas\/\" class=\"more-link\">Continuar<span class=\"screen-reader-text\">Chiwava - Juego de 36 bolas de espuma para gatos de 1,7 pulgadas, color arco\u00edris<\/span><\/a><\/span><\/p>","protected":false},"featured_media":75982,"template":"","meta":[],"product_brand":[],"product_cat":[17,15],"product_tag":[31,33,34],"class_list":{"0":"post-75626","1":"product","2":"type-product","3":"status-publish","4":"has-post-thumbnail","6":"product_cat-cat_toys","7":"product_cat-pet_toys","8":"product_tag-cat-mice-for-kids","9":"product_tag-cat-toy-balls","10":"product_tag-cat-toys-for-adult","12":"first","13":"instock","14":"shipping-taxable","15":"product-type-simple"},"_links":{"self":[{"href":"https:\/\/www.chiwava.com\/es\/wp-json\/wp\/v2\/product\/75626","targetHints":{"allow":["GET"]}}],"collection":[{"href":"https:\/\/www.chiwava.com\/es\/wp-json\/wp\/v2\/product"}],"about":[{"href":"https:\/\/www.chiwava.com\/es\/wp-json\/wp\/v2\/types\/product"}],"wp:featuredmedia":[{"embeddable":true,"href":"https:\/\/www.chiwava.com\/es\/wp-json\/wp\/v2\/media\/75982"}],"wp:attachment":[{"href":"https:\/\/www.chiwava.com\/es\/wp-json\/wp\/v2\/media?parent=75626"}],"wp:term":[{"taxonomy":"product_brand","embeddable":true,"href":"https:\/\/www.chiwava.com\/es\/wp-json\/wp\/v2\/product_brand?post=75626"},{"taxonomy":"product_cat","embeddable":true,"href":"https:\/\/www.chiwava.com\/es\/wp-json\/wp\/v2\/product_cat?post=75626"},{"taxonomy":"product_tag","embeddable":true,"href":"https:\/\/www.chiwava.com\/es\/wp-json\/wp\/v2\/product_tag?post=75626"}],"curies":[{"name":"wp","href":"https:\/\/api.w.org\/{rel}","templated":true}]}}