{"id":75612,"date":"2022-05-24T03:55:44","date_gmt":"2022-05-24T03:55:44","guid":{"rendered":"https:\/\/www.chiwava.com\/?post_type=product&#038;p=75612"},"modified":"2023-10-08T07:17:17","modified_gmt":"2023-10-08T07:17:17","slug":"ctm00169-24pcs-2","status":"publish","type":"product","link":"https:\/\/www.chiwava.com\/es\/producto\/ctm00169-24pcs-2\/","title":{"rendered":"Chiwava - Juego de 24 bolas de Mylar de 1,6 pulgadas, juguete para gatos, bola arrugada brillante"},"content":{"rendered":"<p>Chiwawa Mylar Balls es una simple pero poderosa distracci\u00f3n para gatos. 24 bolas brillantes y reflectantes en juego. Las bolas est\u00e1n hechas de una pel\u00edcula de mylar suave y liviana, las capas est\u00e1n apretadas y crean una bola exuberante. Debido a la estructura arrugada, es f\u00e1cil hacer un sonido de crujido que ser\u00e1 atractivo para su gato. Ideal para juegos interactivos o independientes, sus mascotas pueden transportar f\u00e1cilmente la pelota o incluso lanzarla al aire, es liviana y f\u00e1cil de batear. trae mucha diversi\u00f3n y energ\u00eda, especialmente el per\u00edodo estresante de primavera.<\/p>","protected":false},"excerpt":{"rendered":"<p><a href=\"https:\/\/www.chiwava.com\/es\/tienda-de-marca\/\"><img loading=\"lazy\" decoding=\"async\" class=\"alignnone size-medium wp-image-94\" src=\"https:\/\/www.chiwava.com\/wp-content\/uploads\/2019\/06\/Amazon-300x73.png\" alt=\"\" width=\"300\" height=\"73\" srcset=\"https:\/\/www.chiwava.com\/wp-content\/uploads\/2019\/06\/Amazon-300x73.png 300w, https:\/\/www.chiwava.com\/wp-content\/uploads\/2019\/06\/Amazon.png 364w\" sizes=\"auto, (max-width: 300px) 100vw, 300px\" \/><\/a><br \/>\nChiwava 24PCS 1.6 &quot;Bolas de Mylar Juguete para gatos Pelota arrugada brillante Gatito Crujido Juego ligero Colores surtidos<\/p>\n<hr \/>\n<ul class=\"a-unordered-list a-vertical a-spacing-none\">\n<li><span class=\"a-list-item\">Hecho de material Mylar suave y liviano, textura arrugada en colores met\u00e1licos brillantes.<\/span><\/li>\n<li><span class=\"a-list-item\">Tu gatito se volver\u00e1 loco con el juguete de pelota para gatos que hace un sonido de arrugas cuando juega.<\/span><\/li>\n<li><span class=\"a-list-item\">Ideal para juguetes interactivos, trae mucha diversi\u00f3n y energ\u00eda a tus mascotas y las mascotas ser\u00e1n m\u00e1s \u00e1giles y en\u00e9rgicas.<\/span><\/li>\n<li><span class=\"a-list-item\">Di\u00e1metro: 4cm\/1.6\u2033, Peso: 1g\/PC.<\/span><\/li>\n<li><span class=\"a-list-item\">Paquete: 24PCS por caja PDQ (como muestra la imagen), 24PCS:59g<\/span><\/li>\n<\/ul>\n<p> \u2026 <span class=\"more-button\"><a href=\"https:\/\/www.chiwava.com\/es\/producto\/ctm00169-24pcs-2\/\" class=\"more-link\">Continuar<span class=\"screen-reader-text\">Chiwava - Juego de 24 bolas de Mylar de 1,6 pulgadas, juguete para gatos, bola arrugada brillante<\/span><\/a><\/span><\/p>","protected":false},"featured_media":75993,"template":"","meta":[],"product_brand":[],"product_cat":[17,15],"product_tag":[31,33],"class_list":{"0":"post-75612","1":"product","2":"type-product","3":"status-publish","4":"has-post-thumbnail","6":"product_cat-cat_toys","7":"product_cat-pet_toys","8":"product_tag-cat-mice-for-kids","9":"product_tag-cat-toy-balls","11":"first","12":"instock","13":"shipping-taxable","14":"product-type-simple"},"_links":{"self":[{"href":"https:\/\/www.chiwava.com\/es\/wp-json\/wp\/v2\/product\/75612","targetHints":{"allow":["GET"]}}],"collection":[{"href":"https:\/\/www.chiwava.com\/es\/wp-json\/wp\/v2\/product"}],"about":[{"href":"https:\/\/www.chiwava.com\/es\/wp-json\/wp\/v2\/types\/product"}],"wp:featuredmedia":[{"embeddable":true,"href":"https:\/\/www.chiwava.com\/es\/wp-json\/wp\/v2\/media\/75993"}],"wp:attachment":[{"href":"https:\/\/www.chiwava.com\/es\/wp-json\/wp\/v2\/media?parent=75612"}],"wp:term":[{"taxonomy":"product_brand","embeddable":true,"href":"https:\/\/www.chiwava.com\/es\/wp-json\/wp\/v2\/product_brand?post=75612"},{"taxonomy":"product_cat","embeddable":true,"href":"https:\/\/www.chiwava.com\/es\/wp-json\/wp\/v2\/product_cat?post=75612"},{"taxonomy":"product_tag","embeddable":true,"href":"https:\/\/www.chiwava.com\/es\/wp-json\/wp\/v2\/product_tag?post=75612"}],"curies":[{"name":"wp","href":"https:\/\/api.w.org\/{rel}","templated":true}]}}