{"id":63,"date":"2019-06-24T03:42:39","date_gmt":"2019-06-24T03:42:39","guid":{"rendered":"http:\/\/pending.chiwava.com\/?post_type=product&#038;p=63"},"modified":"2026-02-06T08:29:55","modified_gmt":"2026-02-06T08:29:55","slug":"ctm00120","status":"publish","type":"product","link":"https:\/\/www.chiwava.com\/es\/producto\/ctm00120\/","title":{"rendered":"Chiwava 60 UNIDS 4.1 Pulgadas Gato Peludo Juguete Ratones Sonajero Peque\u00f1o Rat\u00f3n"},"content":{"rendered":"<p>Chiwava Furry Little Rattle Cat Toys Ratones, cuerpo de felpa en el exterior, tiene cuentas en el interior y crea un sonido de sonajero que puede ser m\u00e1s interesante y atractivo para su gato, paquete de 36 ratones de colores surtidos. Sabemos que a algunos gatos siempre les gusta coleccionar juguetes en cualquier lugar. Adecuado para juegos en interiores de gatos y gatitos, juegos interactivos, juegos de atrapar y juegos independientes.<\/p>","protected":false},"excerpt":{"rendered":"<p><a href=\"https:\/\/www.chiwava.com\/es\/tienda-de-marca\/\"><img loading=\"lazy\" decoding=\"async\" class=\"alignnone size-medium wp-image-94\" src=\"https:\/\/www.chiwava.com\/wp-content\/uploads\/2019\/06\/Amazon-300x73.png\" alt=\"\" width=\"300\" height=\"73\" srcset=\"https:\/\/www.chiwava.com\/wp-content\/uploads\/2019\/06\/Amazon-300x73.png 300w, https:\/\/www.chiwava.com\/wp-content\/uploads\/2019\/06\/Amazon.png 364w\" sizes=\"auto, (max-width: 300px) 100vw, 300px\" \/><\/a><br \/>\nChiwava 60 uds 4,1 &quot;juguete de gato peludo ratones sonajero peque\u00f1o rat\u00f3n gatito juego interactivo colores surtidos<\/p>\n<hr \/>\n<p>\u2764 Piel sint\u00e9tica peluda calificada, criterio de detecci\u00f3n US FDA 21CFR (pol\u00edmeros de olefina) \/ UE CE EN-71 (juguetes de peluche)<\/p>\n<p>\u2764 Piel de rat\u00f3n de piel sint\u00e9tica peluda y sonido de sonajero de cuerpo de pl\u00e1stico<\/p>\n<p>\u2764 Juego interactivo, juego independiente, juego interior<\/p>\n<p>\u2764 Paquete de 60 \/ caja, colores surtidos, tama\u00f1o peque\u00f1o<\/p>\n<p>\u2764 Adecuado para gatos, ni\u00f1os y gatos adultos... <span class=\"more-button\"><a href=\"https:\/\/www.chiwava.com\/es\/producto\/ctm00120\/\" class=\"more-link\">Continuar<span class=\"screen-reader-text\">Chiwava 60 UNIDS 4.1 Pulgadas Gato Peludo Juguete Ratones Sonajero Peque\u00f1o Rat\u00f3n<\/span><\/a><\/span><\/p>","protected":false},"featured_media":75794,"template":"","meta":[],"product_brand":[],"product_cat":[17,15],"product_tag":[25,49,50,24],"class_list":{"0":"post-63","1":"product","2":"type-product","3":"status-publish","4":"has-post-thumbnail","6":"product_cat-cat_toys","7":"product_cat-pet_toys","8":"product_tag-cat-toys-mice","9":"product_tag-furry-cat-toys-mice","10":"product_tag-rattle-cat-toys-mice","11":"product_tag-small-cat-mice","13":"first","14":"instock","15":"shipping-taxable","16":"product-type-simple"},"_links":{"self":[{"href":"https:\/\/www.chiwava.com\/es\/wp-json\/wp\/v2\/product\/63","targetHints":{"allow":["GET"]}}],"collection":[{"href":"https:\/\/www.chiwava.com\/es\/wp-json\/wp\/v2\/product"}],"about":[{"href":"https:\/\/www.chiwava.com\/es\/wp-json\/wp\/v2\/types\/product"}],"wp:featuredmedia":[{"embeddable":true,"href":"https:\/\/www.chiwava.com\/es\/wp-json\/wp\/v2\/media\/75794"}],"wp:attachment":[{"href":"https:\/\/www.chiwava.com\/es\/wp-json\/wp\/v2\/media?parent=63"}],"wp:term":[{"taxonomy":"product_brand","embeddable":true,"href":"https:\/\/www.chiwava.com\/es\/wp-json\/wp\/v2\/product_brand?post=63"},{"taxonomy":"product_cat","embeddable":true,"href":"https:\/\/www.chiwava.com\/es\/wp-json\/wp\/v2\/product_cat?post=63"},{"taxonomy":"product_tag","embeddable":true,"href":"https:\/\/www.chiwava.com\/es\/wp-json\/wp\/v2\/product_tag?post=63"}],"curies":[{"name":"wp","href":"https:\/\/api.w.org\/{rel}","templated":true}]}}