{"id":566,"date":"2019-09-26T02:39:59","date_gmt":"2019-09-26T02:39:59","guid":{"rendered":"https:\/\/www.chiwava.com\/?post_type=product&#038;p=566"},"modified":"2025-10-10T06:46:17","modified_gmt":"2025-10-10T06:46:17","slug":"dtl00069-a","status":"publish","type":"product","link":"https:\/\/www.chiwava.com\/es\/producto\/dtl00069-a\/","title":{"rendered":"Chiwava 3 Pack 3.1&quot; Squeak Latex Cachorro Juguete Lovely Standing Animal Sets"},"content":{"rendered":"<p>Juego de hipop\u00f3tamo y elefante Chiwava para perros peque\u00f1os. Bonita apariencia animal y cuerpo de bola. La mezcla de cuatro colores y el material de l\u00e1tex natural aseguran que su mascota mastique y juegue. Juguete chirriante para juegos interactivos y Fetch Play.<\/p>","protected":false},"excerpt":{"rendered":"<p><a href=\"https:\/\/www.chiwava.com\/es\/tienda-de-marca\/\"><img loading=\"lazy\" decoding=\"async\" class=\"alignnone size-medium wp-image-94\" src=\"https:\/\/www.chiwava.com\/wp-content\/uploads\/2019\/06\/Amazon-300x73.png\" alt=\"\" width=\"300\" height=\"73\" srcset=\"https:\/\/www.chiwava.com\/wp-content\/uploads\/2019\/06\/Amazon-300x73.png 300w, https:\/\/www.chiwava.com\/wp-content\/uploads\/2019\/06\/Amazon.png 364w\" sizes=\"auto, (max-width: 300px) 100vw, 300px\" \/><\/a><\/p>\n<p>Chiwava 3 Pack 3.1&quot; Cachorro de juguete de l\u00e1tex con chirrido Encantadores juegos de animales de pie Juego interactivo para mascotas para perros peque\u00f1os Colores surtidos<\/p>\n<hr \/>\n<p>\u2764 Fabricado con Caucho L\u00e1tex No T\u00f3xico, Criterio de Detecci\u00f3n EU CE EN71 ( Juguetes )<\/p>\n<p>\u2764 Squeeze Squeak, sin relleno<\/p>\n<p>\u2764 Dogs Interactive Chew Sound y Outdoor Indoor Fetch Play<\/p>\n<p>\u2764 Contiene 3 juguetes de diferentes formas, elefante divertido, vaca y cerdito.<\/p>\n<p>\u2764 Adecuado para perros peque\u00f1os: menos de 11 kg (24,25 lb)... <span class=\"more-button\"><a href=\"https:\/\/www.chiwava.com\/es\/producto\/dtl00069-a\/\" class=\"more-link\">Continuar<span class=\"screen-reader-text\">Chiwava 3 Pack 3.1&quot; Squeak Latex Cachorro Juguete Lovely Standing Animal Sets<\/span><\/a><\/span><\/p>","protected":false},"featured_media":76830,"template":"","meta":[],"product_brand":[],"product_cat":[16,286,15],"product_tag":[21,18,20],"class_list":{"0":"post-566","1":"product","2":"type-product","3":"status-publish","4":"has-post-thumbnail","6":"product_cat-dog_toys","7":"product_cat-latex-dog-toys","8":"product_cat-pet_toys","9":"product_tag-latex-dog-toys","10":"product_tag-small-dog-toys","11":"product_tag-squeaky-dog-toys","13":"first","14":"instock","15":"shipping-taxable","16":"product-type-simple"},"_links":{"self":[{"href":"https:\/\/www.chiwava.com\/es\/wp-json\/wp\/v2\/product\/566","targetHints":{"allow":["GET"]}}],"collection":[{"href":"https:\/\/www.chiwava.com\/es\/wp-json\/wp\/v2\/product"}],"about":[{"href":"https:\/\/www.chiwava.com\/es\/wp-json\/wp\/v2\/types\/product"}],"wp:featuredmedia":[{"embeddable":true,"href":"https:\/\/www.chiwava.com\/es\/wp-json\/wp\/v2\/media\/76830"}],"wp:attachment":[{"href":"https:\/\/www.chiwava.com\/es\/wp-json\/wp\/v2\/media?parent=566"}],"wp:term":[{"taxonomy":"product_brand","embeddable":true,"href":"https:\/\/www.chiwava.com\/es\/wp-json\/wp\/v2\/product_brand?post=566"},{"taxonomy":"product_cat","embeddable":true,"href":"https:\/\/www.chiwava.com\/es\/wp-json\/wp\/v2\/product_cat?post=566"},{"taxonomy":"product_tag","embeddable":true,"href":"https:\/\/www.chiwava.com\/es\/wp-json\/wp\/v2\/product_tag?post=566"}],"curies":[{"name":"wp","href":"https:\/\/api.w.org\/{rel}","templated":true}]}}