{"id":565,"date":"2019-09-26T02:37:10","date_gmt":"2019-09-26T02:37:10","guid":{"rendered":"https:\/\/www.chiwava.com\/?post_type=product&#038;p=565"},"modified":"2025-10-10T06:46:18","modified_gmt":"2025-10-10T06:46:18","slug":"dtl19036","status":"publish","type":"product","link":"https:\/\/www.chiwava.com\/es\/producto\/dtl19036\/","title":{"rendered":"Chiwava - Juego de 4 bolas de goma de l\u00e1tex con sonrisa plana para apretar y chirriar"},"content":{"rendered":"<p>Las bolas Chiwava Flat Smile est\u00e1n hechas de l\u00e1tex natural. NO T\u00d3XICO. El revestimiento del juguete es agradable al tacto y suave, f\u00e1cil de limpiar. tiene un altavoz peque\u00f1o que produce un sonido atractivo cuando lo aprietas. Se puede usar en interiores o exteriores. Ligero y f\u00e1cil de llevar al exterior. Es un juguete que puedes jugar tirando o jugando entre ellos.<\/p>","protected":false},"excerpt":{"rendered":"<p><a href=\"https:\/\/www.chiwava.com\/es\/tienda-de-marca\/\"><img loading=\"lazy\" decoding=\"async\" class=\"alignnone size-medium wp-image-94\" src=\"https:\/\/www.chiwava.com\/wp-content\/uploads\/2019\/06\/Amazon-300x73.png\" alt=\"\" width=\"300\" height=\"73\" srcset=\"https:\/\/www.chiwava.com\/wp-content\/uploads\/2019\/06\/Amazon-300x73.png 300w, https:\/\/www.chiwava.com\/wp-content\/uploads\/2019\/06\/Amazon.png 364w\" sizes=\"auto, (max-width: 300px) 100vw, 300px\" \/><\/a><\/p>\n<p><span id=\"productTitle\" class=\"a-size-large\">Chiwava Paquete de 4 juguetes para perros peque\u00f1os para perros interactivos Goma de l\u00e1tex Bolas de sonrisa planas Squeeze Squeaky Toy Fetch Play<\/span><\/p>\n<hr \/>\n<p>\u2764 Fabricado con Caucho L\u00e1tex No T\u00f3xico, Criterio de Detecci\u00f3n EU CE EN71 ( Juguetes )<\/p>\n<p>\u2764 Suave, Squeeze Squeak, bola de cara plana, sin relleno.<\/p>\n<p>\u2764 Dogs Interactive Chew Sound y Outdoor Indoor Fetch Play<\/p>\n<p>\u2764 Contiene 4 bolas de colores diferentes, ideal para tirar y tirar.<\/p>\n<p>\u2764 Adecuado para perros peque\u00f1os: menos de 11 kg (24,25 lb)... <span class=\"more-button\"><a href=\"https:\/\/www.chiwava.com\/es\/producto\/dtl19036\/\" class=\"more-link\">Continuar<span class=\"screen-reader-text\">Chiwava - Juego de 4 bolas de goma de l\u00e1tex con sonrisa plana para apretar y chirriar<\/span><\/a><\/span><\/p>","protected":false},"featured_media":1618,"template":"","meta":[],"product_brand":[],"product_cat":[16,286,15],"product_tag":[21,18,20],"class_list":{"0":"post-565","1":"product","2":"type-product","3":"status-publish","4":"has-post-thumbnail","6":"product_cat-dog_toys","7":"product_cat-latex-dog-toys","8":"product_cat-pet_toys","9":"product_tag-latex-dog-toys","10":"product_tag-small-dog-toys","11":"product_tag-squeaky-dog-toys","13":"first","14":"instock","15":"shipping-taxable","16":"product-type-simple"},"_links":{"self":[{"href":"https:\/\/www.chiwava.com\/es\/wp-json\/wp\/v2\/product\/565","targetHints":{"allow":["GET"]}}],"collection":[{"href":"https:\/\/www.chiwava.com\/es\/wp-json\/wp\/v2\/product"}],"about":[{"href":"https:\/\/www.chiwava.com\/es\/wp-json\/wp\/v2\/types\/product"}],"wp:featuredmedia":[{"embeddable":true,"href":"https:\/\/www.chiwava.com\/es\/wp-json\/wp\/v2\/media\/1618"}],"wp:attachment":[{"href":"https:\/\/www.chiwava.com\/es\/wp-json\/wp\/v2\/media?parent=565"}],"wp:term":[{"taxonomy":"product_brand","embeddable":true,"href":"https:\/\/www.chiwava.com\/es\/wp-json\/wp\/v2\/product_brand?post=565"},{"taxonomy":"product_cat","embeddable":true,"href":"https:\/\/www.chiwava.com\/es\/wp-json\/wp\/v2\/product_cat?post=565"},{"taxonomy":"product_tag","embeddable":true,"href":"https:\/\/www.chiwava.com\/es\/wp-json\/wp\/v2\/product_tag?post=565"}],"curies":[{"name":"wp","href":"https:\/\/api.w.org\/{rel}","templated":true}]}}