{"id":537,"date":"2019-09-11T05:55:33","date_gmt":"2019-09-11T05:55:33","guid":{"rendered":"https:\/\/www.chiwava.com\/?post_type=product&#038;p=537"},"modified":"2023-10-08T05:52:36","modified_gmt":"2023-10-08T05:52:36","slug":"ctm12002","status":"publish","type":"product","link":"https:\/\/www.chiwava.com\/es\/producto\/ctm12002\/","title":{"rendered":"Chiwava 4 paquetes de 15 pulgadas de largo suave peluche gato juguetes ratones con sonajero"},"content":{"rendered":"<p>El juego de 4 ratones de peluche largos es una gran oferta si a tu peque\u00f1o le gusta esconder sus juguetes en todas partes. 2 ratones sin campana especialmente fabricados para jugar en silencio. El gato puede atrapar f\u00e1cilmente a los ratones por la noche sin hacer ruido y sin interrumpir su sue\u00f1o. Ideal para juguetes para dormir, ten un compa\u00f1ero cuando duermas. 2 ratones con campana, no te aburrir\u00e1n cuando juegues con tu gato, dise\u00f1o de cola de felpa larga, puedes jugar con una cola o jugar a buscar con tu gatito. Para juegos interactivos e independientes en interiores.<\/p>","protected":false},"excerpt":{"rendered":"<p>Chiwava 4 paquetes de 15 pulgadas de largo, juguetes de peluche para gatos, ratones con sonajero, sonido de crujido, juguete interactivo de actividad de rat\u00f3n peque\u00f1o<\/p>\n<hr \/>\n<ul class=\"a-unordered-list a-vertical a-spacing-none\">\n<li>Hecho de piel de rat\u00f3n de piel sint\u00e9tica peluda y sonido de sonajero de cuerpo de pl\u00e1stico. Criterio de Detecci\u00f3n UE CE EN71 ( Juguetes )<\/li>\n<li>Rustle Sound Tail and Rattle Design, m\u00e1s emoci\u00f3n y diversi\u00f3n<\/li>\n<li>Ideal para cazar, saltar, interactivo, juguete para dormir, interior y jugar.<\/li>\n<li><span class=\"a-list-item\">Tama\u00f1o: Largo: 37 cm\/14,6\u2033, Ancho: 2,5 cm\/1\u2033, Alto: 2,5 cm\/1\u2033; Peso: 8 g\/unidad<\/span><\/li>\n<li><span class=\"a-list-item\">Paquete: 4 paquetes por bolsa de red, peso: 39 g<\/span><\/li>\n<\/ul>\n<p> \u2026 <span class=\"more-button\"><a href=\"https:\/\/www.chiwava.com\/es\/producto\/ctm12002\/\" class=\"more-link\">Continuar<span class=\"screen-reader-text\">Chiwava 4 paquetes de 15 pulgadas de largo suave peluche gato juguetes ratones con sonajero<\/span><\/a><\/span><\/p>","protected":false},"featured_media":75953,"template":"","meta":[],"product_brand":[],"product_cat":[17,15],"product_tag":[45,44,54],"class_list":{"0":"post-537","1":"product","2":"type-product","3":"status-publish","4":"has-post-thumbnail","6":"product_cat-cat_toys","7":"product_cat-pet_toys","8":"product_tag-catnip-cat-toys-mice","9":"product_tag-furry-cat-mice","10":"product_tag-rattle-cat-mice","12":"first","13":"instock","14":"shipping-taxable","15":"product-type-simple"},"_links":{"self":[{"href":"https:\/\/www.chiwava.com\/es\/wp-json\/wp\/v2\/product\/537","targetHints":{"allow":["GET"]}}],"collection":[{"href":"https:\/\/www.chiwava.com\/es\/wp-json\/wp\/v2\/product"}],"about":[{"href":"https:\/\/www.chiwava.com\/es\/wp-json\/wp\/v2\/types\/product"}],"wp:featuredmedia":[{"embeddable":true,"href":"https:\/\/www.chiwava.com\/es\/wp-json\/wp\/v2\/media\/75953"}],"wp:attachment":[{"href":"https:\/\/www.chiwava.com\/es\/wp-json\/wp\/v2\/media?parent=537"}],"wp:term":[{"taxonomy":"product_brand","embeddable":true,"href":"https:\/\/www.chiwava.com\/es\/wp-json\/wp\/v2\/product_brand?post=537"},{"taxonomy":"product_cat","embeddable":true,"href":"https:\/\/www.chiwava.com\/es\/wp-json\/wp\/v2\/product_cat?post=537"},{"taxonomy":"product_tag","embeddable":true,"href":"https:\/\/www.chiwava.com\/es\/wp-json\/wp\/v2\/product_tag?post=537"}],"curies":[{"name":"wp","href":"https:\/\/api.w.org\/{rel}","templated":true}]}}