{"id":2879,"date":"2020-10-19T02:02:06","date_gmt":"2020-10-19T02:02:06","guid":{"rendered":"https:\/\/www.chiwava.com\/?post_type=product&#038;p=2879"},"modified":"2025-10-10T06:46:14","modified_gmt":"2025-10-10T06:46:14","slug":"dtl19040-2-piezas","status":"publish","type":"product","link":"https:\/\/www.chiwava.com\/es\/producto\/dtl19040-2-piezas\/","title":{"rendered":"Chiwava 2 Pack Squeaky Latex Dog Toys Standing Chicken Surtido de colores"},"content":{"rendered":"<p>Chiwava juguetes est\u00e1n hechos de l\u00e1tex natural, pintado a mano con pintura libre de plomo, no t\u00f3xico. Juguete viene en un color azul brillante con cara de pato lindo. Peluche relleno, es agradable al tacto y suave, f\u00e1cil de limpiar. El juguete tiene forma de cuerpo alargado, gracias al caucho puede estirarse y dar tirones sin romperse. Incluye un chirriador que emite un buen sonido al apretarlo. Ideal para juegos interactivos, juguete de b\u00fasqueda en interiores y exteriores, proporciona horas de diversi\u00f3n chirriante. mantiene a los perros ocupados y comprometidos.<\/p>","protected":false},"excerpt":{"rendered":"<p><a href=\"https:\/\/www.chiwava.com\/es\/tienda-de-marca\/\"><img loading=\"lazy\" decoding=\"async\" class=\"alignnone size-medium wp-image-94\" src=\"https:\/\/www.chiwava.com\/wp-content\/uploads\/2019\/06\/Amazon-300x73.png\" alt=\"\" width=\"300\" height=\"73\" srcset=\"https:\/\/www.chiwava.com\/wp-content\/uploads\/2019\/06\/Amazon-300x73.png 300w, https:\/\/www.chiwava.com\/wp-content\/uploads\/2019\/06\/Amazon.png 364w\" sizes=\"auto, (max-width: 300px) 100vw, 300px\" \/><\/a><\/p>\n<p><span style=\"vertical-align: inherit\"><span style=\"vertical-align: inherit\">Chiwava 9.4 pulgadas de l\u00e1tex chirriante Juguetes para perros de pie de pollo Juguete interactivo para perros peque\u00f1os medianos Surtido de colores<\/span><\/span><\/p>\n<hr \/>\n<ul>\n<li><em><span class=\"a-list-item\">Fabricado con caucho de l\u00e1tex no t\u00f3xico,Criterio de detecci\u00f3n UE CE EN71 ( Juguetes ).<\/span><\/em><\/li>\n<li><em><span class=\"a-list-item\">Emite un sonido chirriante al apretarlo, dise\u00f1o de pollo y pato, relleno de felpa.<\/span><\/em><\/li>\n<li><em><span class=\"a-list-item\">Perfecto para entrenar, aliviar el aburrimiento, aliviar el estr\u00e9s y entretener.<\/span><\/em><\/li>\n<li><em><span class=\"a-list-item\">Juguete interactivo y de interior. 2PCS por caja.<\/span><\/em><\/li>\n<li><em><span class=\"a-list-item\">Adecuado para perros medianos y grandes: 10 \uff5e 40 kg (22 \uff5e 88 lb).<\/span><\/em><\/li>\n<\/ul>\n<p> \u2026 <span class=\"more-button\"><a href=\"https:\/\/www.chiwava.com\/es\/producto\/dtl19040-2-piezas\/\" class=\"more-link\">Continuar<span class=\"screen-reader-text\">Chiwava 2 Pack Squeaky Latex Dog Toys Standing Chicken Surtido de colores<\/span><\/a><\/span><\/p>","protected":false},"featured_media":77908,"template":"","meta":[],"product_brand":[],"product_cat":[16,286,15],"product_tag":[20],"class_list":{"0":"post-2879","1":"product","2":"type-product","3":"status-publish","4":"has-post-thumbnail","6":"product_cat-dog_toys","7":"product_cat-latex-dog-toys","8":"product_cat-pet_toys","9":"product_tag-squeaky-dog-toys","11":"first","12":"instock","13":"shipping-taxable","14":"product-type-simple"},"_links":{"self":[{"href":"https:\/\/www.chiwava.com\/es\/wp-json\/wp\/v2\/product\/2879","targetHints":{"allow":["GET"]}}],"collection":[{"href":"https:\/\/www.chiwava.com\/es\/wp-json\/wp\/v2\/product"}],"about":[{"href":"https:\/\/www.chiwava.com\/es\/wp-json\/wp\/v2\/types\/product"}],"wp:featuredmedia":[{"embeddable":true,"href":"https:\/\/www.chiwava.com\/es\/wp-json\/wp\/v2\/media\/77908"}],"wp:attachment":[{"href":"https:\/\/www.chiwava.com\/es\/wp-json\/wp\/v2\/media?parent=2879"}],"wp:term":[{"taxonomy":"product_brand","embeddable":true,"href":"https:\/\/www.chiwava.com\/es\/wp-json\/wp\/v2\/product_brand?post=2879"},{"taxonomy":"product_cat","embeddable":true,"href":"https:\/\/www.chiwava.com\/es\/wp-json\/wp\/v2\/product_cat?post=2879"},{"taxonomy":"product_tag","embeddable":true,"href":"https:\/\/www.chiwava.com\/es\/wp-json\/wp\/v2\/product_tag?post=2879"}],"curies":[{"name":"wp","href":"https:\/\/api.w.org\/{rel}","templated":true}]}}