{"id":283,"date":"2019-06-24T08:39:02","date_gmt":"2019-06-24T08:39:02","guid":{"rendered":"http:\/\/pending.chiwava.com\/?post_type=product&#038;p=283"},"modified":"2026-02-06T08:21:18","modified_gmt":"2026-02-06T08:21:18","slug":"ctm18100-36-piezas","status":"publish","type":"product","link":"https:\/\/www.chiwava.com\/es\/producto\/ctm18100-36-piezas\/","title":{"rendered":"Chiwava - Juego de 36 ratones peque\u00f1os interactivos para gatos con hierba gatera"},"content":{"rendered":"<p>Caja con 36 ratoncitos de colores surtidos. S\u00ed, parece mucho, pero en realidad es una gran oferta para aquellos que est\u00e1n cansados de comprar un rat\u00f3n todas las semanas y tratar de encontrarlo debajo del sof\u00e1 despu\u00e9s de que su peque\u00f1o cazador esconda su trofeo. Puedes imaginar la emoci\u00f3n que se acumula dentro de ellos cada vez que traes estos juguetes para que juegue tu felino. El dise\u00f1o realista de nuestros ratones est\u00e1 hecho de tal manera que estimula los instintos internos de cazador de tu amigo peludo. Estos ratones est\u00e1n hechos de pl\u00e1stico duradero pero liviano, el cuerpo est\u00e1 cubierto con tela peluda, algunos de ellos tienen cuentas en el interior y crean un sonido de sonajero que puede ser m\u00e1s interesante y atractivo para su gato. Se puede utilizar para juegos independientes en interiores, juegos interactivos o juegos de captura.<\/p>","protected":false},"excerpt":{"rendered":"<p><a href=\"https:\/\/www.chiwava.com\/es\/tienda-de-marca\/\"><img loading=\"lazy\" decoding=\"async\" class=\"alignnone size-medium wp-image-94\" src=\"https:\/\/www.chiwava.com\/wp-content\/uploads\/2019\/06\/Amazon-300x73.png\" alt=\"\" width=\"300\" height=\"73\" srcset=\"https:\/\/www.chiwava.com\/wp-content\/uploads\/2019\/06\/Amazon-300x73.png 300w, https:\/\/www.chiwava.com\/wp-content\/uploads\/2019\/06\/Amazon.png 364w\" sizes=\"auto, (max-width: 300px) 100vw, 300px\" \/><\/a><br \/>\nChiwava 36 Pack Peque\u00f1os Juguetes Interactivos para Gatos Ratones con Catnip Rattle Sound Mouse para Gatos de Interior Juego de Gatitos<\/p>\n<hr \/>\n<ul class=\"a-unordered-list a-vertical a-spacing-none\">\n<li><span class=\"a-list-item\">Tejido Furry por fuera y pl\u00e1stico por dentro.<\/span><\/li>\n<li><span class=\"a-list-item\">Catch and Rattle, ideal para juguetes interactivos, trae diversi\u00f3n adicional al entretenimiento de tu mascota.<\/span><\/li>\n<li><span class=\"a-list-item\">Proporcione el inter\u00e9s adicional para mantener a su mascota ocupada mientras comparte el tiempo de juego.<\/span><\/li>\n<li><span class=\"a-list-item\">Tama\u00f1o: Longitud: 4,5 cm\/1,8\u2033, Altura: 2 cm\/0,8\u2033, Cola: 7 cm\/2,7\u2033; Peso: 3 g\/unidad.<\/span><\/li>\n<li><span class=\"a-list-item\">Paquete: 36PCS por caja PDQ (entrega de color al azar); Peso: 133g.<\/span><\/li>\n<\/ul>\n<p> \u2026 <span class=\"more-button\"><a href=\"https:\/\/www.chiwava.com\/es\/producto\/ctm18100-36-piezas\/\" class=\"more-link\">Continuar<span class=\"screen-reader-text\">Chiwava - Juego de 36 ratones peque\u00f1os interactivos para gatos con hierba gatera<\/span><\/a><\/span><\/p>","protected":false},"featured_media":75992,"template":"","meta":[],"product_brand":[],"product_cat":[17,15],"product_tag":[34,25,35],"class_list":{"0":"post-283","1":"product","2":"type-product","3":"status-publish","4":"has-post-thumbnail","6":"product_cat-cat_toys","7":"product_cat-pet_toys","8":"product_tag-cat-toys-for-adult","9":"product_tag-cat-toys-mice","10":"product_tag-catnip-cat-toys","12":"first","13":"instock","14":"shipping-taxable","15":"product-type-simple"},"_links":{"self":[{"href":"https:\/\/www.chiwava.com\/es\/wp-json\/wp\/v2\/product\/283","targetHints":{"allow":["GET"]}}],"collection":[{"href":"https:\/\/www.chiwava.com\/es\/wp-json\/wp\/v2\/product"}],"about":[{"href":"https:\/\/www.chiwava.com\/es\/wp-json\/wp\/v2\/types\/product"}],"wp:featuredmedia":[{"embeddable":true,"href":"https:\/\/www.chiwava.com\/es\/wp-json\/wp\/v2\/media\/75992"}],"wp:attachment":[{"href":"https:\/\/www.chiwava.com\/es\/wp-json\/wp\/v2\/media?parent=283"}],"wp:term":[{"taxonomy":"product_brand","embeddable":true,"href":"https:\/\/www.chiwava.com\/es\/wp-json\/wp\/v2\/product_brand?post=283"},{"taxonomy":"product_cat","embeddable":true,"href":"https:\/\/www.chiwava.com\/es\/wp-json\/wp\/v2\/product_cat?post=283"},{"taxonomy":"product_tag","embeddable":true,"href":"https:\/\/www.chiwava.com\/es\/wp-json\/wp\/v2\/product_tag?post=283"}],"curies":[{"name":"wp","href":"https:\/\/api.w.org\/{rel}","templated":true}]}}