{"id":277,"date":"2019-06-24T08:37:14","date_gmt":"2019-06-24T08:37:14","guid":{"rendered":"http:\/\/pending.chiwava.com\/?post_type=product&#038;p=277"},"modified":"2026-02-06T09:00:17","modified_gmt":"2026-02-06T09:00:17","slug":"ctm18023-ac-24pcs","status":"publish","type":"product","link":"https:\/\/www.chiwava.com\/es\/producto\/ctm18023-ac-24pcs\/","title":{"rendered":"Chiwava - Juego de 24 juguetes para gatos con sonajero de 5.0 in con pluma"},"content":{"rendered":"<p>Caja con 24 ratones arco\u00edris de colores, una gran oferta para aquellos que est\u00e1n cansados de comprar ratones todas las semanas y tratar de encontrarlos debajo del sof\u00e1 despu\u00e9s de que su peque\u00f1o cazador esconda su trofeo. Puedes imaginar la emoci\u00f3n que se acumula dentro de ellos cada vez que traes juguetes para que juegue tu felino. El dise\u00f1o realista de nuestros ratones est\u00e1 hecho de tal manera que estimula los instintos internos de cazador de tu amigo peludo. Nuestros ratones est\u00e1n hechos de pl\u00e1stico duradero pero liviano, con el cuerpo apretado cubierto con una colorida cuerda de arco\u00edris, algunos de ellos tienen cuentas o arena en el interior y crean un sonido de sonajero que puede ser m\u00e1s interesante y atractivo para su gato. La parte m\u00e1s emocionante del rat\u00f3n es una cola de plumas de colores, puedes jugar con ella y divertirte m\u00e1s. Se puede utilizar para juegos independientes en interiores, juegos interactivos o juegos de captura.<\/p>","protected":false},"excerpt":{"rendered":"<p><a href=\"https:\/\/www.chiwava.com\/es\/tienda-de-marca\/\"><img loading=\"lazy\" decoding=\"async\" class=\"alignnone size-medium wp-image-94\" src=\"https:\/\/www.chiwava.com\/wp-content\/uploads\/2019\/06\/Amazon-300x73.png\" alt=\"\" width=\"300\" height=\"73\" srcset=\"https:\/\/www.chiwava.com\/wp-content\/uploads\/2019\/06\/Amazon-300x73.png 300w, https:\/\/www.chiwava.com\/wp-content\/uploads\/2019\/06\/Amazon.png 364w\" sizes=\"auto, (max-width: 300px) 100vw, 300px\" \/><\/a><br \/>\nChiwava 24 Pack 5 Pulgadas Sonajero Gato Juguetes Ratones con Pluma Arco Iris Cuerda Rat\u00f3n Gatito Juguete Interactivo Colores Surtidos<\/p>\n<hr \/>\n<ul class=\"a-unordered-list a-vertical a-spacing-none\">\n<li><span class=\"a-list-item\">Cuerda de color arco\u00edris por fuera y pl\u00e1stico por dentro.<\/span><\/li>\n<li><span class=\"a-list-item\">Rattle Design y Feather Design traer\u00e1n mucha diversi\u00f3n y energ\u00eda a sus mascotas.<\/span><\/li>\n<li><span class=\"a-list-item\">Ideal para juguetes interactivos, proporcionan una salida saludable para los instintos naturales de caza de un gato.<\/span><\/li>\n<li><span class=\"a-list-item\">Tama\u00f1o: Longitud: 4,5 cm\/1,8\u2033, Altura: 1,5 cm\/0,6\u2033; Cola: 8cm\/3.1\u2033. Peso: 3 g\/unidad.<\/span><\/li>\n<li><span class=\"a-list-item\">Paquete: 24PCS por caja PDQ (Entrega de color aleatoria), Peso: 141 g<\/span><\/li>\n<\/ul>\n<p> \u2026 <span class=\"more-button\"><a href=\"https:\/\/www.chiwava.com\/es\/producto\/ctm18023-ac-24pcs\/\" class=\"more-link\">Continuar<span class=\"screen-reader-text\">Chiwava - Juego de 24 juguetes para gatos con sonajero de 5.0 in con pluma<\/span><\/a><\/span><\/p>","protected":false},"featured_media":75997,"template":"","meta":[],"product_brand":[],"product_cat":[17,15],"product_tag":[31,25],"class_list":{"0":"post-277","1":"product","2":"type-product","3":"status-publish","4":"has-post-thumbnail","6":"product_cat-cat_toys","7":"product_cat-pet_toys","8":"product_tag-cat-mice-for-kids","9":"product_tag-cat-toys-mice","11":"first","12":"instock","13":"shipping-taxable","14":"product-type-simple"},"_links":{"self":[{"href":"https:\/\/www.chiwava.com\/es\/wp-json\/wp\/v2\/product\/277","targetHints":{"allow":["GET"]}}],"collection":[{"href":"https:\/\/www.chiwava.com\/es\/wp-json\/wp\/v2\/product"}],"about":[{"href":"https:\/\/www.chiwava.com\/es\/wp-json\/wp\/v2\/types\/product"}],"wp:featuredmedia":[{"embeddable":true,"href":"https:\/\/www.chiwava.com\/es\/wp-json\/wp\/v2\/media\/75997"}],"wp:attachment":[{"href":"https:\/\/www.chiwava.com\/es\/wp-json\/wp\/v2\/media?parent=277"}],"wp:term":[{"taxonomy":"product_brand","embeddable":true,"href":"https:\/\/www.chiwava.com\/es\/wp-json\/wp\/v2\/product_brand?post=277"},{"taxonomy":"product_cat","embeddable":true,"href":"https:\/\/www.chiwava.com\/es\/wp-json\/wp\/v2\/product_cat?post=277"},{"taxonomy":"product_tag","embeddable":true,"href":"https:\/\/www.chiwava.com\/es\/wp-json\/wp\/v2\/product_tag?post=277"}],"curies":[{"name":"wp","href":"https:\/\/api.w.org\/{rel}","templated":true}]}}